{"id":34169,"date":"2025-06-09T14:04:12","date_gmt":"2025-06-09T12:04:12","guid":{"rendered":"https:\/\/gastronova.eu\/zaruka-kvality\/"},"modified":"2025-06-12T12:16:54","modified_gmt":"2025-06-12T10:16:54","slug":"zaruka-kvality","status":"publish","type":"page","link":"https:\/\/gastronova.eu\/cs\/sluzby\/zaruka-kvality\/","title":{"rendered":"Z\u00e1ruka kvality"},"content":{"rendered":"\t\t<div data-elementor-type=\"wp-page\" data-elementor-id=\"34169\" class=\"elementor elementor-34169 elementor-30467\" data-elementor-post-type=\"page\">\n\t\t\t\t<div class=\"wd-negative-gap elementor-element elementor-element-70cdee6 e-flex e-con-boxed e-con e-parent\" data-id=\"70cdee6\" data-element_type=\"container\">\n\t\t\t\t\t<div class=\"e-con-inner\">\n\t\t\t\t<div class=\"elementor-element elementor-element-eb638d5 elementor-widget elementor-widget-heading\" data-id=\"eb638d5\" data-element_type=\"widget\" data-widget_type=\"heading.default\">\n\t\t\t\t<div class=\"elementor-widget-container\">\n\t\t\t\t\t<h2 class=\"elementor-heading-title elementor-size-default\">Certifikace a dodr\u017eov\u00e1n\u00ed norem<\/h2>\t\t\t\t<\/div>\n\t\t\t\t<\/div>\n\t\t\t\t<div class=\"elementor-element elementor-element-fc89fcc elementor-widget elementor-widget-wd_text_block\" data-id=\"fc89fcc\" data-element_type=\"widget\" data-widget_type=\"wd_text_block.default\">\n\t\t\t\t<div class=\"elementor-widget-container\">\n\t\t\t\t\t\t\t<div class=\"wd-text-block reset-last-child text-center\">\n\t\t\t\n\t\t\t<p>Ve spole\u010dnosti Gastronova db\u00e1me na ka\u017ed\u00fd detail - od technick\u00e9ho z\u00e1kladu a\u017e po hygienick\u00e9 normy. Na\u0161e p\u0159\u00edv\u011bsy jsou nejen designov\u011b atraktivn\u00ed, ale tak\u00e9 pln\u011b p\u0159ipraven\u00e9 pro leg\u00e1ln\u00ed a bezpe\u010dn\u00fd provoz v cel\u00e9 Evropsk\u00e9 unii. <\/p>\n\t\t\t\t\t<\/div>\n\t\t\t\t\t\t<\/div>\n\t\t\t\t<\/div>\n\t\t\t\t\t<\/div>\n\t\t\t\t<\/div>\n\t\t<div class=\"wd-negative-gap elementor-element elementor-element-ae16a2f e-grid e-con-boxed e-con e-parent\" data-id=\"ae16a2f\" data-element_type=\"container\">\n\t\t\t\t\t<div class=\"e-con-inner\">\n\t\t\t\t<div class=\"elementor-element elementor-element-d8c9cab elementor-position-left elementor-position-top elementor-vertical-align-top elementor-widget elementor-widget-image-box\" data-id=\"d8c9cab\" data-element_type=\"widget\" data-widget_type=\"image-box.default\">\n\t\t\t\t<div class=\"elementor-widget-container\">\n\t\t\t\t\t<div class=\"elementor-image-box-wrapper\"><figure class=\"elementor-image-box-img\"><img fetchpriority=\"high\" decoding=\"async\" width=\"960\" height=\"960\" src=\"https:\/\/gastronova.eu\/wp-content\/uploads\/2025\/06\/public_35dp_E_FILL0_wght400_GRAD0_opsz40.svg\" class=\"attachment-full size-full wp-image-34043\" alt=\"\"><\/figure><div class=\"elementor-image-box-content\"><h3 class=\"elementor-image-box-title\">Homologace pro celou EU<\/h3><p class=\"elementor-image-box-description\">Ka\u017ed\u00fd p\u0159\u00edv\u011bs je homologov\u00e1n a schv\u00e1len pro provoz na ve\u0159ejn\u00fdch komunikac\u00edch v cel\u00e9 EU, v\u010detn\u011b vlastn\u00edho \u010d\u00edsla VIN. To znamen\u00e1, \u017ee bez probl\u00e9m\u016f projde registrac\u00ed a technickou kontrolou ve v\u0161ech \u010dlensk\u00fdch st\u00e1tech. <\/p><\/div><\/div>\t\t\t\t<\/div>\n\t\t\t\t<\/div>\n\t\t\t\t<div class=\"elementor-element elementor-element-fc59711 elementor-position-left elementor-position-top elementor-vertical-align-top elementor-widget elementor-widget-image-box\" data-id=\"fc59711\" data-element_type=\"widget\" data-widget_type=\"image-box.default\">\n\t\t\t\t<div class=\"elementor-widget-container\">\n\t\t\t\t\t<div class=\"elementor-image-box-wrapper\"><figure class=\"elementor-image-box-img\"><img decoding=\"async\" width=\"960\" height=\"960\" src=\"https:\/\/gastronova.eu\/wp-content\/uploads\/2025\/06\/check_35dp__FILL0_wght400_GRAD0_opsz40.svg\" class=\"attachment-full size-full wp-image-34047\" alt=\"\"><\/figure><div class=\"elementor-image-box-content\"><h3 class=\"elementor-image-box-title\">Dod\u00e1vka s registrac\u00ed (CZ)<\/h3><p class=\"elementor-image-box-description\">Pokud kupujete p\u0159\u00edv\u011bs na Slovensku, o v\u0161e se postar\u00e1me - p\u0159\u00edv\u011bs v\u00e1m p\u0159ed\u00e1me ji\u017e registrovan\u00fd s p\u0159id\u011blenou registra\u010dn\u00ed zna\u010dkou, p\u0159ipraven\u00fd okam\u017eit\u011b vyrazit do ulic. U\u0161et\u0159\u00edte tak \u010das i byrokracii. <\/p><\/div><\/div>\t\t\t\t<\/div>\n\t\t\t\t<\/div>\n\t\t\t\t<div class=\"elementor-element elementor-element-adf7ab1 elementor-position-left elementor-position-top elementor-vertical-align-top elementor-widget elementor-widget-image-box\" data-id=\"adf7ab1\" data-element_type=\"widget\" data-widget_type=\"image-box.default\">\n\t\t\t\t<div class=\"elementor-widget-container\">\n\t\t\t\t\t<div class=\"elementor-image-box-wrapper\"><figure class=\"elementor-image-box-img\"><img decoding=\"async\" width=\"960\" height=\"960\" src=\"https:\/\/gastronova.eu\/wp-content\/uploads\/2025\/06\/settings_35dp_E_FILL0_wght400_GRAD0_opsz40.svg\" class=\"attachment-full size-full wp-image-34051\" alt=\"\"><\/figure><div class=\"elementor-image-box-content\"><h3 class=\"elementor-image-box-title\">Certifikovan\u00fd podvozek AL-KO<\/h3><p class=\"elementor-image-box-description\">Srdcem ka\u017ed\u00e9ho p\u0159\u00edv\u011bsu je kvalitn\u00ed n\u00e1prava a ta\u017en\u00e9 za\u0159\u00edzen\u00ed renomovan\u00e9 zna\u010dky AL-KO - vyroben\u00e9 v Evrop\u011b, testovan\u00e9 v n\u00e1ro\u010dn\u00fdch podm\u00ednk\u00e1ch a proslul\u00e9 svou spolehlivost\u00ed. Samoz\u0159ejmost\u00ed je certifikace. <\/p><\/div><\/div>\t\t\t\t<\/div>\n\t\t\t\t<\/div>\n\t\t\t\t<div class=\"elementor-element elementor-element-856059a elementor-position-left elementor-position-top elementor-vertical-align-top elementor-widget elementor-widget-image-box\" data-id=\"856059a\" data-element_type=\"widget\" data-widget_type=\"image-box.default\">\n\t\t\t\t<div class=\"elementor-widget-container\">\n\t\t\t\t\t<div class=\"elementor-image-box-wrapper\"><figure class=\"elementor-image-box-img\"><img loading=\"lazy\" decoding=\"async\" width=\"960\" height=\"960\" src=\"https:\/\/gastronova.eu\/wp-content\/uploads\/2025\/06\/power_35dp__FILL0_wght400_GRAD0_opsz40.svg\" class=\"attachment-full size-full wp-image-34055\" alt=\"\"><\/figure><div class=\"elementor-image-box-content\"><h3 class=\"elementor-image-box-title\">Elektroinstalace s inspek\u010dn\u00ed zpr\u00e1vou<\/h3><p class=\"elementor-image-box-description\">Bezpe\u010dnost je pro n\u00e1s na prvn\u00edm m\u00edst\u011b. Ka\u017ed\u00fd p\u0159\u00edv\u011bs obsahuje elektroinstalaci v souladu s evropsk\u00fdmi normami (CE) a je dod\u00e1v\u00e1n s revizn\u00ed zpr\u00e1vou autorizovan\u00e9ho technika. Samoz\u0159ejmost\u00ed je kompletn\u00ed LED osv\u011btlen\u00ed, z\u00e1suvky a ji\u0161t\u011bn\u00ed podle p\u0159edpis\u016f SK\/CZ.  <\/p><\/div><\/div>\t\t\t\t<\/div>\n\t\t\t\t<\/div>\n\t\t\t\t<div class=\"elementor-element elementor-element-2e0a700 elementor-position-left elementor-position-top elementor-vertical-align-top elementor-widget elementor-widget-image-box\" data-id=\"2e0a700\" data-element_type=\"widget\" data-widget_type=\"image-box.default\">\n\t\t\t\t<div class=\"elementor-widget-container\">\n\t\t\t\t\t<div class=\"elementor-image-box-wrapper\"><figure class=\"elementor-image-box-img\"><img loading=\"lazy\" decoding=\"async\" width=\"960\" height=\"960\" src=\"https:\/\/gastronova.eu\/wp-content\/uploads\/2025\/06\/health_and_safety_35dp_E_FILL0_wght400_GRAD0_opsz40.svg\" class=\"attachment-full size-full wp-image-34059\" alt=\"\"><\/figure><div class=\"elementor-image-box-content\"><h3 class=\"elementor-image-box-title\">Hygiena a HACCP v interi\u00e9ru<\/h3><p class=\"elementor-image-box-description\">Interi\u00e9r na\u0161ich p\u0159\u00edv\u011bs\u016f je navr\u017een tak, aby spl\u0148oval i ty nejp\u0159\u00edsn\u011bj\u0161\u00ed po\u017eadavky na \u010distotu a hygienu. Pou\u017e\u00edv\u00e1me certifikovan\u00e9 materi\u00e1ly, kter\u00e9 spl\u0148uj\u00ed normy HACCP v \u010cesk\u00e9 republice i na Slovensku - v\u010detn\u011b snadno omyvateln\u00fdch povrch\u016f, bezpe\u010dn\u00fdch spoj\u016f a hygienick\u00e9ho uspo\u0159\u00e1d\u00e1n\u00ed. <\/p><\/div><\/div>\t\t\t\t<\/div>\n\t\t\t\t<\/div>\n\t\t\t\t<div class=\"elementor-element elementor-element-22a5891 elementor-position-left elementor-position-top elementor-vertical-align-top elementor-widget elementor-widget-image-box\" data-id=\"22a5891\" data-element_type=\"widget\" data-widget_type=\"image-box.default\">\n\t\t\t\t<div class=\"elementor-widget-container\">\n\t\t\t\t\t<div class=\"elementor-image-box-wrapper\"><figure class=\"elementor-image-box-img\"><img loading=\"lazy\" decoding=\"async\" width=\"960\" height=\"960\" src=\"https:\/\/gastronova.eu\/wp-content\/uploads\/2025\/06\/construction_35dp__FILL0_wght400_GRAD0_opsz40.svg\" class=\"attachment-full size-full wp-image-34063\" alt=\"\"><\/figure><div class=\"elementor-image-box-content\"><h3 class=\"elementor-image-box-title\">Z\u00e1ruka a servis<\/h3><p class=\"elementor-image-box-description\">Na v\u0161echny p\u0159\u00edv\u011bsy poskytujeme standardn\u00ed z\u00e1ruku podle platn\u00e9 legislativy, ale m\u016f\u017eeme pro v\u00e1s p\u0159ipravit i individu\u00e1ln\u00ed programy prodlou\u017een\u00e9 z\u00e1ruky. Z\u00e1kaznick\u00fd servis a dostupnost n\u00e1hradn\u00edch d\u00edl\u016f jsou pro n\u00e1s samoz\u0159ejmost\u00ed. <\/p><\/div><\/div>\t\t\t\t<\/div>\n\t\t\t\t<\/div>\n\t\t\t\t\t<\/div>\n\t\t\t\t<\/div>\n\t\t<div class=\"wd-negative-gap elementor-element elementor-element-c732afa e-flex e-con-boxed e-con e-parent\" data-id=\"c732afa\" data-element_type=\"container\" data-settings=\"{&quot;background_background&quot;:&quot;classic&quot;}\">\n\t\t\t\t\t<div class=\"e-con-inner\">\n\t\t<div class=\"elementor-element elementor-element-de3bc54 e-con-full e-flex e-con e-child\" data-id=\"de3bc54\" data-element_type=\"container\">\n\t\t\t\t<div class=\"elementor-element elementor-element-5876010 elementor-widget elementor-widget-wd_popup\" data-id=\"5876010\" data-element_type=\"widget\" data-widget_type=\"wd_popup.default\">\n\t\t\t\t<div class=\"elementor-widget-container\">\n\t\t\t\t\t\t\t\t\t<div class=\"wd-button-wrapper text-right\" >\n\t\t\t<a class=\"btn btn-style-default btn-shape-semi-round btn-size-large wd-open-popup btn-color-black btn-icon-pos-right\"  href=\"#popup-682d962ce1a35\">\n\t\t\t\t<span class=\"wd-btn-text\" data-elementor-setting-key=\"text\">\n\t\t\t\t\tOdeslat popt\u00e1vku\t\t\t\t<\/span>\n\n\t\t\t\t\t\t\t<\/a>\n\t\t<\/div>\n\t\t\t\t\t\t\t<div id=\"popup-682d962ce1a35\" class=\"wd-popup wd-popup-element wd-entry-content mfp-hide\" style=\"--wd-popup-width:800px;\">\n\t\t\t\t\t\t\t<link rel=\"stylesheet\" id=\"elementor-post-34621-css\" href=\"https:\/\/gastronova.eu\/wp-content\/uploads\/elementor\/css\/post-34621.css?ver=1777238017\" type=\"text\/css\" media=\"all\">\n\t\t\t\t\t<div data-elementor-type=\"wp-post\" data-elementor-id=\"34621\" class=\"elementor elementor-34621 elementor-28781\" data-elementor-post-type=\"cms_block\">\n\t\t\t\t<div class=\"wd-negative-gap elementor-element elementor-element-c1a578e e-flex e-con-boxed e-con e-parent\" data-id=\"c1a578e\" data-element_type=\"container\">\n\t\t\t\t\t<div class=\"e-con-inner\">\n\t\t\t\t<div class=\"elementor-element elementor-element-a28c419 elementor-widget elementor-widget-shortcode\" data-id=\"a28c419\" data-element_type=\"widget\" data-widget_type=\"shortcode.default\">\n\t\t\t\t<div class=\"elementor-widget-container\">\n\t\t\t\t\t\t\t<div class=\"elementor-shortcode\"><div class=\"forminator-ui forminator-custom-form forminator-custom-form-36158 forminator-design--material  forminator_ajax\" data-forminator-render=\"0\" data-form=\"forminator-module-36158\" data-uid=\"69ef3757ecb00\"><br\/><\/div><form\n\t\t\t\tid=\"forminator-module-36158\"\n\t\t\t\tclass=\"forminator-ui forminator-custom-form forminator-custom-form-36158 forminator-design--material  forminator_ajax\"\n\t\t\t\tmethod=\"post\"\n\t\t\t\tdata-forminator-render=\"0\"\n\t\t\t\tdata-form-id=\"36158\"\n\t\t\t\t\n\t\t\t\tdata-design=\"material\"\n\t\t\t\tdata-color-option=\"theme\"\n\t\t\t\t\n\t\t\t\t\n\t\t\t\t\n\t\t\t\tdata-grid=\"open\"\n\t\t\t\t\n\t\t\t\t\n\t\t\t\tstyle=\"display: none;\"\n\t\t\t\t\n\t\t\t\tdata-uid=\"69ef3757ecb00\"\n\t\t\t><div role=\"alert\" aria-live=\"polite\" class=\"forminator-response-message forminator-error\" aria-hidden=\"true\"><\/div><div class=\"forminator-row\"><div id=\"name-1\" class=\"forminator-field-name forminator-col forminator-col-6 \"><div class=\"forminator-field\"><label for=\"forminator-field-name-1_69ef3757ecb00\" id=\"forminator-field-name-1_69ef3757ecb00-label\" class=\"forminator-label\">Jm\u00e9no <span class=\"forminator-required\">*<\/span><\/label><input type=\"text\" name=\"name-1\" value=\"\" placeholder=\"\" id=\"forminator-field-name-1_69ef3757ecb00\" class=\"forminator-input forminator-name--field\" aria-required=\"true\" \/><\/div><\/div><div id=\"name-2\" class=\"forminator-field-name forminator-col forminator-col-6 \"><div class=\"forminator-field\"><label for=\"forminator-field-name-2_69ef3757ecb00\" id=\"forminator-field-name-2_69ef3757ecb00-label\" class=\"forminator-label\">P\u0159\u00edjmen\u00ed <span class=\"forminator-required\">*<\/span><\/label><input type=\"text\" name=\"name-2\" value=\"\" placeholder=\"\" id=\"forminator-field-name-2_69ef3757ecb00\" class=\"forminator-input forminator-name--field\" aria-required=\"true\" \/><\/div><\/div><\/div><div class=\"forminator-row\"><div id=\"text-1\" class=\"forminator-field-text forminator-col forminator-col-12 \"><div class=\"forminator-field\"><label for=\"forminator-field-text-1_69ef3757ecb00\" id=\"forminator-field-text-1_69ef3757ecb00-label\" class=\"forminator-label\">Zem\u011b<\/label><input type=\"text\" name=\"text-1\" value=\"\" placeholder=\"Zem\u011b\" id=\"forminator-field-text-1_69ef3757ecb00\" class=\"forminator-input forminator-name--field\" data-required=\"\" \/><\/div><\/div><\/div><div class=\"forminator-row\"><div id=\"phone-1\" class=\"forminator-field-phone forminator-col forminator-col-12 \"><div class=\"forminator-field\"><label for=\"forminator-field-phone-1_69ef3757ecb00\" id=\"forminator-field-phone-1_69ef3757ecb00-label\" class=\"forminator-label\">Telefon <span class=\"forminator-required\">*<\/span><\/label><input type=\"text\" name=\"phone-1\" value=\"\" placeholder=\"\" id=\"forminator-field-phone-1_69ef3757ecb00\" class=\"forminator-input forminator-field--phone\" data-required=\"1\" aria-required=\"true\" autocomplete=\"off\" \/><\/div><\/div><\/div><div class=\"forminator-row\"><div id=\"email-1\" class=\"forminator-field-email forminator-col forminator-col-12 \"><div class=\"forminator-field\"><label for=\"forminator-field-email-1_69ef3757ecb00\" id=\"forminator-field-email-1_69ef3757ecb00-label\" class=\"forminator-label\">Email <span class=\"forminator-required\">*<\/span><\/label><input type=\"email\" name=\"email-1\" value=\"\" placeholder=\"\" id=\"forminator-field-email-1_69ef3757ecb00\" class=\"forminator-input forminator-email--field\" data-required=\"true\" aria-required=\"true\" \/><\/div><\/div><\/div><div class=\"forminator-row\"><div id=\"radio-1\" class=\"forminator-field-radio forminator-col forminator-col-12 \"><div role=\"radiogroup\" class=\"forminator-field\" aria-labelledby=\"forminator-radiogroup-radio-1-69ef3757ecb00-label\"><span id=\"forminator-radiogroup-radio-1-69ef3757ecb00-label\" class=\"forminator-label\">Model<\/span><label id=\"forminator-field-radio-1-label-1\" for=\"forminator-field-radio-1-1-69ef3757ecb00\" class=\"forminator-radio forminator-has_image forminator-radio-inline\" title=\"Airstream\"><input type=\"radio\" name=\"radio-1\" value=\"Airstream\" id=\"forminator-field-radio-1-1-69ef3757ecb00\" aria-labelledby=\"forminator-field-radio-1-label-1\" data-calculation=\"0\"   data-hidden-behavior=\"zero\"\/><span class=\"forminator-radio-image\" aria-hidden=\"true\"><span style=\"background-image: url(http:\/\/gastronova.eu\/wp-content\/uploads\/2025\/06\/Airstream.jpg);\"><\/span><\/span><span class=\"forminator-screen-reader-only\">Airstream<\/span><\/label><label id=\"forminator-field-radio-1-label-2\" for=\"forminator-field-radio-1-2-69ef3757ecb00\" class=\"forminator-radio forminator-has_image forminator-radio-inline\" title=\"Box\"><input type=\"radio\" name=\"radio-1\" value=\"Box\" id=\"forminator-field-radio-1-2-69ef3757ecb00\" aria-labelledby=\"forminator-field-radio-1-label-2\" data-calculation=\"0\"   data-hidden-behavior=\"zero\"\/><span class=\"forminator-radio-image\" aria-hidden=\"true\"><span style=\"background-image: url(http:\/\/gastronova.eu\/wp-content\/uploads\/2025\/06\/Box.jpg);\"><\/span><\/span><span class=\"forminator-screen-reader-only\">Box<\/span><\/label><label id=\"forminator-field-radio-1-label-3\" for=\"forminator-field-radio-1-3-69ef3757ecb00\" class=\"forminator-radio forminator-has_image forminator-radio-inline\" title=\"Rounder\"><input type=\"radio\" name=\"radio-1\" value=\"Rounder\" id=\"forminator-field-radio-1-3-69ef3757ecb00\" aria-labelledby=\"forminator-field-radio-1-label-3\" data-calculation=\"0\"   data-hidden-behavior=\"zero\"\/><span class=\"forminator-radio-image\" aria-hidden=\"true\"><span style=\"background-image: url(http:\/\/gastronova.eu\/wp-content\/uploads\/2025\/06\/Rounder.jpg);\"><\/span><\/span><span class=\"forminator-screen-reader-only\">Rounder<\/span><\/label><\/div><\/div><\/div><div class=\"forminator-row\"><div id=\"select-3\" class=\"forminator-field-select forminator-col forminator-col-12 \"><div class=\"forminator-field\"><label for=\"forminator-form-36158__field--select-3_69ef3757ecb00\" id=\"forminator-form-36158__field--select-3_69ef3757ecb00-label\" class=\"forminator-label\">Rozm\u011br Airstream<\/label><select  id=\"forminator-form-36158__field--select-3_69ef3757ecb00\" class=\"forminator-select--field forminator-select2 forminator-select2-multiple\" data-required=\"\" name=\"select-3\" data-default-value=\"\" data-hidden-behavior=\"zero\" data-placeholder=\"Rozm\u011br Airstream\" data-search=\"false\" data-search-placeholder=\"Rozm\u011br Airstream\" data-checkbox=\"false\" data-allow-clear=\"false\" aria-labelledby=\"forminator-form-36158__field--select-3_69ef3757ecb00-label\"><option value=\"\"  >Rozm\u011br Airstream<\/option><option value=\"one\"  data-calculation=\"0\">Compact 300 - 400 cm<\/option><option value=\"two\"  data-calculation=\"0\">Medium 450 - 650 cm<\/option><option value=\"Ultra\"  data-calculation=\"0\">Ultra 680 - 1180 cm<\/option><\/select><\/div><\/div><\/div><div class=\"forminator-row\"><div id=\"select-4\" class=\"forminator-field-select forminator-col forminator-col-12 \"><div class=\"forminator-field\"><label for=\"forminator-form-36158__field--select-4_69ef3757ecb00\" id=\"forminator-form-36158__field--select-4_69ef3757ecb00-label\" class=\"forminator-label\">Rozm\u011br Box<\/label><select  id=\"forminator-form-36158__field--select-4_69ef3757ecb00\" class=\"forminator-select--field forminator-select2 forminator-select2-multiple\" data-required=\"\" name=\"select-4\" data-default-value=\"\" data-hidden-behavior=\"zero\" data-placeholder=\"Rozm\u011br Box\" data-search=\"false\" data-search-placeholder=\"Rozm\u011br Box\" data-checkbox=\"false\" data-allow-clear=\"false\" aria-labelledby=\"forminator-form-36158__field--select-4_69ef3757ecb00-label\"><option value=\"\"  >Rozm\u011br Box<\/option><option value=\"one\"  data-calculation=\"0\">Compact 300 - 400 cm<\/option><option value=\"Medium---650-cm\"  data-calculation=\"0\">Medium 450 - 650 cm<\/option><option value=\"Ultra---880\"  data-calculation=\"0\">Ultra 680 - 880 cm<\/option><\/select><\/div><\/div><\/div><div class=\"forminator-row\"><div id=\"select-5\" class=\"forminator-field-select forminator-col forminator-col-12 \"><div class=\"forminator-field\"><label for=\"forminator-form-36158__field--select-5_69ef3757ecb00\" id=\"forminator-form-36158__field--select-5_69ef3757ecb00-label\" class=\"forminator-label\">Rozm\u011br Rounder<\/label><select  id=\"forminator-form-36158__field--select-5_69ef3757ecb00\" class=\"forminator-select--field forminator-select2 forminator-select2-multiple\" data-required=\"\" name=\"select-5\" data-default-value=\"\" data-hidden-behavior=\"zero\" data-placeholder=\"Rozm\u011br Rounder\" data-search=\"false\" data-search-placeholder=\"Rozm\u011br Rounder\" data-checkbox=\"false\" data-allow-clear=\"false\" aria-labelledby=\"forminator-form-36158__field--select-5_69ef3757ecb00-label\"><option value=\"\"  >Rozm\u011br Rounder<\/option><option value=\"one\"  data-calculation=\"0\">Compact 230 - 400 cm<\/option><option value=\"two\"  data-calculation=\"0\">Medium 450 - 500 cm<\/option><\/select><\/div><\/div><\/div><div class=\"forminator-row\"><div id=\"textarea-1\" class=\"forminator-field-textarea forminator-col forminator-col-12 \"><div class=\"forminator-field\"><span id=\"forminator-field-textarea-1_69ef3757ecb00-description\" class=\"forminator-description\"><span data-limit=\"180\" data-type=\"characters\" data-editor=\"\">0 \/ 180<\/span><\/span><textarea name=\"textarea-1\" placeholder=\"Zde n\u00e1m m\u016f\u017eete napsat v\u00edce o va\u0161em z\u00e1m\u011bru \u2013 jak\u00fd koncept m\u00e1te na mysli, zda ji\u017e m\u00e1te existuj\u00edc\u00ed provozovnu a zda v\u00e1s zaj\u00edm\u00e1 i mo\u017enost financov\u00e1n\u00ed.\" id=\"forminator-field-textarea-1_69ef3757ecb00\" class=\"forminator-textarea\" rows=\"6\" style=\"min-height:140px;\" maxlength=\"180\" ><\/textarea><\/div><\/div><\/div><div class=\"forminator-row\"><div id=\"text-2\" class=\"forminator-field-text forminator-col forminator-col-12 \"><div class=\"forminator-field\"><label for=\"forminator-field-text-2_69ef3757ecb00\" id=\"forminator-field-text-2_69ef3757ecb00-label\" class=\"forminator-label\">Slevov\u00fd k\u00f3d<\/label><input type=\"text\" name=\"text-2\" value=\"Vlo\u017e slevov\u00fd k\u00f3d\" placeholder=\"\" id=\"forminator-field-text-2_69ef3757ecb00\" class=\"forminator-input forminator-name--field\" data-required=\"\" \/><\/div><\/div><\/div><div class=\"forminator-row forminator-hidden\"><input type=\"hidden\" id=\"hidden-1_69ef3757ecb00\" name=\"hidden-1\" value=\"\" \/><\/div><input type=\"hidden\" name=\"referer_url\" value=\"\" \/><div class=\"forminator-row forminator-row-last\"><div class=\"forminator-col\"><div class=\"forminator-field\"><button class=\"forminator-button forminator-button-submit button-forminator\"><span>Odeslat<\/span><span aria-hidden=\"true\"><\/span><\/button><\/div><\/div><\/div><input type=\"hidden\" id=\"forminator_nonce\" name=\"forminator_nonce\" value=\"2280192b15\" \/><input type=\"hidden\" name=\"_wp_http_referer\" value=\"\/cs\/wp-json\/wp\/v2\/pages\/34169\" \/><input type=\"hidden\" name=\"form_id\" value=\"36158\"><input type=\"hidden\" name=\"page_id\" value=\"34169\"><input type=\"hidden\" name=\"form_type\" value=\"default\"><input type=\"hidden\" name=\"current_url\" value=\"https:\/\/gastronova.eu\/cs\/sluzby\/zaruka-kvality\/\"><input type=\"hidden\" name=\"render_id\" value=\"0\"><input type=\"hidden\" name=\"action\" value=\"forminator_submit_form_custom-forms\"><\/form><\/div>\n\t\t\t\t\t\t<\/div>\n\t\t\t\t<\/div>\n\t\t\t\t\t<\/div>\n\t\t\t\t<\/div>\n\t\t\t\t<\/div>\n\t\t\t\t\t<\/div>\n\t\t\t\t\t\t\t\t<\/div>\n\t\t\t\t<\/div>\n\t\t\t\t<\/div>\n\t\t<div class=\"elementor-element elementor-element-7f3136d e-con-full e-flex e-con e-child\" data-id=\"7f3136d\" data-element_type=\"container\">\n\t\t\t\t<div class=\"elementor-element elementor-element-a3fa31f elementor-widget__width-initial elementor-widget elementor-widget-heading\" data-id=\"a3fa31f\" data-element_type=\"widget\" data-widget_type=\"heading.default\">\n\t\t\t\t<div class=\"elementor-widget-container\">\n\t\t\t\t\t<h2 class=\"elementor-heading-title elementor-size-default\">Z\u00edskejte individu\u00e1ln\u00ed n\u00e1vrh a cenovou nab\u00eddku do 48 hodin<\/h2>\t\t\t\t<\/div>\n\t\t\t\t<\/div>\n\t\t\t\t<div class=\"elementor-element elementor-element-17a6304 color-scheme-inherit text-left elementor-widget elementor-widget-text-editor\" data-id=\"17a6304\" data-element_type=\"widget\" data-widget_type=\"text-editor.default\">\n\t\t\t\t<div class=\"elementor-widget-container\">\n\t\t\t\t\t\t\t\t\t<p>Odli\u0161te se od konkurence! Vytvo\u0159\u00edme pro v\u00e1s food truck a gastro pr\u00edves s origin\u00e1ln\u00edm designem a prvky na m\u00edru va\u0161emu gastronomick\u00e9mu snu.   <\/p>\t\t\t\t\t\t\t\t<\/div>\n\t\t\t\t<\/div>\n\t\t\t\t<\/div>\n\t\t\t\t\t<\/div>\n\t\t\t\t<\/div>\n\t\t\t\t<\/div>\n\t\t","protected":false},"excerpt":{"rendered":"<p>Certifikace a dodr\u017eov\u00e1n\u00ed norem Ve spole\u010dnosti Gastronova db\u00e1me na ka\u017ed\u00fd detail &#8211; od technick\u00e9ho z\u00e1kladu a\u017e po hygienick\u00e9 normy. Na\u0161e<\/p>\n","protected":false},"author":1,"featured_media":0,"parent":34243,"menu_order":0,"comment_status":"closed","ping_status":"closed","template":"","meta":{"footnotes":""},"class_list":["post-34169","page","type-page","status-publish","hentry"],"_links":{"self":[{"href":"https:\/\/gastronova.eu\/cs\/wp-json\/wp\/v2\/pages\/34169","targetHints":{"allow":["GET"]}}],"collection":[{"href":"https:\/\/gastronova.eu\/cs\/wp-json\/wp\/v2\/pages"}],"about":[{"href":"https:\/\/gastronova.eu\/cs\/wp-json\/wp\/v2\/types\/page"}],"author":[{"embeddable":true,"href":"https:\/\/gastronova.eu\/cs\/wp-json\/wp\/v2\/users\/1"}],"replies":[{"embeddable":true,"href":"https:\/\/gastronova.eu\/cs\/wp-json\/wp\/v2\/comments?post=34169"}],"version-history":[{"count":1,"href":"https:\/\/gastronova.eu\/cs\/wp-json\/wp\/v2\/pages\/34169\/revisions"}],"predecessor-version":[{"id":34171,"href":"https:\/\/gastronova.eu\/cs\/wp-json\/wp\/v2\/pages\/34169\/revisions\/34171"}],"up":[{"embeddable":true,"href":"https:\/\/gastronova.eu\/cs\/wp-json\/wp\/v2\/pages\/34243"}],"wp:attachment":[{"href":"https:\/\/gastronova.eu\/cs\/wp-json\/wp\/v2\/media?parent=34169"}],"curies":[{"name":"wp","href":"https:\/\/api.w.org\/{rel}","templated":true}]}}