{"id":34971,"date":"2025-06-10T09:55:22","date_gmt":"2025-06-10T07:55:22","guid":{"rendered":"https:\/\/gastronova.eu\/poptavka\/"},"modified":"2025-06-16T13:19:16","modified_gmt":"2025-06-16T11:19:16","slug":"poptavka","status":"publish","type":"page","link":"https:\/\/gastronova.eu\/cs\/poptavka\/","title":{"rendered":"Popt\u00e1vka"},"content":{"rendered":"\t\t<div data-elementor-type=\"wp-page\" data-elementor-id=\"34971\" class=\"elementor elementor-34971 elementor-30648\" data-elementor-post-type=\"page\">\n\t\t\t\t<div class=\"wd-negative-gap elementor-element elementor-element-ebc9cc5 e-flex e-con-boxed e-con e-parent\" data-id=\"ebc9cc5\" data-element_type=\"container\">\n\t\t\t\t\t<div class=\"e-con-inner\">\n\t\t\t\t<div class=\"elementor-element elementor-element-31717f6 elementor-widget elementor-widget-shortcode\" data-id=\"31717f6\" data-element_type=\"widget\" data-widget_type=\"shortcode.default\">\n\t\t\t\t<div class=\"elementor-widget-container\">\n\t\t\t\t\t\t\t<div class=\"elementor-shortcode\"><div class=\"forminator-ui forminator-custom-form forminator-custom-form-36158 forminator-design--material  forminator_ajax\" data-forminator-render=\"0\" data-form=\"forminator-module-36158\" data-uid=\"69f39d01b158e\"><br\/><\/div><form\n\t\t\t\tid=\"forminator-module-36158\"\n\t\t\t\tclass=\"forminator-ui forminator-custom-form forminator-custom-form-36158 forminator-design--material  forminator_ajax\"\n\t\t\t\tmethod=\"post\"\n\t\t\t\tdata-forminator-render=\"0\"\n\t\t\t\tdata-form-id=\"36158\"\n\t\t\t\t\n\t\t\t\tdata-design=\"material\"\n\t\t\t\tdata-color-option=\"theme\"\n\t\t\t\t\n\t\t\t\t\n\t\t\t\t\n\t\t\t\tdata-grid=\"open\"\n\t\t\t\t\n\t\t\t\t\n\t\t\t\tstyle=\"display: none;\"\n\t\t\t\t\n\t\t\t\tdata-uid=\"69f39d01b158e\"\n\t\t\t><div role=\"alert\" aria-live=\"polite\" class=\"forminator-response-message forminator-error\" aria-hidden=\"true\"><\/div><div class=\"forminator-row\"><div id=\"name-1\" class=\"forminator-field-name forminator-col forminator-col-6 \"><div class=\"forminator-field\"><label for=\"forminator-field-name-1_69f39d01b158e\" id=\"forminator-field-name-1_69f39d01b158e-label\" class=\"forminator-label\">Jm\u00e9no <span class=\"forminator-required\">*<\/span><\/label><input type=\"text\" name=\"name-1\" value=\"\" placeholder=\"\" id=\"forminator-field-name-1_69f39d01b158e\" class=\"forminator-input forminator-name--field\" aria-required=\"true\" \/><\/div><\/div><div id=\"name-2\" class=\"forminator-field-name forminator-col forminator-col-6 \"><div class=\"forminator-field\"><label for=\"forminator-field-name-2_69f39d01b158e\" id=\"forminator-field-name-2_69f39d01b158e-label\" class=\"forminator-label\">P\u0159\u00edjmen\u00ed <span class=\"forminator-required\">*<\/span><\/label><input type=\"text\" name=\"name-2\" value=\"\" placeholder=\"\" id=\"forminator-field-name-2_69f39d01b158e\" class=\"forminator-input forminator-name--field\" aria-required=\"true\" \/><\/div><\/div><\/div><div class=\"forminator-row\"><div id=\"text-1\" class=\"forminator-field-text forminator-col forminator-col-12 \"><div class=\"forminator-field\"><label for=\"forminator-field-text-1_69f39d01b158e\" id=\"forminator-field-text-1_69f39d01b158e-label\" class=\"forminator-label\">Zem\u011b<\/label><input type=\"text\" name=\"text-1\" value=\"\" placeholder=\"Zem\u011b\" id=\"forminator-field-text-1_69f39d01b158e\" class=\"forminator-input forminator-name--field\" data-required=\"\" \/><\/div><\/div><\/div><div class=\"forminator-row\"><div id=\"phone-1\" class=\"forminator-field-phone forminator-col forminator-col-12 \"><div class=\"forminator-field\"><label for=\"forminator-field-phone-1_69f39d01b158e\" id=\"forminator-field-phone-1_69f39d01b158e-label\" class=\"forminator-label\">Telefon <span class=\"forminator-required\">*<\/span><\/label><input type=\"text\" name=\"phone-1\" value=\"\" placeholder=\"\" id=\"forminator-field-phone-1_69f39d01b158e\" class=\"forminator-input forminator-field--phone\" data-required=\"1\" aria-required=\"true\" autocomplete=\"off\" \/><\/div><\/div><\/div><div class=\"forminator-row\"><div id=\"email-1\" class=\"forminator-field-email forminator-col forminator-col-12 \"><div class=\"forminator-field\"><label for=\"forminator-field-email-1_69f39d01b158e\" id=\"forminator-field-email-1_69f39d01b158e-label\" class=\"forminator-label\">Email <span class=\"forminator-required\">*<\/span><\/label><input type=\"email\" name=\"email-1\" value=\"\" placeholder=\"\" id=\"forminator-field-email-1_69f39d01b158e\" class=\"forminator-input forminator-email--field\" data-required=\"true\" aria-required=\"true\" \/><\/div><\/div><\/div><div class=\"forminator-row\"><div id=\"radio-1\" class=\"forminator-field-radio forminator-col forminator-col-12 \"><div role=\"radiogroup\" class=\"forminator-field\" aria-labelledby=\"forminator-radiogroup-radio-1-69f39d01b158e-label\"><span id=\"forminator-radiogroup-radio-1-69f39d01b158e-label\" class=\"forminator-label\">Model<\/span><label id=\"forminator-field-radio-1-label-1\" for=\"forminator-field-radio-1-1-69f39d01b158e\" class=\"forminator-radio forminator-has_image forminator-radio-inline\" title=\"Airstream\"><input type=\"radio\" name=\"radio-1\" value=\"Airstream\" id=\"forminator-field-radio-1-1-69f39d01b158e\" aria-labelledby=\"forminator-field-radio-1-label-1\" data-calculation=\"0\"   data-hidden-behavior=\"zero\"\/><span class=\"forminator-radio-image\" aria-hidden=\"true\"><span style=\"background-image: url(http:\/\/gastronova.eu\/wp-content\/uploads\/2025\/06\/Airstream.jpg);\"><\/span><\/span><span class=\"forminator-screen-reader-only\">Airstream<\/span><\/label><label id=\"forminator-field-radio-1-label-2\" for=\"forminator-field-radio-1-2-69f39d01b158e\" class=\"forminator-radio forminator-has_image forminator-radio-inline\" title=\"Box\"><input type=\"radio\" name=\"radio-1\" value=\"Box\" id=\"forminator-field-radio-1-2-69f39d01b158e\" aria-labelledby=\"forminator-field-radio-1-label-2\" data-calculation=\"0\"   data-hidden-behavior=\"zero\"\/><span class=\"forminator-radio-image\" aria-hidden=\"true\"><span style=\"background-image: url(http:\/\/gastronova.eu\/wp-content\/uploads\/2025\/06\/Box.jpg);\"><\/span><\/span><span class=\"forminator-screen-reader-only\">Box<\/span><\/label><label id=\"forminator-field-radio-1-label-3\" for=\"forminator-field-radio-1-3-69f39d01b158e\" class=\"forminator-radio forminator-has_image forminator-radio-inline\" title=\"Rounder\"><input type=\"radio\" name=\"radio-1\" value=\"Rounder\" id=\"forminator-field-radio-1-3-69f39d01b158e\" aria-labelledby=\"forminator-field-radio-1-label-3\" data-calculation=\"0\"   data-hidden-behavior=\"zero\"\/><span class=\"forminator-radio-image\" aria-hidden=\"true\"><span style=\"background-image: url(http:\/\/gastronova.eu\/wp-content\/uploads\/2025\/06\/Rounder.jpg);\"><\/span><\/span><span class=\"forminator-screen-reader-only\">Rounder<\/span><\/label><\/div><\/div><\/div><div class=\"forminator-row\"><div id=\"select-3\" class=\"forminator-field-select forminator-col forminator-col-12 \"><div class=\"forminator-field\"><label for=\"forminator-form-36158__field--select-3_69f39d01b158e\" id=\"forminator-form-36158__field--select-3_69f39d01b158e-label\" class=\"forminator-label\">Rozm\u011br Airstream<\/label><select  id=\"forminator-form-36158__field--select-3_69f39d01b158e\" class=\"forminator-select--field forminator-select2 forminator-select2-multiple\" data-required=\"\" name=\"select-3\" data-default-value=\"\" data-hidden-behavior=\"zero\" data-placeholder=\"Rozm\u011br Airstream\" data-search=\"false\" data-search-placeholder=\"Rozm\u011br Airstream\" data-checkbox=\"false\" data-allow-clear=\"false\" aria-labelledby=\"forminator-form-36158__field--select-3_69f39d01b158e-label\"><option value=\"\"  >Rozm\u011br Airstream<\/option><option value=\"one\"  data-calculation=\"0\">Compact 300 - 400 cm<\/option><option value=\"two\"  data-calculation=\"0\">Medium 450 - 650 cm<\/option><option value=\"Ultra\"  data-calculation=\"0\">Ultra 680 - 1180 cm<\/option><\/select><\/div><\/div><\/div><div class=\"forminator-row\"><div id=\"select-4\" class=\"forminator-field-select forminator-col forminator-col-12 \"><div class=\"forminator-field\"><label for=\"forminator-form-36158__field--select-4_69f39d01b158e\" id=\"forminator-form-36158__field--select-4_69f39d01b158e-label\" class=\"forminator-label\">Rozm\u011br Box<\/label><select  id=\"forminator-form-36158__field--select-4_69f39d01b158e\" class=\"forminator-select--field forminator-select2 forminator-select2-multiple\" data-required=\"\" name=\"select-4\" data-default-value=\"\" data-hidden-behavior=\"zero\" data-placeholder=\"Rozm\u011br Box\" data-search=\"false\" data-search-placeholder=\"Rozm\u011br Box\" data-checkbox=\"false\" data-allow-clear=\"false\" aria-labelledby=\"forminator-form-36158__field--select-4_69f39d01b158e-label\"><option value=\"\"  >Rozm\u011br Box<\/option><option value=\"one\"  data-calculation=\"0\">Compact 300 - 400 cm<\/option><option value=\"Medium---650-cm\"  data-calculation=\"0\">Medium 450 - 650 cm<\/option><option value=\"Ultra---880\"  data-calculation=\"0\">Ultra 680 - 880 cm<\/option><\/select><\/div><\/div><\/div><div class=\"forminator-row\"><div id=\"select-5\" class=\"forminator-field-select forminator-col forminator-col-12 \"><div class=\"forminator-field\"><label for=\"forminator-form-36158__field--select-5_69f39d01b158e\" id=\"forminator-form-36158__field--select-5_69f39d01b158e-label\" class=\"forminator-label\">Rozm\u011br Rounder<\/label><select  id=\"forminator-form-36158__field--select-5_69f39d01b158e\" class=\"forminator-select--field forminator-select2 forminator-select2-multiple\" data-required=\"\" name=\"select-5\" data-default-value=\"\" data-hidden-behavior=\"zero\" data-placeholder=\"Rozm\u011br Rounder\" data-search=\"false\" data-search-placeholder=\"Rozm\u011br Rounder\" data-checkbox=\"false\" data-allow-clear=\"false\" aria-labelledby=\"forminator-form-36158__field--select-5_69f39d01b158e-label\"><option value=\"\"  >Rozm\u011br Rounder<\/option><option value=\"one\"  data-calculation=\"0\">Compact 230 - 400 cm<\/option><option value=\"two\"  data-calculation=\"0\">Medium 450 - 500 cm<\/option><\/select><\/div><\/div><\/div><div class=\"forminator-row\"><div id=\"textarea-1\" class=\"forminator-field-textarea forminator-col forminator-col-12 \"><div class=\"forminator-field\"><span id=\"forminator-field-textarea-1_69f39d01b158e-description\" class=\"forminator-description\"><span data-limit=\"180\" data-type=\"characters\" data-editor=\"\">0 \/ 180<\/span><\/span><textarea name=\"textarea-1\" placeholder=\"Zde n\u00e1m m\u016f\u017eete napsat v\u00edce o va\u0161em z\u00e1m\u011bru \u2013 jak\u00fd koncept m\u00e1te na mysli, zda ji\u017e m\u00e1te existuj\u00edc\u00ed provozovnu a zda v\u00e1s zaj\u00edm\u00e1 i mo\u017enost financov\u00e1n\u00ed.\" id=\"forminator-field-textarea-1_69f39d01b158e\" class=\"forminator-textarea\" rows=\"6\" style=\"min-height:140px;\" maxlength=\"180\" ><\/textarea><\/div><\/div><\/div><div class=\"forminator-row\"><div id=\"text-2\" class=\"forminator-field-text forminator-col forminator-col-12 \"><div class=\"forminator-field\"><label for=\"forminator-field-text-2_69f39d01b158e\" id=\"forminator-field-text-2_69f39d01b158e-label\" class=\"forminator-label\">Slevov\u00fd k\u00f3d<\/label><input type=\"text\" name=\"text-2\" value=\"Vlo\u017e slevov\u00fd k\u00f3d\" placeholder=\"\" id=\"forminator-field-text-2_69f39d01b158e\" class=\"forminator-input forminator-name--field\" data-required=\"\" \/><\/div><\/div><\/div><div class=\"forminator-row forminator-hidden\"><input type=\"hidden\" id=\"hidden-1_69f39d01b158e\" name=\"hidden-1\" value=\"\" \/><\/div><input type=\"hidden\" name=\"referer_url\" value=\"\" \/><div class=\"forminator-row forminator-row-last\"><div class=\"forminator-col\"><div class=\"forminator-field\"><button class=\"forminator-button forminator-button-submit button-forminator\"><span>Odeslat<\/span><span aria-hidden=\"true\"><\/span><\/button><\/div><\/div><\/div><input type=\"hidden\" id=\"forminator_nonce\" name=\"forminator_nonce\" value=\"c174ceb3d5\" \/><input type=\"hidden\" name=\"_wp_http_referer\" value=\"\/cs\/wp-json\/wp\/v2\/pages\/34971\" \/><input type=\"hidden\" name=\"form_id\" value=\"36158\"><input type=\"hidden\" name=\"page_id\" value=\"34971\"><input type=\"hidden\" name=\"form_type\" value=\"default\"><input type=\"hidden\" name=\"current_url\" value=\"https:\/\/gastronova.eu\/cs\/poptavka\/\"><input type=\"hidden\" name=\"render_id\" value=\"0\"><input type=\"hidden\" name=\"action\" value=\"forminator_submit_form_custom-forms\"><\/form><\/div>\n\t\t\t\t\t\t<\/div>\n\t\t\t\t<\/div>\n\t\t\t\t\t<\/div>\n\t\t\t\t<\/div>\n\t\t\t\t<\/div>\n\t\t","protected":false},"excerpt":{"rendered":"","protected":false},"author":1,"featured_media":0,"parent":0,"menu_order":0,"comment_status":"closed","ping_status":"closed","template":"","meta":{"footnotes":""},"class_list":["post-34971","page","type-page","status-publish","hentry"],"_links":{"self":[{"href":"https:\/\/gastronova.eu\/cs\/wp-json\/wp\/v2\/pages\/34971","targetHints":{"allow":["GET"]}}],"collection":[{"href":"https:\/\/gastronova.eu\/cs\/wp-json\/wp\/v2\/pages"}],"about":[{"href":"https:\/\/gastronova.eu\/cs\/wp-json\/wp\/v2\/types\/page"}],"author":[{"embeddable":true,"href":"https:\/\/gastronova.eu\/cs\/wp-json\/wp\/v2\/users\/1"}],"replies":[{"embeddable":true,"href":"https:\/\/gastronova.eu\/cs\/wp-json\/wp\/v2\/comments?post=34971"}],"version-history":[{"count":4,"href":"https:\/\/gastronova.eu\/cs\/wp-json\/wp\/v2\/pages\/34971\/revisions"}],"predecessor-version":[{"id":36412,"href":"https:\/\/gastronova.eu\/cs\/wp-json\/wp\/v2\/pages\/34971\/revisions\/36412"}],"wp:attachment":[{"href":"https:\/\/gastronova.eu\/cs\/wp-json\/wp\/v2\/media?parent=34971"}],"curies":[{"name":"wp","href":"https:\/\/api.w.org\/{rel}","templated":true}]}}