{"id":34383,"date":"2025-05-26T10:19:33","date_gmt":"2025-05-26T08:19:33","guid":{"rendered":"https:\/\/gastronova.eu\/produkt\/plynovy-gril-na-kure-610\/"},"modified":"2025-05-26T10:19:33","modified_gmt":"2025-05-26T08:19:33","slug":"plynovy-gril-na-kure-610","status":"publish","type":"product","link":"https:\/\/gastronova.eu\/cs\/produkt\/plynovy-gril-na-kure-610\/","title":{"rendered":"Plynov\u00fd gril na ku\u0159e 610"},"content":{"rendered":"<p>Rozm\u011bry: 810 x 630 x 610 mm<\/p>\n<p>Hmotnost: 63 kg<\/p>\n","protected":false},"excerpt":{"rendered":"<p>Rozm\u011bry: 810 x 630 x 610 mm Hmotnost: 63 kg<\/p>\n","protected":false},"featured_media":29568,"comment_status":"open","ping_status":"closed","template":"","meta":[],"product_brand":[],"product_cat":[239],"product_tag":[],"class_list":{"0":"post-34383","1":"product","2":"type-product","3":"status-publish","4":"has-post-thumbnail","6":"product_cat-plynove-vertikalni-grily","8":"first","9":"instock","10":"sold-individually","11":"shipping-taxable","12":"purchasable","13":"product-type-simple"},"_links":{"self":[{"href":"https:\/\/gastronova.eu\/cs\/wp-json\/wp\/v2\/product\/34383","targetHints":{"allow":["GET"]}}],"collection":[{"href":"https:\/\/gastronova.eu\/cs\/wp-json\/wp\/v2\/product"}],"about":[{"href":"https:\/\/gastronova.eu\/cs\/wp-json\/wp\/v2\/types\/product"}],"replies":[{"embeddable":true,"href":"https:\/\/gastronova.eu\/cs\/wp-json\/wp\/v2\/comments?post=34383"}],"version-history":[{"count":0,"href":"https:\/\/gastronova.eu\/cs\/wp-json\/wp\/v2\/product\/34383\/revisions"}],"wp:featuredmedia":[{"embeddable":true,"href":"https:\/\/gastronova.eu\/cs\/wp-json\/wp\/v2\/media\/29568"}],"wp:attachment":[{"href":"https:\/\/gastronova.eu\/cs\/wp-json\/wp\/v2\/media?parent=34383"}],"wp:term":[{"taxonomy":"product_brand","embeddable":true,"href":"https:\/\/gastronova.eu\/cs\/wp-json\/wp\/v2\/product_brand?post=34383"},{"taxonomy":"product_cat","embeddable":true,"href":"https:\/\/gastronova.eu\/cs\/wp-json\/wp\/v2\/product_cat?post=34383"},{"taxonomy":"product_tag","embeddable":true,"href":"https:\/\/gastronova.eu\/cs\/wp-json\/wp\/v2\/product_tag?post=34383"}],"curies":[{"name":"wp","href":"https:\/\/api.w.org\/{rel}","templated":true}]}}