{"id":34396,"date":"2025-05-26T10:03:45","date_gmt":"2025-05-26T08:03:45","guid":{"rendered":"https:\/\/gastronova.eu\/produkt\/st-el-gril-lavovy-kamen-400\/"},"modified":"2025-05-26T10:03:45","modified_gmt":"2025-05-26T08:03:45","slug":"st-el-gril-lavovy-kamen-400","status":"publish","type":"product","link":"https:\/\/gastronova.eu\/cs\/produkt\/st-el-gril-lavovy-kamen-400\/","title":{"rendered":"ST. EL. gril &#8211; L\u00e1vov\u00fd k\u00e1men 400"},"content":{"rendered":"<p>Rozm\u011bry: 400 x 730 x 940 mm<\/p>\n<p>Hmotnost: 25 kg<\/p>\n<p>V\u00fdkon: 4,05 kW<\/p>\n<p>Nap\u00e1jen\u00ed: 220 V<\/p>\n<p>&nbsp;<\/p>\n","protected":false},"excerpt":{"rendered":"<p>Rozm\u011bry: 400 x 730 x 940 mm Hmotnost: 25 kg V\u00fdkon: 4,05 kW Nap\u00e1jen\u00ed: 220 V &nbsp;<\/p>\n","protected":false},"featured_media":29561,"comment_status":"open","ping_status":"closed","template":"","meta":[],"product_brand":[],"product_cat":[243],"product_tag":[],"class_list":{"0":"post-34396","1":"product","2":"type-product","3":"status-publish","4":"has-post-thumbnail","6":"product_cat-elektricke-grily-lavovy-kamen-cs","8":"first","9":"instock","10":"sold-individually","11":"shipping-taxable","12":"purchasable","13":"product-type-simple"},"_links":{"self":[{"href":"https:\/\/gastronova.eu\/cs\/wp-json\/wp\/v2\/product\/34396","targetHints":{"allow":["GET"]}}],"collection":[{"href":"https:\/\/gastronova.eu\/cs\/wp-json\/wp\/v2\/product"}],"about":[{"href":"https:\/\/gastronova.eu\/cs\/wp-json\/wp\/v2\/types\/product"}],"replies":[{"embeddable":true,"href":"https:\/\/gastronova.eu\/cs\/wp-json\/wp\/v2\/comments?post=34396"}],"version-history":[{"count":0,"href":"https:\/\/gastronova.eu\/cs\/wp-json\/wp\/v2\/product\/34396\/revisions"}],"wp:featuredmedia":[{"embeddable":true,"href":"https:\/\/gastronova.eu\/cs\/wp-json\/wp\/v2\/media\/29561"}],"wp:attachment":[{"href":"https:\/\/gastronova.eu\/cs\/wp-json\/wp\/v2\/media?parent=34396"}],"wp:term":[{"taxonomy":"product_brand","embeddable":true,"href":"https:\/\/gastronova.eu\/cs\/wp-json\/wp\/v2\/product_brand?post=34396"},{"taxonomy":"product_cat","embeddable":true,"href":"https:\/\/gastronova.eu\/cs\/wp-json\/wp\/v2\/product_cat?post=34396"},{"taxonomy":"product_tag","embeddable":true,"href":"https:\/\/gastronova.eu\/cs\/wp-json\/wp\/v2\/product_tag?post=34396"}],"curies":[{"name":"wp","href":"https:\/\/api.w.org\/{rel}","templated":true}]}}