{"id":34421,"date":"2025-05-23T13:39:57","date_gmt":"2025-05-23T11:39:57","guid":{"rendered":"https:\/\/gastronova.eu\/produkt\/konvektomat-835\/"},"modified":"2025-05-23T13:39:57","modified_gmt":"2025-05-23T11:39:57","slug":"konvektomat-835","status":"publish","type":"product","link":"https:\/\/gastronova.eu\/cs\/produkt\/konvektomat-835\/","title":{"rendered":"Konvektomat 835"},"content":{"rendered":"<p>Rozm\u011br: 835 x 770 x 575 mm<\/p>\n<p>Rozm\u011br desky: 600 x 400<\/p>\n<p>Po\u010det desek: 4<\/p>\n<p>Hmotnost: 39 kg<\/p>\n<p>V\u00fdkon: 5,8 kW<\/p>\n<p>&nbsp;<\/p>\n","protected":false},"excerpt":{"rendered":"<p>Rozm\u011br: 835 x 770 x 575 mm Rozm\u011br desky: 600 x 400 Po\u010det desek: 4 Hmotnost: 39 kg V\u00fdkon: 5,8<\/p>\n","protected":false},"featured_media":29487,"comment_status":"open","ping_status":"closed","template":"","meta":[],"product_brand":[],"product_cat":[248],"product_tag":[],"class_list":{"0":"post-34421","1":"product","2":"type-product","3":"status-publish","4":"has-post-thumbnail","6":"product_cat-elektricke-pece-na-pizzu","8":"first","9":"instock","10":"sold-individually","11":"shipping-taxable","12":"purchasable","13":"product-type-simple"},"_links":{"self":[{"href":"https:\/\/gastronova.eu\/cs\/wp-json\/wp\/v2\/product\/34421","targetHints":{"allow":["GET"]}}],"collection":[{"href":"https:\/\/gastronova.eu\/cs\/wp-json\/wp\/v2\/product"}],"about":[{"href":"https:\/\/gastronova.eu\/cs\/wp-json\/wp\/v2\/types\/product"}],"replies":[{"embeddable":true,"href":"https:\/\/gastronova.eu\/cs\/wp-json\/wp\/v2\/comments?post=34421"}],"version-history":[{"count":0,"href":"https:\/\/gastronova.eu\/cs\/wp-json\/wp\/v2\/product\/34421\/revisions"}],"wp:featuredmedia":[{"embeddable":true,"href":"https:\/\/gastronova.eu\/cs\/wp-json\/wp\/v2\/media\/29487"}],"wp:attachment":[{"href":"https:\/\/gastronova.eu\/cs\/wp-json\/wp\/v2\/media?parent=34421"}],"wp:term":[{"taxonomy":"product_brand","embeddable":true,"href":"https:\/\/gastronova.eu\/cs\/wp-json\/wp\/v2\/product_brand?post=34421"},{"taxonomy":"product_cat","embeddable":true,"href":"https:\/\/gastronova.eu\/cs\/wp-json\/wp\/v2\/product_cat?post=34421"},{"taxonomy":"product_tag","embeddable":true,"href":"https:\/\/gastronova.eu\/cs\/wp-json\/wp\/v2\/product_tag?post=34421"}],"curies":[{"name":"wp","href":"https:\/\/api.w.org\/{rel}","templated":true}]}}