{"id":34542,"date":"2025-05-28T15:22:41","date_gmt":"2025-05-28T13:22:41","guid":{"rendered":"https:\/\/gastronova.eu\/produkt\/ultra\/"},"modified":"2025-05-28T15:22:41","modified_gmt":"2025-05-28T13:22:41","slug":"ultra","status":"publish","type":"product","link":"https:\/\/gastronova.eu\/cs\/produkt\/ultra\/","title":{"rendered":"Ultra"},"content":{"rendered":"","protected":false},"excerpt":{"rendered":"<p><span style=\"font-weight: 400;\">Box Ultra je robustn\u00ed, prostorn\u00fd a p\u0159ipraven\u00fd na t\u011b\u017ek\u00e9 n\u00e1klady. Je to nejv\u011bt\u0161\u00ed model z na\u0161\u00ed \u0159ady box\u016f, kter\u00fd nab\u00edz\u00ed maxim\u00e1ln\u00ed prostor pro servis, techniku, skladov\u00e1n\u00ed a plynul\u00fd pohyb person\u00e1lu i p\u0159i vy\u0161\u0161\u00ed frekvenci prodeje. <\/span><\/p>\n<p><span style=\"font-weight: 400;\">D\u00edky sv\u00e9mu jednoduch\u00e9mu tvaru a velkorys\u00e9mu vnit\u0159n\u00edmu prostoru je ide\u00e1ln\u00ed pro <\/span><b>velk\u00e9 koncepty pouli\u010dn\u00edho ob\u010derstven\u00ed, pln\u00e9 kuchyn\u011b, cateringov\u00e9 jednotky nebo st\u00e1l\u00e9 provozy.<\/b><span style=\"font-weight: 400;\">. Slou\u017e\u00ed tak\u00e9 jako z\u00e1klad pro individu\u00e1ln\u00ed \u0159e\u0161en\u00ed na m\u00edru.<\/span><\/p>\n<p><span style=\"font-weight: 400;\">Pokud hled\u00e1te prostorn\u00e9 a v\u00fdkonn\u00e9 \u0159e\u0161en\u00ed pro v\u011bt\u0161\u00ed firmy, Box Ultra je tou spr\u00e1vnou volbou.<\/span><\/p>\n","protected":false},"featured_media":33743,"comment_status":"open","ping_status":"closed","template":"","meta":[],"product_brand":[],"product_cat":[297,20],"product_tag":[],"class_list":{"0":"post-34542","1":"product","2":"type-product","3":"status-publish","4":"has-post-thumbnail","6":"product_cat-box-cs","7":"product_cat-trucks","9":"first","10":"instock","11":"sold-individually","12":"shipping-taxable","13":"purchasable","14":"product-type-variable","15":"has-default-attributes"},"_links":{"self":[{"href":"https:\/\/gastronova.eu\/cs\/wp-json\/wp\/v2\/product\/34542","targetHints":{"allow":["GET"]}}],"collection":[{"href":"https:\/\/gastronova.eu\/cs\/wp-json\/wp\/v2\/product"}],"about":[{"href":"https:\/\/gastronova.eu\/cs\/wp-json\/wp\/v2\/types\/product"}],"replies":[{"embeddable":true,"href":"https:\/\/gastronova.eu\/cs\/wp-json\/wp\/v2\/comments?post=34542"}],"version-history":[{"count":0,"href":"https:\/\/gastronova.eu\/cs\/wp-json\/wp\/v2\/product\/34542\/revisions"}],"wp:featuredmedia":[{"embeddable":true,"href":"https:\/\/gastronova.eu\/cs\/wp-json\/wp\/v2\/media\/33743"}],"wp:attachment":[{"href":"https:\/\/gastronova.eu\/cs\/wp-json\/wp\/v2\/media?parent=34542"}],"wp:term":[{"taxonomy":"product_brand","embeddable":true,"href":"https:\/\/gastronova.eu\/cs\/wp-json\/wp\/v2\/product_brand?post=34542"},{"taxonomy":"product_cat","embeddable":true,"href":"https:\/\/gastronova.eu\/cs\/wp-json\/wp\/v2\/product_cat?post=34542"},{"taxonomy":"product_tag","embeddable":true,"href":"https:\/\/gastronova.eu\/cs\/wp-json\/wp\/v2\/product_tag?post=34542"}],"curies":[{"name":"wp","href":"https:\/\/api.w.org\/{rel}","templated":true}]}}