{"id":34557,"date":"2025-05-28T15:22:07","date_gmt":"2025-05-28T13:22:07","guid":{"rendered":"https:\/\/gastronova.eu\/produkt\/stredni-2\/"},"modified":"2025-05-28T15:22:07","modified_gmt":"2025-05-28T13:22:07","slug":"stredni-2","status":"publish","type":"product","link":"https:\/\/gastronova.eu\/cs\/produkt\/stredni-2\/","title":{"rendered":"St\u0159edn\u00ed"},"content":{"rendered":"","protected":false},"excerpt":{"rendered":"<p><span style=\"font-weight: 400;\">Box Medium je nejuniverz\u00e1ln\u011bj\u0161\u00ed model z na\u0161\u00ed \u0159ady Box. Nab\u00edz\u00ed v\u00edce prostoru pro person\u00e1l a vybaven\u00ed p\u0159i zachov\u00e1n\u00ed mobility a konkurenceschopn\u00e9 ceny. Jeho rovn\u00e9 st\u011bny a stejn\u00e1 v\u00fd\u0161ka po cel\u00e9 \u0161\u00ed\u0159ce umo\u017e\u0148uj\u00ed snadn\u00e9 pl\u00e1nov\u00e1n\u00ed interi\u00e9ru a instalaci gastronomick\u00e9 technologie bez kompromis\u016f.  <\/span><\/p>\n<p><span style=\"font-weight: 400;\">Tento model doporu\u010dujeme pro <\/span><b>hamburgery, pouli\u010dn\u00ed ob\u010derstven\u00ed, hotdogy, sn\u00edda\u0148ov\u00e9 koncepty nebo men\u0161\u00ed restaurace.<\/b><span style=\"font-weight: 400;\">kter\u00e9 pot\u0159ebuj\u00ed stabiln\u00ed provoz a vy\u0161\u0161\u00ed kapacitu.<\/span><\/p>\n<p><span style=\"font-weight: 400;\">Box Medium je zlat\u00fdm st\u0159edem pro v\u0161echny, kte\u0159\u00ed cht\u011bj\u00ed spolehliv\u00e9 \u0159e\u0161en\u00ed pro sv\u00e9 ka\u017edodenn\u00ed stravov\u00e1n\u00ed.<\/span><\/p>\n","protected":false},"featured_media":33739,"comment_status":"open","ping_status":"closed","template":"","meta":[],"product_brand":[],"product_cat":[297,20],"product_tag":[],"class_list":{"0":"post-34557","1":"product","2":"type-product","3":"status-publish","4":"has-post-thumbnail","6":"product_cat-box-cs","7":"product_cat-trucks","9":"first","10":"instock","11":"sold-individually","12":"shipping-taxable","13":"purchasable","14":"product-type-variable","15":"has-default-attributes"},"_links":{"self":[{"href":"https:\/\/gastronova.eu\/cs\/wp-json\/wp\/v2\/product\/34557","targetHints":{"allow":["GET"]}}],"collection":[{"href":"https:\/\/gastronova.eu\/cs\/wp-json\/wp\/v2\/product"}],"about":[{"href":"https:\/\/gastronova.eu\/cs\/wp-json\/wp\/v2\/types\/product"}],"replies":[{"embeddable":true,"href":"https:\/\/gastronova.eu\/cs\/wp-json\/wp\/v2\/comments?post=34557"}],"version-history":[{"count":0,"href":"https:\/\/gastronova.eu\/cs\/wp-json\/wp\/v2\/product\/34557\/revisions"}],"wp:featuredmedia":[{"embeddable":true,"href":"https:\/\/gastronova.eu\/cs\/wp-json\/wp\/v2\/media\/33739"}],"wp:attachment":[{"href":"https:\/\/gastronova.eu\/cs\/wp-json\/wp\/v2\/media?parent=34557"}],"wp:term":[{"taxonomy":"product_brand","embeddable":true,"href":"https:\/\/gastronova.eu\/cs\/wp-json\/wp\/v2\/product_brand?post=34557"},{"taxonomy":"product_cat","embeddable":true,"href":"https:\/\/gastronova.eu\/cs\/wp-json\/wp\/v2\/product_cat?post=34557"},{"taxonomy":"product_tag","embeddable":true,"href":"https:\/\/gastronova.eu\/cs\/wp-json\/wp\/v2\/product_tag?post=34557"}],"curies":[{"name":"wp","href":"https:\/\/api.w.org\/{rel}","templated":true}]}}