{"id":34612,"date":"2025-05-26T11:59:08","date_gmt":"2025-05-26T09:59:08","guid":{"rendered":"https:\/\/gastronova.eu\/produkt\/el-ohrivac-potravin-850\/"},"modified":"2025-05-26T11:59:08","modified_gmt":"2025-05-26T09:59:08","slug":"el-ohrivac-potravin-850","status":"publish","type":"product","link":"https:\/\/gastronova.eu\/cs\/produkt\/el-ohrivac-potravin-850\/","title":{"rendered":"EL. oh\u0159\u00edva\u010d potravin 850"},"content":{"rendered":"<p>Rozm\u011bry: 850 x 360 x 530 mm<\/p>\n<p>Hmotnost: 38 kg<\/p>\n<p>V\u00fdkon: 2,0 kW<\/p>\n","protected":false},"excerpt":{"rendered":"<p>Rozm\u011bry: 850 x 360 x 530 mm Hmotnost: 38 kg V\u00fdkon: 2,0 kW<\/p>\n","protected":false},"featured_media":29642,"comment_status":"open","ping_status":"closed","template":"","meta":[],"product_brand":[],"product_cat":[233],"product_tag":[],"class_list":{"0":"post-34612","1":"product","2":"type-product","3":"status-publish","4":"has-post-thumbnail","6":"product_cat-elektricke-ohrivace-potravin","8":"first","9":"instock","10":"sold-individually","11":"shipping-taxable","12":"purchasable","13":"product-type-simple"},"_links":{"self":[{"href":"https:\/\/gastronova.eu\/cs\/wp-json\/wp\/v2\/product\/34612","targetHints":{"allow":["GET"]}}],"collection":[{"href":"https:\/\/gastronova.eu\/cs\/wp-json\/wp\/v2\/product"}],"about":[{"href":"https:\/\/gastronova.eu\/cs\/wp-json\/wp\/v2\/types\/product"}],"replies":[{"embeddable":true,"href":"https:\/\/gastronova.eu\/cs\/wp-json\/wp\/v2\/comments?post=34612"}],"version-history":[{"count":0,"href":"https:\/\/gastronova.eu\/cs\/wp-json\/wp\/v2\/product\/34612\/revisions"}],"wp:featuredmedia":[{"embeddable":true,"href":"https:\/\/gastronova.eu\/cs\/wp-json\/wp\/v2\/media\/29642"}],"wp:attachment":[{"href":"https:\/\/gastronova.eu\/cs\/wp-json\/wp\/v2\/media?parent=34612"}],"wp:term":[{"taxonomy":"product_brand","embeddable":true,"href":"https:\/\/gastronova.eu\/cs\/wp-json\/wp\/v2\/product_brand?post=34612"},{"taxonomy":"product_cat","embeddable":true,"href":"https:\/\/gastronova.eu\/cs\/wp-json\/wp\/v2\/product_cat?post=34612"},{"taxonomy":"product_tag","embeddable":true,"href":"https:\/\/gastronova.eu\/cs\/wp-json\/wp\/v2\/product_tag?post=34612"}],"curies":[{"name":"wp","href":"https:\/\/api.w.org\/{rel}","templated":true}]}}