{"id":34616,"date":"2025-05-26T11:56:03","date_gmt":"2025-05-26T09:56:03","guid":{"rendered":"https:\/\/gastronova.eu\/produkt\/el-ohrivac-potravin-950\/"},"modified":"2025-05-26T11:56:03","modified_gmt":"2025-05-26T09:56:03","slug":"el-ohrivac-potravin-950","status":"publish","type":"product","link":"https:\/\/gastronova.eu\/cs\/produkt\/el-ohrivac-potravin-950\/","title":{"rendered":"EL. oh\u0159\u00edva\u010d potravin 950"},"content":{"rendered":"<p>Rozm\u011bry: 950 x 466 x 640 mm<\/p>\n<p>Hmotnost: 30 kg<\/p>\n<p>V\u00fdkon: 1,2 kW<\/p>\n","protected":false},"excerpt":{"rendered":"<p>Rozm\u011bry: 950 x 466 x 640 mm Hmotnost: 30 kg V\u00fdkon: 1,2 kW<\/p>\n","protected":false},"featured_media":29639,"comment_status":"open","ping_status":"closed","template":"","meta":[],"product_brand":[],"product_cat":[233],"product_tag":[],"class_list":{"0":"post-34616","1":"product","2":"type-product","3":"status-publish","4":"has-post-thumbnail","6":"product_cat-elektricke-ohrivace-potravin","8":"first","9":"instock","10":"sold-individually","11":"shipping-taxable","12":"purchasable","13":"product-type-simple"},"_links":{"self":[{"href":"https:\/\/gastronova.eu\/cs\/wp-json\/wp\/v2\/product\/34616","targetHints":{"allow":["GET"]}}],"collection":[{"href":"https:\/\/gastronova.eu\/cs\/wp-json\/wp\/v2\/product"}],"about":[{"href":"https:\/\/gastronova.eu\/cs\/wp-json\/wp\/v2\/types\/product"}],"replies":[{"embeddable":true,"href":"https:\/\/gastronova.eu\/cs\/wp-json\/wp\/v2\/comments?post=34616"}],"version-history":[{"count":0,"href":"https:\/\/gastronova.eu\/cs\/wp-json\/wp\/v2\/product\/34616\/revisions"}],"wp:featuredmedia":[{"embeddable":true,"href":"https:\/\/gastronova.eu\/cs\/wp-json\/wp\/v2\/media\/29639"}],"wp:attachment":[{"href":"https:\/\/gastronova.eu\/cs\/wp-json\/wp\/v2\/media?parent=34616"}],"wp:term":[{"taxonomy":"product_brand","embeddable":true,"href":"https:\/\/gastronova.eu\/cs\/wp-json\/wp\/v2\/product_brand?post=34616"},{"taxonomy":"product_cat","embeddable":true,"href":"https:\/\/gastronova.eu\/cs\/wp-json\/wp\/v2\/product_cat?post=34616"},{"taxonomy":"product_tag","embeddable":true,"href":"https:\/\/gastronova.eu\/cs\/wp-json\/wp\/v2\/product_tag?post=34616"}],"curies":[{"name":"wp","href":"https:\/\/api.w.org\/{rel}","templated":true}]}}