{"id":34624,"date":"2025-05-26T10:01:42","date_gmt":"2025-05-26T08:01:42","guid":{"rendered":"https:\/\/gastronova.eu\/produkt\/el-gril-lavovy-kamen-800\/"},"modified":"2025-05-26T10:01:42","modified_gmt":"2025-05-26T08:01:42","slug":"el-gril-lavovy-kamen-800","status":"publish","type":"product","link":"https:\/\/gastronova.eu\/cs\/produkt\/el-gril-lavovy-kamen-800\/","title":{"rendered":"EL. gril &#8211; L\u00e1vov\u00fd k\u00e1men 800"},"content":{"rendered":"<p>Rozm\u011bry: 600 x 730 x 940 mm<\/p>\n<p>Hmotnost: 95 kg<\/p>\n<p>V\u00fdkon: 8,1 kW<\/p>\n<p>Nap\u00e1jen\u00ed: 380 V<\/p>\n<p>&nbsp;<\/p>\n","protected":false},"excerpt":{"rendered":"<p>Rozm\u011bry: 600 x 730 x 940 mm Hmotnost: 95 kg V\u00fdkon: 8,1 kW Nap\u00e1jen\u00ed: 380 V &nbsp;<\/p>\n","protected":false},"featured_media":29558,"comment_status":"open","ping_status":"closed","template":"","meta":[],"product_brand":[],"product_cat":[243],"product_tag":[],"class_list":{"0":"post-34624","1":"product","2":"type-product","3":"status-publish","4":"has-post-thumbnail","6":"product_cat-elektricke-grily-lavovy-kamen-cs","8":"first","9":"instock","10":"sold-individually","11":"shipping-taxable","12":"purchasable","13":"product-type-simple"},"_links":{"self":[{"href":"https:\/\/gastronova.eu\/cs\/wp-json\/wp\/v2\/product\/34624","targetHints":{"allow":["GET"]}}],"collection":[{"href":"https:\/\/gastronova.eu\/cs\/wp-json\/wp\/v2\/product"}],"about":[{"href":"https:\/\/gastronova.eu\/cs\/wp-json\/wp\/v2\/types\/product"}],"replies":[{"embeddable":true,"href":"https:\/\/gastronova.eu\/cs\/wp-json\/wp\/v2\/comments?post=34624"}],"version-history":[{"count":0,"href":"https:\/\/gastronova.eu\/cs\/wp-json\/wp\/v2\/product\/34624\/revisions"}],"wp:featuredmedia":[{"embeddable":true,"href":"https:\/\/gastronova.eu\/cs\/wp-json\/wp\/v2\/media\/29558"}],"wp:attachment":[{"href":"https:\/\/gastronova.eu\/cs\/wp-json\/wp\/v2\/media?parent=34624"}],"wp:term":[{"taxonomy":"product_brand","embeddable":true,"href":"https:\/\/gastronova.eu\/cs\/wp-json\/wp\/v2\/product_brand?post=34624"},{"taxonomy":"product_cat","embeddable":true,"href":"https:\/\/gastronova.eu\/cs\/wp-json\/wp\/v2\/product_cat?post=34624"},{"taxonomy":"product_tag","embeddable":true,"href":"https:\/\/gastronova.eu\/cs\/wp-json\/wp\/v2\/product_tag?post=34624"}],"curies":[{"name":"wp","href":"https:\/\/api.w.org\/{rel}","templated":true}]}}