{"id":34685,"date":"2025-05-23T12:00:06","date_gmt":"2025-05-23T10:00:06","guid":{"rendered":"https:\/\/gastronova.eu\/produkt\/stolni-plynovy-gril-400\/"},"modified":"2025-05-23T12:00:06","modified_gmt":"2025-05-23T10:00:06","slug":"stolni-plynovy-gril-400","status":"publish","type":"product","link":"https:\/\/gastronova.eu\/cs\/produkt\/stolni-plynovy-gril-400\/","title":{"rendered":"Stoln\u00ed plynov\u00fd gril 400"},"content":{"rendered":"<p>Rozm\u011bry: 400 x 650 x 480 mm<\/p>\n<p>Deska: 398 x 500 x 16 mm<\/p>\n<p>Hmotnost: 30 kg<\/p>\n<p>&nbsp;<\/p>\n","protected":false},"excerpt":{"rendered":"<p>Rozm\u011bry: 400 x 650 x 480 mm Deska: 398 x 500 x 16 mm Hmotnost: 30 kg &nbsp;<\/p>\n","protected":false},"featured_media":29426,"comment_status":"open","ping_status":"closed","template":"","meta":[],"product_brand":[],"product_cat":[358],"product_tag":[],"class_list":{"0":"post-34685","1":"product","2":"type-product","3":"status-publish","4":"has-post-thumbnail","6":"product_cat-plynove-grily-cs","8":"first","9":"instock","10":"sold-individually","11":"shipping-taxable","12":"purchasable","13":"product-type-simple"},"_links":{"self":[{"href":"https:\/\/gastronova.eu\/cs\/wp-json\/wp\/v2\/product\/34685","targetHints":{"allow":["GET"]}}],"collection":[{"href":"https:\/\/gastronova.eu\/cs\/wp-json\/wp\/v2\/product"}],"about":[{"href":"https:\/\/gastronova.eu\/cs\/wp-json\/wp\/v2\/types\/product"}],"replies":[{"embeddable":true,"href":"https:\/\/gastronova.eu\/cs\/wp-json\/wp\/v2\/comments?post=34685"}],"version-history":[{"count":0,"href":"https:\/\/gastronova.eu\/cs\/wp-json\/wp\/v2\/product\/34685\/revisions"}],"wp:featuredmedia":[{"embeddable":true,"href":"https:\/\/gastronova.eu\/cs\/wp-json\/wp\/v2\/media\/29426"}],"wp:attachment":[{"href":"https:\/\/gastronova.eu\/cs\/wp-json\/wp\/v2\/media?parent=34685"}],"wp:term":[{"taxonomy":"product_brand","embeddable":true,"href":"https:\/\/gastronova.eu\/cs\/wp-json\/wp\/v2\/product_brand?post=34685"},{"taxonomy":"product_cat","embeddable":true,"href":"https:\/\/gastronova.eu\/cs\/wp-json\/wp\/v2\/product_cat?post=34685"},{"taxonomy":"product_tag","embeddable":true,"href":"https:\/\/gastronova.eu\/cs\/wp-json\/wp\/v2\/product_tag?post=34685"}],"curies":[{"name":"wp","href":"https:\/\/api.w.org\/{rel}","templated":true}]}}