{"id":34692,"date":"2025-05-23T12:01:31","date_gmt":"2025-05-23T10:01:31","guid":{"rendered":"https:\/\/gastronova.eu\/produkt\/stolni-plynovy-gril-600\/"},"modified":"2025-05-23T12:01:31","modified_gmt":"2025-05-23T10:01:31","slug":"stolni-plynovy-gril-600","status":"publish","type":"product","link":"https:\/\/gastronova.eu\/cs\/produkt\/stolni-plynovy-gril-600\/","title":{"rendered":"Stoln\u00ed plynov\u00fd gril 600"},"content":{"rendered":"<p>Rozm\u011bry: 600 x 650 x 480 mm<\/p>\n<p>Deska: 598 x 500 x 16 mm<\/p>\n<p>Hmotnost: 43 kg<\/p>\n<p>&nbsp;<\/p>\n","protected":false},"excerpt":{"rendered":"<p>Rozm\u011bry: 600 x 650 x 480 mm Deska: 598 x 500 x 16 mm Hmotnost: 43 kg &nbsp;<\/p>\n","protected":false},"featured_media":29429,"comment_status":"open","ping_status":"closed","template":"","meta":[],"product_brand":[],"product_cat":[358],"product_tag":[],"class_list":{"0":"post-34692","1":"product","2":"type-product","3":"status-publish","4":"has-post-thumbnail","6":"product_cat-plynove-grily-cs","8":"first","9":"instock","10":"sold-individually","11":"shipping-taxable","12":"purchasable","13":"product-type-simple"},"_links":{"self":[{"href":"https:\/\/gastronova.eu\/cs\/wp-json\/wp\/v2\/product\/34692","targetHints":{"allow":["GET"]}}],"collection":[{"href":"https:\/\/gastronova.eu\/cs\/wp-json\/wp\/v2\/product"}],"about":[{"href":"https:\/\/gastronova.eu\/cs\/wp-json\/wp\/v2\/types\/product"}],"replies":[{"embeddable":true,"href":"https:\/\/gastronova.eu\/cs\/wp-json\/wp\/v2\/comments?post=34692"}],"version-history":[{"count":0,"href":"https:\/\/gastronova.eu\/cs\/wp-json\/wp\/v2\/product\/34692\/revisions"}],"wp:featuredmedia":[{"embeddable":true,"href":"https:\/\/gastronova.eu\/cs\/wp-json\/wp\/v2\/media\/29429"}],"wp:attachment":[{"href":"https:\/\/gastronova.eu\/cs\/wp-json\/wp\/v2\/media?parent=34692"}],"wp:term":[{"taxonomy":"product_brand","embeddable":true,"href":"https:\/\/gastronova.eu\/cs\/wp-json\/wp\/v2\/product_brand?post=34692"},{"taxonomy":"product_cat","embeddable":true,"href":"https:\/\/gastronova.eu\/cs\/wp-json\/wp\/v2\/product_cat?post=34692"},{"taxonomy":"product_tag","embeddable":true,"href":"https:\/\/gastronova.eu\/cs\/wp-json\/wp\/v2\/product_tag?post=34692"}],"curies":[{"name":"wp","href":"https:\/\/api.w.org\/{rel}","templated":true}]}}