{"id":34705,"date":"2025-05-23T12:08:12","date_gmt":"2025-05-23T10:08:12","guid":{"rendered":"https:\/\/gastronova.eu\/produkt\/stolni-plynovy-gril-550\/"},"modified":"2025-05-23T12:08:12","modified_gmt":"2025-05-23T10:08:12","slug":"stolni-plynovy-gril-550","status":"publish","type":"product","link":"https:\/\/gastronova.eu\/cs\/produkt\/stolni-plynovy-gril-550\/","title":{"rendered":"Stoln\u00ed plynov\u00fd gril 550"},"content":{"rendered":"<p>Rozm\u011bry: 550 x 500 x 400 mm<\/p>\n<p>Deska: 548 x 350 x 8 mm<\/p>\n<p>Hmotnost: 19,4 kg<\/p>\n<p>&nbsp;<\/p>\n","protected":false},"excerpt":{"rendered":"<p>Rozm\u011bry: 550 x 500 x 400 mm Deska: 548 x 350 x 8 mm Hmotnost: 19,4 kg &nbsp;<\/p>\n","protected":false},"featured_media":29438,"comment_status":"open","ping_status":"closed","template":"","meta":[],"product_brand":[],"product_cat":[358],"product_tag":[],"class_list":{"0":"post-34705","1":"product","2":"type-product","3":"status-publish","4":"has-post-thumbnail","6":"product_cat-plynove-grily-cs","8":"first","9":"instock","10":"sold-individually","11":"shipping-taxable","12":"purchasable","13":"product-type-simple"},"_links":{"self":[{"href":"https:\/\/gastronova.eu\/cs\/wp-json\/wp\/v2\/product\/34705","targetHints":{"allow":["GET"]}}],"collection":[{"href":"https:\/\/gastronova.eu\/cs\/wp-json\/wp\/v2\/product"}],"about":[{"href":"https:\/\/gastronova.eu\/cs\/wp-json\/wp\/v2\/types\/product"}],"replies":[{"embeddable":true,"href":"https:\/\/gastronova.eu\/cs\/wp-json\/wp\/v2\/comments?post=34705"}],"version-history":[{"count":0,"href":"https:\/\/gastronova.eu\/cs\/wp-json\/wp\/v2\/product\/34705\/revisions"}],"wp:featuredmedia":[{"embeddable":true,"href":"https:\/\/gastronova.eu\/cs\/wp-json\/wp\/v2\/media\/29438"}],"wp:attachment":[{"href":"https:\/\/gastronova.eu\/cs\/wp-json\/wp\/v2\/media?parent=34705"}],"wp:term":[{"taxonomy":"product_brand","embeddable":true,"href":"https:\/\/gastronova.eu\/cs\/wp-json\/wp\/v2\/product_brand?post=34705"},{"taxonomy":"product_cat","embeddable":true,"href":"https:\/\/gastronova.eu\/cs\/wp-json\/wp\/v2\/product_cat?post=34705"},{"taxonomy":"product_tag","embeddable":true,"href":"https:\/\/gastronova.eu\/cs\/wp-json\/wp\/v2\/product_tag?post=34705"}],"curies":[{"name":"wp","href":"https:\/\/api.w.org\/{rel}","templated":true}]}}