{"id":34714,"date":"2025-05-23T14:36:45","date_gmt":"2025-05-23T12:36:45","guid":{"rendered":"https:\/\/gastronova.eu\/produkt\/vst-elektricky-sporak-s-1-horakem\/"},"modified":"2025-05-23T14:36:45","modified_gmt":"2025-05-23T12:36:45","slug":"vst-elektricky-sporak-s-1-horakem","status":"publish","type":"product","link":"https:\/\/gastronova.eu\/cs\/produkt\/vst-elektricky-sporak-s-1-horakem\/","title":{"rendered":"VST- Elektrick\u00fd spor\u00e1k s 1 ho\u0159\u00e1kem"},"content":{"rendered":"<p>Rozm\u011bry: 340 x 405 x 60 mm<\/p>\n<p>Ho\u0159\u00e1ky: 1<\/p>\n<p>V\u00fdkon: 2,2 kW<\/p>\n<p>Nap\u00e1jen\u00ed: 220 V<\/p>\n<p>&nbsp;<\/p>\n","protected":false},"excerpt":{"rendered":"<p>Rozm\u011bry: 340 x 405 x 60 mm Ho\u0159\u00e1ky: 1 V\u00fdkon: 2,2 kW Nap\u00e1jen\u00ed: 220 V &nbsp;<\/p>\n","protected":false},"featured_media":29537,"comment_status":"open","ping_status":"closed","template":"","meta":[],"product_brand":[],"product_cat":[361],"product_tag":[],"class_list":{"0":"post-34714","1":"product","2":"type-product","3":"status-publish","4":"has-post-thumbnail","6":"product_cat-elektricky-sporak-cs","8":"first","9":"instock","10":"sold-individually","11":"shipping-taxable","12":"purchasable","13":"product-type-simple"},"_links":{"self":[{"href":"https:\/\/gastronova.eu\/cs\/wp-json\/wp\/v2\/product\/34714","targetHints":{"allow":["GET"]}}],"collection":[{"href":"https:\/\/gastronova.eu\/cs\/wp-json\/wp\/v2\/product"}],"about":[{"href":"https:\/\/gastronova.eu\/cs\/wp-json\/wp\/v2\/types\/product"}],"replies":[{"embeddable":true,"href":"https:\/\/gastronova.eu\/cs\/wp-json\/wp\/v2\/comments?post=34714"}],"version-history":[{"count":0,"href":"https:\/\/gastronova.eu\/cs\/wp-json\/wp\/v2\/product\/34714\/revisions"}],"wp:featuredmedia":[{"embeddable":true,"href":"https:\/\/gastronova.eu\/cs\/wp-json\/wp\/v2\/media\/29537"}],"wp:attachment":[{"href":"https:\/\/gastronova.eu\/cs\/wp-json\/wp\/v2\/media?parent=34714"}],"wp:term":[{"taxonomy":"product_brand","embeddable":true,"href":"https:\/\/gastronova.eu\/cs\/wp-json\/wp\/v2\/product_brand?post=34714"},{"taxonomy":"product_cat","embeddable":true,"href":"https:\/\/gastronova.eu\/cs\/wp-json\/wp\/v2\/product_cat?post=34714"},{"taxonomy":"product_tag","embeddable":true,"href":"https:\/\/gastronova.eu\/cs\/wp-json\/wp\/v2\/product_tag?post=34714"}],"curies":[{"name":"wp","href":"https:\/\/api.w.org\/{rel}","templated":true}]}}