{"id":34737,"date":"2025-05-26T12:19:16","date_gmt":"2025-05-26T10:19:16","guid":{"rendered":"https:\/\/gastronova.eu\/produkt\/el-palacinkovac-900\/"},"modified":"2025-05-26T12:19:16","modified_gmt":"2025-05-26T10:19:16","slug":"el-palacinkovac-900","status":"publish","type":"product","link":"https:\/\/gastronova.eu\/cs\/produkt\/el-palacinkovac-900\/","title":{"rendered":"EL. pala\u010dinkova\u010d 900"},"content":{"rendered":"<p>Rozm\u011br: 900 x 485 x 240 mm<\/p>\n<p>Rozm\u011br desky: 2 x 400 x 400 mm<\/p>\n<p>V\u00fdkon: 2 x 3,0 kW<\/p>\n<p>Hmotnost: 30 kg<\/p>\n","protected":false},"excerpt":{"rendered":"<p>Rozm\u011br: 900 x 485 x 240 mm Rozm\u011br desky: 2 x 400 x 400 mm V\u00fdkon: 2 x 3,0 kW<\/p>\n","protected":false},"featured_media":29689,"comment_status":"open","ping_status":"closed","template":"","meta":[],"product_brand":[],"product_cat":[226],"product_tag":[],"class_list":{"0":"post-34737","1":"product","2":"type-product","3":"status-publish","4":"has-post-thumbnail","6":"product_cat-el-panini-palacinkovace-vaflovace","8":"first","9":"instock","10":"sold-individually","11":"shipping-taxable","12":"purchasable","13":"product-type-simple"},"_links":{"self":[{"href":"https:\/\/gastronova.eu\/cs\/wp-json\/wp\/v2\/product\/34737","targetHints":{"allow":["GET"]}}],"collection":[{"href":"https:\/\/gastronova.eu\/cs\/wp-json\/wp\/v2\/product"}],"about":[{"href":"https:\/\/gastronova.eu\/cs\/wp-json\/wp\/v2\/types\/product"}],"replies":[{"embeddable":true,"href":"https:\/\/gastronova.eu\/cs\/wp-json\/wp\/v2\/comments?post=34737"}],"version-history":[{"count":0,"href":"https:\/\/gastronova.eu\/cs\/wp-json\/wp\/v2\/product\/34737\/revisions"}],"wp:featuredmedia":[{"embeddable":true,"href":"https:\/\/gastronova.eu\/cs\/wp-json\/wp\/v2\/media\/29689"}],"wp:attachment":[{"href":"https:\/\/gastronova.eu\/cs\/wp-json\/wp\/v2\/media?parent=34737"}],"wp:term":[{"taxonomy":"product_brand","embeddable":true,"href":"https:\/\/gastronova.eu\/cs\/wp-json\/wp\/v2\/product_brand?post=34737"},{"taxonomy":"product_cat","embeddable":true,"href":"https:\/\/gastronova.eu\/cs\/wp-json\/wp\/v2\/product_cat?post=34737"},{"taxonomy":"product_tag","embeddable":true,"href":"https:\/\/gastronova.eu\/cs\/wp-json\/wp\/v2\/product_tag?post=34737"}],"curies":[{"name":"wp","href":"https:\/\/api.w.org\/{rel}","templated":true}]}}