{"id":34745,"date":"2025-05-26T12:38:47","date_gmt":"2025-05-26T10:38:47","guid":{"rendered":"https:\/\/gastronova.eu\/produkt\/1-pakovy-kavovar-1\/"},"modified":"2025-05-26T12:38:47","modified_gmt":"2025-05-26T10:38:47","slug":"1-pakovy-kavovar-1","status":"publish","type":"product","link":"https:\/\/gastronova.eu\/cs\/produkt\/1-pakovy-kavovar-1\/","title":{"rendered":"1 p\u00e1kov\u00fd k\u00e1vovar 1"},"content":{"rendered":"<p>Rozm\u011bry: 490 x 550 x 570 mm<\/p>\n<p>Hmotnost: 36 kg<\/p>\n<p>V\u00fdkon: 2,5 kW<\/p>\n<p>Objem: 6 l<\/p>\n","protected":false},"excerpt":{"rendered":"<p>Rozm\u011bry: 490 x 550 x 570 mm Hmotnost: 36 kg V\u00fdkon: 2,5 kW Objem: 6 l<\/p>\n","protected":false},"featured_media":29719,"comment_status":"open","ping_status":"closed","template":"","meta":[],"product_brand":[],"product_cat":[366],"product_tag":[],"class_list":{"0":"post-34745","1":"product","2":"type-product","3":"status-publish","4":"has-post-thumbnail","6":"product_cat-kavovary-cs","8":"first","9":"instock","10":"sold-individually","11":"shipping-taxable","12":"purchasable","13":"product-type-simple"},"_links":{"self":[{"href":"https:\/\/gastronova.eu\/cs\/wp-json\/wp\/v2\/product\/34745","targetHints":{"allow":["GET"]}}],"collection":[{"href":"https:\/\/gastronova.eu\/cs\/wp-json\/wp\/v2\/product"}],"about":[{"href":"https:\/\/gastronova.eu\/cs\/wp-json\/wp\/v2\/types\/product"}],"replies":[{"embeddable":true,"href":"https:\/\/gastronova.eu\/cs\/wp-json\/wp\/v2\/comments?post=34745"}],"version-history":[{"count":0,"href":"https:\/\/gastronova.eu\/cs\/wp-json\/wp\/v2\/product\/34745\/revisions"}],"wp:featuredmedia":[{"embeddable":true,"href":"https:\/\/gastronova.eu\/cs\/wp-json\/wp\/v2\/media\/29719"}],"wp:attachment":[{"href":"https:\/\/gastronova.eu\/cs\/wp-json\/wp\/v2\/media?parent=34745"}],"wp:term":[{"taxonomy":"product_brand","embeddable":true,"href":"https:\/\/gastronova.eu\/cs\/wp-json\/wp\/v2\/product_brand?post=34745"},{"taxonomy":"product_cat","embeddable":true,"href":"https:\/\/gastronova.eu\/cs\/wp-json\/wp\/v2\/product_cat?post=34745"},{"taxonomy":"product_tag","embeddable":true,"href":"https:\/\/gastronova.eu\/cs\/wp-json\/wp\/v2\/product_tag?post=34745"}],"curies":[{"name":"wp","href":"https:\/\/api.w.org\/{rel}","templated":true}]}}