{"id":34751,"date":"2025-05-26T12:53:26","date_gmt":"2025-05-26T10:53:26","guid":{"rendered":"https:\/\/gastronova.eu\/produkt\/2-pakove-kavovary-1\/"},"modified":"2025-05-26T12:53:26","modified_gmt":"2025-05-26T10:53:26","slug":"2-pakove-kavovary-1","status":"publish","type":"product","link":"https:\/\/gastronova.eu\/cs\/produkt\/2-pakove-kavovary-1\/","title":{"rendered":"2 p\u00e1kov\u00e9 k\u00e1vovary 1"},"content":{"rendered":"<p>Rozm\u011bry: 850 x 525 x 565 mm<\/p>\n<p>Hmotnost: 36 kg<\/p>\n<p>V\u00fdkon: 4,0 kW<\/p>\n<p>&nbsp;<\/p>\n","protected":false},"excerpt":{"rendered":"<p>Rozm\u011bry: 850 x 525 x 565 mm Hmotnost: 36 kg V\u00fdkon: 4,0 kW &nbsp;<\/p>\n","protected":false},"featured_media":29754,"comment_status":"open","ping_status":"closed","template":"","meta":[],"product_brand":[],"product_cat":[366],"product_tag":[],"class_list":{"0":"post-34751","1":"product","2":"type-product","3":"status-publish","4":"has-post-thumbnail","6":"product_cat-kavovary-cs","8":"first","9":"instock","10":"sold-individually","11":"shipping-taxable","12":"purchasable","13":"product-type-simple"},"_links":{"self":[{"href":"https:\/\/gastronova.eu\/cs\/wp-json\/wp\/v2\/product\/34751","targetHints":{"allow":["GET"]}}],"collection":[{"href":"https:\/\/gastronova.eu\/cs\/wp-json\/wp\/v2\/product"}],"about":[{"href":"https:\/\/gastronova.eu\/cs\/wp-json\/wp\/v2\/types\/product"}],"replies":[{"embeddable":true,"href":"https:\/\/gastronova.eu\/cs\/wp-json\/wp\/v2\/comments?post=34751"}],"version-history":[{"count":0,"href":"https:\/\/gastronova.eu\/cs\/wp-json\/wp\/v2\/product\/34751\/revisions"}],"wp:featuredmedia":[{"embeddable":true,"href":"https:\/\/gastronova.eu\/cs\/wp-json\/wp\/v2\/media\/29754"}],"wp:attachment":[{"href":"https:\/\/gastronova.eu\/cs\/wp-json\/wp\/v2\/media?parent=34751"}],"wp:term":[{"taxonomy":"product_brand","embeddable":true,"href":"https:\/\/gastronova.eu\/cs\/wp-json\/wp\/v2\/product_brand?post=34751"},{"taxonomy":"product_cat","embeddable":true,"href":"https:\/\/gastronova.eu\/cs\/wp-json\/wp\/v2\/product_cat?post=34751"},{"taxonomy":"product_tag","embeddable":true,"href":"https:\/\/gastronova.eu\/cs\/wp-json\/wp\/v2\/product_tag?post=34751"}],"curies":[{"name":"wp","href":"https:\/\/api.w.org\/{rel}","templated":true}]}}