{"id":34865,"date":"2025-05-23T12:55:14","date_gmt":"2025-05-23T10:55:14","guid":{"rendered":"https:\/\/gastronova.eu\/produkt\/plynova-pec-na-pizzu\/"},"modified":"2025-05-23T12:55:14","modified_gmt":"2025-05-23T10:55:14","slug":"plynova-pec-na-pizzu","status":"publish","type":"product","link":"https:\/\/gastronova.eu\/cs\/produkt\/plynova-pec-na-pizzu\/","title":{"rendered":"Plynov\u00e1 pec na pizzu"},"content":{"rendered":"<p>Rozm\u011bry: 1000 x 780 x 480 mm<\/p>\n<p>Vnit\u0159n\u00ed rozm\u011bry: 610 x 610 x 150 mm<\/p>\n<p>Max. <em>500\u00b0C<\/em> <\/p>\n<p>Kapacita: max. 4 x 30 cm pizzy na jeden cyklus<\/p>\n","protected":false},"excerpt":{"rendered":"<p>Rozm\u011bry: 1000 x 780 x 480 mm Vnit\u0159n\u00ed rozm\u011bry: 610 x 610 x 150 mm Max. 500\u00b0C Kapacita: max. 4<\/p>\n","protected":false},"featured_media":29466,"comment_status":"open","ping_status":"closed","template":"","meta":[],"product_brand":[],"product_cat":[250],"product_tag":[],"class_list":{"0":"post-34865","1":"product","2":"type-product","3":"status-publish","4":"has-post-thumbnail","6":"product_cat-plynove-pece-na-pizzu","8":"first","9":"instock","10":"sold-individually","11":"shipping-taxable","12":"purchasable","13":"product-type-simple"},"_links":{"self":[{"href":"https:\/\/gastronova.eu\/cs\/wp-json\/wp\/v2\/product\/34865","targetHints":{"allow":["GET"]}}],"collection":[{"href":"https:\/\/gastronova.eu\/cs\/wp-json\/wp\/v2\/product"}],"about":[{"href":"https:\/\/gastronova.eu\/cs\/wp-json\/wp\/v2\/types\/product"}],"replies":[{"embeddable":true,"href":"https:\/\/gastronova.eu\/cs\/wp-json\/wp\/v2\/comments?post=34865"}],"version-history":[{"count":0,"href":"https:\/\/gastronova.eu\/cs\/wp-json\/wp\/v2\/product\/34865\/revisions"}],"wp:featuredmedia":[{"embeddable":true,"href":"https:\/\/gastronova.eu\/cs\/wp-json\/wp\/v2\/media\/29466"}],"wp:attachment":[{"href":"https:\/\/gastronova.eu\/cs\/wp-json\/wp\/v2\/media?parent=34865"}],"wp:term":[{"taxonomy":"product_brand","embeddable":true,"href":"https:\/\/gastronova.eu\/cs\/wp-json\/wp\/v2\/product_brand?post=34865"},{"taxonomy":"product_cat","embeddable":true,"href":"https:\/\/gastronova.eu\/cs\/wp-json\/wp\/v2\/product_cat?post=34865"},{"taxonomy":"product_tag","embeddable":true,"href":"https:\/\/gastronova.eu\/cs\/wp-json\/wp\/v2\/product_tag?post=34865"}],"curies":[{"name":"wp","href":"https:\/\/api.w.org\/{rel}","templated":true}]}}