{"id":35147,"date":"2025-05-26T12:25:44","date_gmt":"2025-05-26T10:25:44","guid":{"rendered":"https:\/\/gastronova.eu\/produkt\/plynovy-varic-palacinek-450\/"},"modified":"2025-05-26T12:25:44","modified_gmt":"2025-05-26T10:25:44","slug":"plynovy-varic-palacinek-450","status":"publish","type":"product","link":"https:\/\/gastronova.eu\/cs\/produkt\/plynovy-varic-palacinek-450\/","title":{"rendered":"Plynov\u00fd va\u0159i\u010d pala\u010dinek 450"},"content":{"rendered":"<p>Rozm\u011bry: 450 x 450 x 175 mm<\/p>\n<p>Rozm\u011br desky: 400 x 400 mm<\/p>\n<p>Hmotnost: 15 kg<\/p>\n","protected":false},"excerpt":{"rendered":"<p>Rozm\u011bry: 450 x 450 x 175 mm Rozm\u011br desky: 400 x 400 mm Hmotnost: 15 kg<\/p>\n","protected":false},"featured_media":29700,"comment_status":"open","ping_status":"closed","template":"","meta":[],"product_brand":[],"product_cat":[401],"product_tag":[],"class_list":{"0":"post-35147","1":"product","2":"type-product","3":"status-publish","4":"has-post-thumbnail","6":"product_cat-plynovy-varic-palacinek-pastiek","8":"first","9":"instock","10":"sold-individually","11":"shipping-taxable","12":"purchasable","13":"product-type-simple"},"_links":{"self":[{"href":"https:\/\/gastronova.eu\/cs\/wp-json\/wp\/v2\/product\/35147","targetHints":{"allow":["GET"]}}],"collection":[{"href":"https:\/\/gastronova.eu\/cs\/wp-json\/wp\/v2\/product"}],"about":[{"href":"https:\/\/gastronova.eu\/cs\/wp-json\/wp\/v2\/types\/product"}],"replies":[{"embeddable":true,"href":"https:\/\/gastronova.eu\/cs\/wp-json\/wp\/v2\/comments?post=35147"}],"version-history":[{"count":0,"href":"https:\/\/gastronova.eu\/cs\/wp-json\/wp\/v2\/product\/35147\/revisions"}],"wp:featuredmedia":[{"embeddable":true,"href":"https:\/\/gastronova.eu\/cs\/wp-json\/wp\/v2\/media\/29700"}],"wp:attachment":[{"href":"https:\/\/gastronova.eu\/cs\/wp-json\/wp\/v2\/media?parent=35147"}],"wp:term":[{"taxonomy":"product_brand","embeddable":true,"href":"https:\/\/gastronova.eu\/cs\/wp-json\/wp\/v2\/product_brand?post=35147"},{"taxonomy":"product_cat","embeddable":true,"href":"https:\/\/gastronova.eu\/cs\/wp-json\/wp\/v2\/product_cat?post=35147"},{"taxonomy":"product_tag","embeddable":true,"href":"https:\/\/gastronova.eu\/cs\/wp-json\/wp\/v2\/product_tag?post=35147"}],"curies":[{"name":"wp","href":"https:\/\/api.w.org\/{rel}","templated":true}]}}