{"id":35171,"date":"2025-05-26T12:40:12","date_gmt":"2025-05-26T10:40:12","guid":{"rendered":"https:\/\/gastronova.eu\/produkt\/1-pakovy-kavovar-2\/"},"modified":"2025-05-26T12:40:12","modified_gmt":"2025-05-26T10:40:12","slug":"1-pakovy-kavovar-2","status":"publish","type":"product","link":"https:\/\/gastronova.eu\/cs\/produkt\/1-pakovy-kavovar-2\/","title":{"rendered":"1 p\u00e1kov\u00fd k\u00e1vovar 2"},"content":{"rendered":"<p>Rozm\u011bry: 355 x 530 x 515 mm<\/p>\n<p>Hmotnost: 36 kg<\/p>\n<p>V\u00fdkon: 2,5 kW<\/p>\n<p>Objem: 6 l<\/p>\n","protected":false},"excerpt":{"rendered":"<p>Rozm\u011bry: 355 x 530 x 515 mm Hmotnost: 36 kg V\u00fdkon: 2,5 kW Objem: 6 l<\/p>\n","protected":false},"featured_media":29725,"comment_status":"open","ping_status":"closed","template":"","meta":[],"product_brand":[],"product_cat":[366],"product_tag":[],"class_list":{"0":"post-35171","1":"product","2":"type-product","3":"status-publish","4":"has-post-thumbnail","6":"product_cat-kavovary-cs","8":"first","9":"instock","10":"sold-individually","11":"shipping-taxable","12":"purchasable","13":"product-type-simple"},"_links":{"self":[{"href":"https:\/\/gastronova.eu\/cs\/wp-json\/wp\/v2\/product\/35171","targetHints":{"allow":["GET"]}}],"collection":[{"href":"https:\/\/gastronova.eu\/cs\/wp-json\/wp\/v2\/product"}],"about":[{"href":"https:\/\/gastronova.eu\/cs\/wp-json\/wp\/v2\/types\/product"}],"replies":[{"embeddable":true,"href":"https:\/\/gastronova.eu\/cs\/wp-json\/wp\/v2\/comments?post=35171"}],"version-history":[{"count":0,"href":"https:\/\/gastronova.eu\/cs\/wp-json\/wp\/v2\/product\/35171\/revisions"}],"wp:featuredmedia":[{"embeddable":true,"href":"https:\/\/gastronova.eu\/cs\/wp-json\/wp\/v2\/media\/29725"}],"wp:attachment":[{"href":"https:\/\/gastronova.eu\/cs\/wp-json\/wp\/v2\/media?parent=35171"}],"wp:term":[{"taxonomy":"product_brand","embeddable":true,"href":"https:\/\/gastronova.eu\/cs\/wp-json\/wp\/v2\/product_brand?post=35171"},{"taxonomy":"product_cat","embeddable":true,"href":"https:\/\/gastronova.eu\/cs\/wp-json\/wp\/v2\/product_cat?post=35171"},{"taxonomy":"product_tag","embeddable":true,"href":"https:\/\/gastronova.eu\/cs\/wp-json\/wp\/v2\/product_tag?post=35171"}],"curies":[{"name":"wp","href":"https:\/\/api.w.org\/{rel}","templated":true}]}}