{"id":35176,"date":"2025-05-23T13:01:43","date_gmt":"2025-05-23T11:01:43","guid":{"rendered":"https:\/\/gastronova.eu\/produkt\/plynova-pec-na-pizzu-drevo-890\/"},"modified":"2025-05-23T13:01:43","modified_gmt":"2025-05-23T11:01:43","slug":"plynova-pec-na-pizzu-drevo-890","status":"publish","type":"product","link":"https:\/\/gastronova.eu\/cs\/produkt\/plynova-pec-na-pizzu-drevo-890\/","title":{"rendered":"Plynov\u00e1 pec na pizzu \/ d\u0159evo 890"},"content":{"rendered":"<p>Rozm\u011bry: 890 x 790 x 1000 mm<\/p>\n<p>Vnit\u0159n\u00ed r.: 620 x 620 x 300 mm<\/p>\n<p>Hmotnost: 60 kg<\/p>\n<p>Kapacita: Max. 4 x 30 cm pizzy v jednom cyklu.<\/p>\n","protected":false},"excerpt":{"rendered":"<p>Rozm\u011bry: 890 x 790 x 1000 mm Vnit\u0159n\u00ed r.: 620 x 620 x 300 mm Hmotnost: 60 kg Kapacita: Max.<\/p>\n","protected":false},"featured_media":29472,"comment_status":"open","ping_status":"closed","template":"","meta":[],"product_brand":[],"product_cat":[250],"product_tag":[],"class_list":{"0":"post-35176","1":"product","2":"type-product","3":"status-publish","4":"has-post-thumbnail","6":"product_cat-plynove-pece-na-pizzu","8":"first","9":"instock","10":"sold-individually","11":"shipping-taxable","12":"purchasable","13":"product-type-simple"},"_links":{"self":[{"href":"https:\/\/gastronova.eu\/cs\/wp-json\/wp\/v2\/product\/35176","targetHints":{"allow":["GET"]}}],"collection":[{"href":"https:\/\/gastronova.eu\/cs\/wp-json\/wp\/v2\/product"}],"about":[{"href":"https:\/\/gastronova.eu\/cs\/wp-json\/wp\/v2\/types\/product"}],"replies":[{"embeddable":true,"href":"https:\/\/gastronova.eu\/cs\/wp-json\/wp\/v2\/comments?post=35176"}],"version-history":[{"count":0,"href":"https:\/\/gastronova.eu\/cs\/wp-json\/wp\/v2\/product\/35176\/revisions"}],"wp:featuredmedia":[{"embeddable":true,"href":"https:\/\/gastronova.eu\/cs\/wp-json\/wp\/v2\/media\/29472"}],"wp:attachment":[{"href":"https:\/\/gastronova.eu\/cs\/wp-json\/wp\/v2\/media?parent=35176"}],"wp:term":[{"taxonomy":"product_brand","embeddable":true,"href":"https:\/\/gastronova.eu\/cs\/wp-json\/wp\/v2\/product_brand?post=35176"},{"taxonomy":"product_cat","embeddable":true,"href":"https:\/\/gastronova.eu\/cs\/wp-json\/wp\/v2\/product_cat?post=35176"},{"taxonomy":"product_tag","embeddable":true,"href":"https:\/\/gastronova.eu\/cs\/wp-json\/wp\/v2\/product_tag?post=35176"}],"curies":[{"name":"wp","href":"https:\/\/api.w.org\/{rel}","templated":true}]}}