{"id":35178,"date":"2025-05-23T13:15:34","date_gmt":"2025-05-23T11:15:34","guid":{"rendered":"https:\/\/gastronova.eu\/produkt\/plynova-pec-na-pizzu-drevo-635\/"},"modified":"2025-05-23T13:15:34","modified_gmt":"2025-05-23T11:15:34","slug":"plynova-pec-na-pizzu-drevo-635","status":"publish","type":"product","link":"https:\/\/gastronova.eu\/cs\/produkt\/plynova-pec-na-pizzu-drevo-635\/","title":{"rendered":"Plynov\u00e1 pec na pizzu \/ d\u0159evo 635"},"content":{"rendered":"<p>Rozm\u011bry: 635 x 695 x 1040 mm<\/p>\n<p>Vnit\u0159n\u00ed r.: 635 x 695 x 240 mm<\/p>\n<p>Hmotnost: 30 kg<\/p>\n<p>Kapacita: Max. 4 x 30 cm pizzy na jeden cyklus.<\/p>\n","protected":false},"excerpt":{"rendered":"<p>Rozm\u011bry: 635 x 695 x 1040 mm Vnit\u0159n\u00ed r.: 635 x 695 x 240 mm Hmotnost: 30 kg Kapacita: Max.<\/p>\n","protected":false},"featured_media":29475,"comment_status":"open","ping_status":"closed","template":"","meta":[],"product_brand":[],"product_cat":[250],"product_tag":[],"class_list":{"0":"post-35178","1":"product","2":"type-product","3":"status-publish","4":"has-post-thumbnail","6":"product_cat-plynove-pece-na-pizzu","8":"first","9":"instock","10":"sold-individually","11":"shipping-taxable","12":"purchasable","13":"product-type-simple"},"_links":{"self":[{"href":"https:\/\/gastronova.eu\/cs\/wp-json\/wp\/v2\/product\/35178","targetHints":{"allow":["GET"]}}],"collection":[{"href":"https:\/\/gastronova.eu\/cs\/wp-json\/wp\/v2\/product"}],"about":[{"href":"https:\/\/gastronova.eu\/cs\/wp-json\/wp\/v2\/types\/product"}],"replies":[{"embeddable":true,"href":"https:\/\/gastronova.eu\/cs\/wp-json\/wp\/v2\/comments?post=35178"}],"version-history":[{"count":0,"href":"https:\/\/gastronova.eu\/cs\/wp-json\/wp\/v2\/product\/35178\/revisions"}],"wp:featuredmedia":[{"embeddable":true,"href":"https:\/\/gastronova.eu\/cs\/wp-json\/wp\/v2\/media\/29475"}],"wp:attachment":[{"href":"https:\/\/gastronova.eu\/cs\/wp-json\/wp\/v2\/media?parent=35178"}],"wp:term":[{"taxonomy":"product_brand","embeddable":true,"href":"https:\/\/gastronova.eu\/cs\/wp-json\/wp\/v2\/product_brand?post=35178"},{"taxonomy":"product_cat","embeddable":true,"href":"https:\/\/gastronova.eu\/cs\/wp-json\/wp\/v2\/product_cat?post=35178"},{"taxonomy":"product_tag","embeddable":true,"href":"https:\/\/gastronova.eu\/cs\/wp-json\/wp\/v2\/product_tag?post=35178"}],"curies":[{"name":"wp","href":"https:\/\/api.w.org\/{rel}","templated":true}]}}