{"id":35190,"date":"2025-05-23T13:52:37","date_gmt":"2025-05-23T11:52:37","guid":{"rendered":"https:\/\/gastronova.eu\/produkt\/elektricka-trouba-750\/"},"modified":"2025-05-23T13:52:37","modified_gmt":"2025-05-23T11:52:37","slug":"elektricka-trouba-750","status":"publish","type":"product","link":"https:\/\/gastronova.eu\/cs\/produkt\/elektricka-trouba-750\/","title":{"rendered":"Elektrick\u00e1 trouba 750"},"content":{"rendered":"<p>Rozm\u011br: 750 x 650 x 410 mm<\/p>\n<p>Rozm\u011br desky: 600 x 400 mm<\/p>\n<p>V\u00fdkon: 4,2 kW<\/p>\n<p>&nbsp;<\/p>\n","protected":false},"excerpt":{"rendered":"<p>Rozm\u011br: 750 x 650 x 410 mm Rozm\u011br desky: 600 x 400 mm V\u00fdkon: 4,2 kW &nbsp;<\/p>\n","protected":false},"featured_media":29500,"comment_status":"open","ping_status":"closed","template":"","meta":[],"product_brand":[],"product_cat":[248],"product_tag":[],"class_list":{"0":"post-35190","1":"product","2":"type-product","3":"status-publish","4":"has-post-thumbnail","6":"product_cat-elektricke-pece-na-pizzu","8":"first","9":"instock","10":"sold-individually","11":"shipping-taxable","12":"purchasable","13":"product-type-simple"},"_links":{"self":[{"href":"https:\/\/gastronova.eu\/cs\/wp-json\/wp\/v2\/product\/35190","targetHints":{"allow":["GET"]}}],"collection":[{"href":"https:\/\/gastronova.eu\/cs\/wp-json\/wp\/v2\/product"}],"about":[{"href":"https:\/\/gastronova.eu\/cs\/wp-json\/wp\/v2\/types\/product"}],"replies":[{"embeddable":true,"href":"https:\/\/gastronova.eu\/cs\/wp-json\/wp\/v2\/comments?post=35190"}],"version-history":[{"count":0,"href":"https:\/\/gastronova.eu\/cs\/wp-json\/wp\/v2\/product\/35190\/revisions"}],"wp:featuredmedia":[{"embeddable":true,"href":"https:\/\/gastronova.eu\/cs\/wp-json\/wp\/v2\/media\/29500"}],"wp:attachment":[{"href":"https:\/\/gastronova.eu\/cs\/wp-json\/wp\/v2\/media?parent=35190"}],"wp:term":[{"taxonomy":"product_brand","embeddable":true,"href":"https:\/\/gastronova.eu\/cs\/wp-json\/wp\/v2\/product_brand?post=35190"},{"taxonomy":"product_cat","embeddable":true,"href":"https:\/\/gastronova.eu\/cs\/wp-json\/wp\/v2\/product_cat?post=35190"},{"taxonomy":"product_tag","embeddable":true,"href":"https:\/\/gastronova.eu\/cs\/wp-json\/wp\/v2\/product_tag?post=35190"}],"curies":[{"name":"wp","href":"https:\/\/api.w.org\/{rel}","templated":true}]}}