{"id":35195,"date":"2025-05-23T14:08:30","date_gmt":"2025-05-23T12:08:30","guid":{"rendered":"https:\/\/gastronova.eu\/produkt\/plynovy-sporak-se-4-horaky\/"},"modified":"2025-05-23T14:08:30","modified_gmt":"2025-05-23T12:08:30","slug":"plynovy-sporak-se-4-horaky","status":"publish","type":"product","link":"https:\/\/gastronova.eu\/cs\/produkt\/plynovy-sporak-se-4-horaky\/","title":{"rendered":"Plynov\u00fd spor\u00e1k se 4 ho\u0159\u00e1ky"},"content":{"rendered":"<p>Rozm\u011bry: 800 x 730 x 940 mm<\/p>\n<p>Hmotnost: 91 kg<\/p>\n<p>Ho\u0159\u00e1ky: 4<\/p>\n<p>&nbsp;<\/p>\n","protected":false},"excerpt":{"rendered":"<p>Rozm\u011bry: 800 x 730 x 940 mm Hmotnost: 91 kg Ho\u0159\u00e1ky: 4 &nbsp;<\/p>\n","protected":false},"featured_media":29506,"comment_status":"open","ping_status":"closed","template":"","meta":[],"product_brand":[],"product_cat":[405],"product_tag":[],"class_list":{"0":"post-35195","1":"product","2":"type-product","3":"status-publish","4":"has-post-thumbnail","6":"product_cat-plynovy-sporak-cs","8":"first","9":"instock","10":"sold-individually","11":"shipping-taxable","12":"purchasable","13":"product-type-simple"},"_links":{"self":[{"href":"https:\/\/gastronova.eu\/cs\/wp-json\/wp\/v2\/product\/35195","targetHints":{"allow":["GET"]}}],"collection":[{"href":"https:\/\/gastronova.eu\/cs\/wp-json\/wp\/v2\/product"}],"about":[{"href":"https:\/\/gastronova.eu\/cs\/wp-json\/wp\/v2\/types\/product"}],"replies":[{"embeddable":true,"href":"https:\/\/gastronova.eu\/cs\/wp-json\/wp\/v2\/comments?post=35195"}],"version-history":[{"count":0,"href":"https:\/\/gastronova.eu\/cs\/wp-json\/wp\/v2\/product\/35195\/revisions"}],"wp:featuredmedia":[{"embeddable":true,"href":"https:\/\/gastronova.eu\/cs\/wp-json\/wp\/v2\/media\/29506"}],"wp:attachment":[{"href":"https:\/\/gastronova.eu\/cs\/wp-json\/wp\/v2\/media?parent=35195"}],"wp:term":[{"taxonomy":"product_brand","embeddable":true,"href":"https:\/\/gastronova.eu\/cs\/wp-json\/wp\/v2\/product_brand?post=35195"},{"taxonomy":"product_cat","embeddable":true,"href":"https:\/\/gastronova.eu\/cs\/wp-json\/wp\/v2\/product_cat?post=35195"},{"taxonomy":"product_tag","embeddable":true,"href":"https:\/\/gastronova.eu\/cs\/wp-json\/wp\/v2\/product_tag?post=35195"}],"curies":[{"name":"wp","href":"https:\/\/api.w.org\/{rel}","templated":true}]}}