{"id":35232,"date":"2025-05-23T14:30:06","date_gmt":"2025-05-23T12:30:06","guid":{"rendered":"https:\/\/gastronova.eu\/produkt\/st-elektricky-sporak-se-2-horaky\/"},"modified":"2025-05-23T14:30:06","modified_gmt":"2025-05-23T12:30:06","slug":"st-elektricky-sporak-se-2-horaky","status":"publish","type":"product","link":"https:\/\/gastronova.eu\/cs\/produkt\/st-elektricky-sporak-se-2-horaky\/","title":{"rendered":"ST- Elektrick\u00fd spor\u00e1k se 2 ho\u0159\u00e1ky"},"content":{"rendered":"<p>Rozm\u011bry: 400 x 650 x 480 mm<\/p>\n<p>Hmotnost: 13 kg<\/p>\n<p>Ho\u0159\u00e1ky: 2<\/p>\n<p>V\u00fdkon: 4,6 kW<\/p>\n<p>Nap\u00e1jen\u00ed: 220 V<\/p>\n<p>&nbsp;<\/p>\n","protected":false},"excerpt":{"rendered":"<p>Rozm\u011bry: 400 x 650 x 480 mm Hmotnost: 13 kg Ho\u0159\u00e1ky: 2 V\u00fdkon: 4,6 kW Nap\u00e1jen\u00ed: 220 V &nbsp;<\/p>\n","protected":false},"featured_media":29531,"comment_status":"open","ping_status":"closed","template":"","meta":[],"product_brand":[],"product_cat":[361],"product_tag":[],"class_list":{"0":"post-35232","1":"product","2":"type-product","3":"status-publish","4":"has-post-thumbnail","6":"product_cat-elektricky-sporak-cs","8":"first","9":"instock","10":"sold-individually","11":"shipping-taxable","12":"purchasable","13":"product-type-simple"},"_links":{"self":[{"href":"https:\/\/gastronova.eu\/cs\/wp-json\/wp\/v2\/product\/35232","targetHints":{"allow":["GET"]}}],"collection":[{"href":"https:\/\/gastronova.eu\/cs\/wp-json\/wp\/v2\/product"}],"about":[{"href":"https:\/\/gastronova.eu\/cs\/wp-json\/wp\/v2\/types\/product"}],"replies":[{"embeddable":true,"href":"https:\/\/gastronova.eu\/cs\/wp-json\/wp\/v2\/comments?post=35232"}],"version-history":[{"count":0,"href":"https:\/\/gastronova.eu\/cs\/wp-json\/wp\/v2\/product\/35232\/revisions"}],"wp:featuredmedia":[{"embeddable":true,"href":"https:\/\/gastronova.eu\/cs\/wp-json\/wp\/v2\/media\/29531"}],"wp:attachment":[{"href":"https:\/\/gastronova.eu\/cs\/wp-json\/wp\/v2\/media?parent=35232"}],"wp:term":[{"taxonomy":"product_brand","embeddable":true,"href":"https:\/\/gastronova.eu\/cs\/wp-json\/wp\/v2\/product_brand?post=35232"},{"taxonomy":"product_cat","embeddable":true,"href":"https:\/\/gastronova.eu\/cs\/wp-json\/wp\/v2\/product_cat?post=35232"},{"taxonomy":"product_tag","embeddable":true,"href":"https:\/\/gastronova.eu\/cs\/wp-json\/wp\/v2\/product_tag?post=35232"}],"curies":[{"name":"wp","href":"https:\/\/api.w.org\/{rel}","templated":true}]}}