{"id":35236,"date":"2025-05-26T12:59:01","date_gmt":"2025-05-26T10:59:01","guid":{"rendered":"https:\/\/gastronova.eu\/produkt\/klasicky-mlynek-na-kavu\/"},"modified":"2025-05-26T12:59:01","modified_gmt":"2025-05-26T10:59:01","slug":"klasicky-mlynek-na-kavu","status":"publish","type":"product","link":"https:\/\/gastronova.eu\/cs\/produkt\/klasicky-mlynek-na-kavu\/","title":{"rendered":"Klasick\u00fd ml\u00fdnek na k\u00e1vu"},"content":{"rendered":"<p>Rozm\u011bry: 175 x 226 x 362 mm<\/p>\n<p>V\u00fdkon: 0,25 kW<\/p>\n<p>&nbsp;<\/p>\n<p>&nbsp;<\/p>\n","protected":false},"excerpt":{"rendered":"<p>Rozm\u011bry: 175 x 226 x 362 mm V\u00fdkon: 0,25 kW &nbsp; &nbsp;<\/p>\n","protected":false},"featured_media":29767,"comment_status":"open","ping_status":"closed","template":"","meta":[],"product_brand":[],"product_cat":[366],"product_tag":[],"class_list":{"0":"post-35236","1":"product","2":"type-product","3":"status-publish","4":"has-post-thumbnail","6":"product_cat-kavovary-cs","8":"first","9":"instock","10":"sold-individually","11":"shipping-taxable","12":"purchasable","13":"product-type-simple"},"_links":{"self":[{"href":"https:\/\/gastronova.eu\/cs\/wp-json\/wp\/v2\/product\/35236","targetHints":{"allow":["GET"]}}],"collection":[{"href":"https:\/\/gastronova.eu\/cs\/wp-json\/wp\/v2\/product"}],"about":[{"href":"https:\/\/gastronova.eu\/cs\/wp-json\/wp\/v2\/types\/product"}],"replies":[{"embeddable":true,"href":"https:\/\/gastronova.eu\/cs\/wp-json\/wp\/v2\/comments?post=35236"}],"version-history":[{"count":0,"href":"https:\/\/gastronova.eu\/cs\/wp-json\/wp\/v2\/product\/35236\/revisions"}],"wp:featuredmedia":[{"embeddable":true,"href":"https:\/\/gastronova.eu\/cs\/wp-json\/wp\/v2\/media\/29767"}],"wp:attachment":[{"href":"https:\/\/gastronova.eu\/cs\/wp-json\/wp\/v2\/media?parent=35236"}],"wp:term":[{"taxonomy":"product_brand","embeddable":true,"href":"https:\/\/gastronova.eu\/cs\/wp-json\/wp\/v2\/product_brand?post=35236"},{"taxonomy":"product_cat","embeddable":true,"href":"https:\/\/gastronova.eu\/cs\/wp-json\/wp\/v2\/product_cat?post=35236"},{"taxonomy":"product_tag","embeddable":true,"href":"https:\/\/gastronova.eu\/cs\/wp-json\/wp\/v2\/product_tag?post=35236"}],"curies":[{"name":"wp","href":"https:\/\/api.w.org\/{rel}","templated":true}]}}