{"id":35289,"date":"2025-05-28T14:01:48","date_gmt":"2025-05-28T12:01:48","guid":{"rendered":"https:\/\/gastronova.eu\/produkt\/kompaktni-2\/"},"modified":"2025-05-28T14:01:48","modified_gmt":"2025-05-28T12:01:48","slug":"kompaktni-2","status":"publish","type":"product","link":"https:\/\/gastronova.eu\/cs\/produkt\/kompaktni-2\/","title":{"rendered":"Kompaktn\u00ed"},"content":{"rendered":"","protected":false},"excerpt":{"rendered":"<p><span style=\"font-weight: 400;\">Rounder Compact je ide\u00e1ln\u00ed pro ty, kte\u0159\u00ed hledaj\u00ed co nejjednodu\u0161\u0161\u00ed vstup do sv\u011bta mobiln\u00ed gastronomie. S lehkou konstrukc\u00ed ze skeln\u00fdch vl\u00e1ken a celkovou hmotnost\u00ed pod   <\/span><b>750 kg<\/b><span style=\"font-weight: 400;\"> m\u016f\u017eete ho t\u00e1hnout s b\u011b\u017en\u00fdm \u0159idi\u010dsk\u00fdm pr\u016fkazem skupiny. <\/span><b>B<\/b><span style=\"font-weight: 400;\"> &#8211; bez pot\u0159eby dal\u0161\u00edch \u0159idi\u010dsk\u00fdch pr\u016fkaz\u016f nebo speci\u00e1ln\u00edho vozidla.<\/span><\/p>\n<p><span style=\"font-weight: 400;\">Zaoblen\u00fd design upout\u00e1 pozornost a z\u00e1rove\u0148 zaji\u0161\u0165uje aerodynamiku a snadn\u011bj\u0161\u00ed ovl\u00e1d\u00e1n\u00ed. Tento model je ide\u00e1ln\u00ed pro   <\/span><b>zmrzlina, k\u00e1va, n\u00e1poje, prosecco, propaga\u010dn\u00ed st\u00e1nky nebo men\u0161\u00ed projekty pouli\u010dn\u00edho ob\u010derstven\u00ed.<\/b><span style=\"font-weight: 400;\">kter\u00e9 se \u010dasto pohybuj\u00ed a p\u016fsob\u00ed v men\u0161\u00edch prostor\u00e1ch.<\/span><\/p>\n<p><span style=\"font-weight: 400;\">Pokud hled\u00e1te vizu\u00e1ln\u011b p\u0159ita\u017eliv\u00fd, lehk\u00fd a praktick\u00fd p\u0159\u00edv\u011bs bez slo\u017eitost\u00ed, je Rounder Compact skv\u011blou volbou.<\/span><\/p>\n","protected":false},"featured_media":34023,"comment_status":"open","ping_status":"closed","template":"","meta":[],"product_brand":[],"product_cat":[282,20],"product_tag":[],"class_list":{"0":"post-35289","1":"product","2":"type-product","3":"status-publish","4":"has-post-thumbnail","6":"product_cat-rounder-cs","7":"product_cat-trucks","9":"first","10":"instock","11":"sold-individually","12":"shipping-taxable","13":"purchasable","14":"product-type-variable","15":"has-default-attributes"},"_links":{"self":[{"href":"https:\/\/gastronova.eu\/cs\/wp-json\/wp\/v2\/product\/35289","targetHints":{"allow":["GET"]}}],"collection":[{"href":"https:\/\/gastronova.eu\/cs\/wp-json\/wp\/v2\/product"}],"about":[{"href":"https:\/\/gastronova.eu\/cs\/wp-json\/wp\/v2\/types\/product"}],"replies":[{"embeddable":true,"href":"https:\/\/gastronova.eu\/cs\/wp-json\/wp\/v2\/comments?post=35289"}],"version-history":[{"count":0,"href":"https:\/\/gastronova.eu\/cs\/wp-json\/wp\/v2\/product\/35289\/revisions"}],"wp:featuredmedia":[{"embeddable":true,"href":"https:\/\/gastronova.eu\/cs\/wp-json\/wp\/v2\/media\/34023"}],"wp:attachment":[{"href":"https:\/\/gastronova.eu\/cs\/wp-json\/wp\/v2\/media?parent=35289"}],"wp:term":[{"taxonomy":"product_brand","embeddable":true,"href":"https:\/\/gastronova.eu\/cs\/wp-json\/wp\/v2\/product_brand?post=35289"},{"taxonomy":"product_cat","embeddable":true,"href":"https:\/\/gastronova.eu\/cs\/wp-json\/wp\/v2\/product_cat?post=35289"},{"taxonomy":"product_tag","embeddable":true,"href":"https:\/\/gastronova.eu\/cs\/wp-json\/wp\/v2\/product_tag?post=35289"}],"curies":[{"name":"wp","href":"https:\/\/api.w.org\/{rel}","templated":true}]}}