{"id":35328,"date":"2025-05-22T13:18:55","date_gmt":"2025-05-22T11:18:55","guid":{"rendered":"https:\/\/gastronova.eu\/produkt\/plynova-friteza-2-kose-28l\/"},"modified":"2025-05-22T13:18:55","modified_gmt":"2025-05-22T11:18:55","slug":"plynova-friteza-2-kose-28l","status":"publish","type":"product","link":"https:\/\/gastronova.eu\/cs\/produkt\/plynova-friteza-2-kose-28l\/","title":{"rendered":"Plynov\u00e1 frit\u00e9za 2 ko\u0161e 28L"},"content":{"rendered":"<p>Rozm\u011bry: 800 x 730 x 940 mm<\/p>\n<p>Hmotnost: 85 kg<\/p>\n<p>Objem: 2 x 28 l<\/p>\n<p>&nbsp;<\/p>\n<p>&nbsp;<\/p>\n","protected":false},"excerpt":{"rendered":"<p>Rozm\u011bry: 800 x 730 x 940 mm Hmotnost: 85 kg Objem: 2 x 28 l &nbsp; &nbsp;<\/p>\n","protected":false},"featured_media":29298,"comment_status":"open","ping_status":"closed","template":"","meta":[],"product_brand":[],"product_cat":[455],"product_tag":[],"class_list":{"0":"post-35328","1":"product","2":"type-product","3":"status-publish","4":"has-post-thumbnail","6":"product_cat-plynove-fritezy-cs","8":"first","9":"instock","10":"sold-individually","11":"shipping-taxable","12":"purchasable","13":"product-type-simple"},"_links":{"self":[{"href":"https:\/\/gastronova.eu\/cs\/wp-json\/wp\/v2\/product\/35328","targetHints":{"allow":["GET"]}}],"collection":[{"href":"https:\/\/gastronova.eu\/cs\/wp-json\/wp\/v2\/product"}],"about":[{"href":"https:\/\/gastronova.eu\/cs\/wp-json\/wp\/v2\/types\/product"}],"replies":[{"embeddable":true,"href":"https:\/\/gastronova.eu\/cs\/wp-json\/wp\/v2\/comments?post=35328"}],"version-history":[{"count":0,"href":"https:\/\/gastronova.eu\/cs\/wp-json\/wp\/v2\/product\/35328\/revisions"}],"wp:featuredmedia":[{"embeddable":true,"href":"https:\/\/gastronova.eu\/cs\/wp-json\/wp\/v2\/media\/29298"}],"wp:attachment":[{"href":"https:\/\/gastronova.eu\/cs\/wp-json\/wp\/v2\/media?parent=35328"}],"wp:term":[{"taxonomy":"product_brand","embeddable":true,"href":"https:\/\/gastronova.eu\/cs\/wp-json\/wp\/v2\/product_brand?post=35328"},{"taxonomy":"product_cat","embeddable":true,"href":"https:\/\/gastronova.eu\/cs\/wp-json\/wp\/v2\/product_cat?post=35328"},{"taxonomy":"product_tag","embeddable":true,"href":"https:\/\/gastronova.eu\/cs\/wp-json\/wp\/v2\/product_tag?post=35328"}],"curies":[{"name":"wp","href":"https:\/\/api.w.org\/{rel}","templated":true}]}}