{"id":35336,"date":"2025-05-22T13:25:11","date_gmt":"2025-05-22T11:25:11","guid":{"rendered":"https:\/\/gastronova.eu\/produkt\/plynova-friteza-1-kos-30l\/"},"modified":"2025-05-22T13:25:11","modified_gmt":"2025-05-22T11:25:11","slug":"plynova-friteza-1-kos-30l","status":"publish","type":"product","link":"https:\/\/gastronova.eu\/cs\/produkt\/plynova-friteza-1-kos-30l\/","title":{"rendered":"Plynov\u00e1 frit\u00e9za 1 ko\u0161 30L"},"content":{"rendered":"<p>Rozm\u011bry: 380 x 650 x 1050 mm<\/p>\n<p>Hmotnost: 41 kg<\/p>\n<p>Objem: 1 x 30 l<\/p>\n<p>&nbsp;<\/p>\n<p>&nbsp;<\/p>\n","protected":false},"excerpt":{"rendered":"<p>Rozm\u011bry: 380 x 650 x 1050 mm Hmotnost: 41 kg Objem: 1 x 30 l &nbsp; &nbsp;<\/p>\n","protected":false},"featured_media":29304,"comment_status":"open","ping_status":"closed","template":"","meta":[],"product_brand":[],"product_cat":[455],"product_tag":[],"class_list":{"0":"post-35336","1":"product","2":"type-product","3":"status-publish","4":"has-post-thumbnail","6":"product_cat-plynove-fritezy-cs","8":"first","9":"instock","10":"sold-individually","11":"shipping-taxable","12":"purchasable","13":"product-type-simple"},"_links":{"self":[{"href":"https:\/\/gastronova.eu\/cs\/wp-json\/wp\/v2\/product\/35336","targetHints":{"allow":["GET"]}}],"collection":[{"href":"https:\/\/gastronova.eu\/cs\/wp-json\/wp\/v2\/product"}],"about":[{"href":"https:\/\/gastronova.eu\/cs\/wp-json\/wp\/v2\/types\/product"}],"replies":[{"embeddable":true,"href":"https:\/\/gastronova.eu\/cs\/wp-json\/wp\/v2\/comments?post=35336"}],"version-history":[{"count":0,"href":"https:\/\/gastronova.eu\/cs\/wp-json\/wp\/v2\/product\/35336\/revisions"}],"wp:featuredmedia":[{"embeddable":true,"href":"https:\/\/gastronova.eu\/cs\/wp-json\/wp\/v2\/media\/29304"}],"wp:attachment":[{"href":"https:\/\/gastronova.eu\/cs\/wp-json\/wp\/v2\/media?parent=35336"}],"wp:term":[{"taxonomy":"product_brand","embeddable":true,"href":"https:\/\/gastronova.eu\/cs\/wp-json\/wp\/v2\/product_brand?post=35336"},{"taxonomy":"product_cat","embeddable":true,"href":"https:\/\/gastronova.eu\/cs\/wp-json\/wp\/v2\/product_cat?post=35336"},{"taxonomy":"product_tag","embeddable":true,"href":"https:\/\/gastronova.eu\/cs\/wp-json\/wp\/v2\/product_tag?post=35336"}],"curies":[{"name":"wp","href":"https:\/\/api.w.org\/{rel}","templated":true}]}}