{"id":35342,"date":"2025-05-22T13:39:34","date_gmt":"2025-05-22T11:39:34","guid":{"rendered":"https:\/\/gastronova.eu\/produkt\/st-plynova-friteza-1-kos-14-l\/"},"modified":"2025-05-22T13:39:34","modified_gmt":"2025-05-22T11:39:34","slug":"st-plynova-friteza-1-kos-14-l","status":"publish","type":"product","link":"https:\/\/gastronova.eu\/cs\/produkt\/st-plynova-friteza-1-kos-14-l\/","title":{"rendered":"ST. Plynov\u00e1 frit\u00e9za 1 ko\u0161 14 l"},"content":{"rendered":"<p>Rozm\u011bry: 400 x 650 x 480 mm<\/p>\n<p>Hmotnost: 20 kg<\/p>\n<p>Objem: 1 x 14 l<\/p>\n<p>&nbsp;<\/p>\n<p>&nbsp;<\/p>\n","protected":false},"excerpt":{"rendered":"<p>Rozm\u011bry: 400 x 650 x 480 mm Hmotnost: 20 kg Objem: 1 x 14 l &nbsp; &nbsp;<\/p>\n","protected":false},"featured_media":29316,"comment_status":"open","ping_status":"closed","template":"","meta":[],"product_brand":[],"product_cat":[455],"product_tag":[],"class_list":{"0":"post-35342","1":"product","2":"type-product","3":"status-publish","4":"has-post-thumbnail","6":"product_cat-plynove-fritezy-cs","8":"first","9":"instock","10":"sold-individually","11":"shipping-taxable","12":"purchasable","13":"product-type-simple"},"_links":{"self":[{"href":"https:\/\/gastronova.eu\/cs\/wp-json\/wp\/v2\/product\/35342","targetHints":{"allow":["GET"]}}],"collection":[{"href":"https:\/\/gastronova.eu\/cs\/wp-json\/wp\/v2\/product"}],"about":[{"href":"https:\/\/gastronova.eu\/cs\/wp-json\/wp\/v2\/types\/product"}],"replies":[{"embeddable":true,"href":"https:\/\/gastronova.eu\/cs\/wp-json\/wp\/v2\/comments?post=35342"}],"version-history":[{"count":0,"href":"https:\/\/gastronova.eu\/cs\/wp-json\/wp\/v2\/product\/35342\/revisions"}],"wp:featuredmedia":[{"embeddable":true,"href":"https:\/\/gastronova.eu\/cs\/wp-json\/wp\/v2\/media\/29316"}],"wp:attachment":[{"href":"https:\/\/gastronova.eu\/cs\/wp-json\/wp\/v2\/media?parent=35342"}],"wp:term":[{"taxonomy":"product_brand","embeddable":true,"href":"https:\/\/gastronova.eu\/cs\/wp-json\/wp\/v2\/product_brand?post=35342"},{"taxonomy":"product_cat","embeddable":true,"href":"https:\/\/gastronova.eu\/cs\/wp-json\/wp\/v2\/product_cat?post=35342"},{"taxonomy":"product_tag","embeddable":true,"href":"https:\/\/gastronova.eu\/cs\/wp-json\/wp\/v2\/product_tag?post=35342"}],"curies":[{"name":"wp","href":"https:\/\/api.w.org\/{rel}","templated":true}]}}