{"id":35362,"date":"2025-05-22T14:10:45","date_gmt":"2025-05-22T12:10:45","guid":{"rendered":"https:\/\/gastronova.eu\/produkt\/st-plynova-friteza-2-kose-6l\/"},"modified":"2025-05-22T14:10:45","modified_gmt":"2025-05-22T12:10:45","slug":"st-plynova-friteza-2-kose-6l","status":"publish","type":"product","link":"https:\/\/gastronova.eu\/cs\/produkt\/st-plynova-friteza-2-kose-6l\/","title":{"rendered":"ST. Plynov\u00e1 frit\u00e9za 2 ko\u0161e 6L"},"content":{"rendered":"<p>Rozm\u011bry: 580 x 520 x 460 mm<\/p>\n<p>Hmotnost: 20 kg<\/p>\n<p>Objem: 2 x 6 l<\/p>\n<p>&nbsp;<\/p>\n<p>&nbsp;<\/p>\n","protected":false},"excerpt":{"rendered":"<p>Rozm\u011bry: 580 x 520 x 460 mm Hmotnost: 20 kg Objem: 2 x 6 l &nbsp; &nbsp;<\/p>\n","protected":false},"featured_media":29332,"comment_status":"open","ping_status":"closed","template":"","meta":[],"product_brand":[],"product_cat":[455],"product_tag":[],"class_list":{"0":"post-35362","1":"product","2":"type-product","3":"status-publish","4":"has-post-thumbnail","6":"product_cat-plynove-fritezy-cs","8":"first","9":"instock","10":"sold-individually","11":"shipping-taxable","12":"purchasable","13":"product-type-simple"},"_links":{"self":[{"href":"https:\/\/gastronova.eu\/cs\/wp-json\/wp\/v2\/product\/35362","targetHints":{"allow":["GET"]}}],"collection":[{"href":"https:\/\/gastronova.eu\/cs\/wp-json\/wp\/v2\/product"}],"about":[{"href":"https:\/\/gastronova.eu\/cs\/wp-json\/wp\/v2\/types\/product"}],"replies":[{"embeddable":true,"href":"https:\/\/gastronova.eu\/cs\/wp-json\/wp\/v2\/comments?post=35362"}],"version-history":[{"count":0,"href":"https:\/\/gastronova.eu\/cs\/wp-json\/wp\/v2\/product\/35362\/revisions"}],"wp:featuredmedia":[{"embeddable":true,"href":"https:\/\/gastronova.eu\/cs\/wp-json\/wp\/v2\/media\/29332"}],"wp:attachment":[{"href":"https:\/\/gastronova.eu\/cs\/wp-json\/wp\/v2\/media?parent=35362"}],"wp:term":[{"taxonomy":"product_brand","embeddable":true,"href":"https:\/\/gastronova.eu\/cs\/wp-json\/wp\/v2\/product_brand?post=35362"},{"taxonomy":"product_cat","embeddable":true,"href":"https:\/\/gastronova.eu\/cs\/wp-json\/wp\/v2\/product_cat?post=35362"},{"taxonomy":"product_tag","embeddable":true,"href":"https:\/\/gastronova.eu\/cs\/wp-json\/wp\/v2\/product_tag?post=35362"}],"curies":[{"name":"wp","href":"https:\/\/api.w.org\/{rel}","templated":true}]}}