{"id":35380,"date":"2025-05-22T14:34:41","date_gmt":"2025-05-22T12:34:41","guid":{"rendered":"https:\/\/gastronova.eu\/produkt\/st-el-friteza-2-kose-125-l\/"},"modified":"2025-05-22T14:34:41","modified_gmt":"2025-05-22T12:34:41","slug":"st-el-friteza-2-kose-125-l","status":"publish","type":"product","link":"https:\/\/gastronova.eu\/cs\/produkt\/st-el-friteza-2-kose-125-l\/","title":{"rendered":"ST. EL. Frit\u00e9za 2 ko\u0161e 12,5 l"},"content":{"rendered":"<p>Rozm\u011bry: 660 x 600 x 435 mm<\/p>\n<p>Hmotnost: 22 kg<\/p>\n<p>Objem: 2 x 12,5 l<\/p>\n<p>V\u00fdkon: 7,6 kW<\/p>\n","protected":false},"excerpt":{"rendered":"<p>Rozm\u011bry: 660 x 600 x 435 mm Hmotnost: 22 kg Objem: 2 x 12,5 l V\u00fdkon: 7,6 kW<\/p>\n","protected":false},"featured_media":29351,"comment_status":"open","ping_status":"closed","template":"","meta":[],"product_brand":[],"product_cat":[396],"product_tag":[],"class_list":{"0":"post-35380","1":"product","2":"type-product","3":"status-publish","4":"has-post-thumbnail","6":"product_cat-elektricke-fritezy-cs","8":"first","9":"instock","10":"sold-individually","11":"shipping-taxable","12":"purchasable","13":"product-type-simple"},"_links":{"self":[{"href":"https:\/\/gastronova.eu\/cs\/wp-json\/wp\/v2\/product\/35380","targetHints":{"allow":["GET"]}}],"collection":[{"href":"https:\/\/gastronova.eu\/cs\/wp-json\/wp\/v2\/product"}],"about":[{"href":"https:\/\/gastronova.eu\/cs\/wp-json\/wp\/v2\/types\/product"}],"replies":[{"embeddable":true,"href":"https:\/\/gastronova.eu\/cs\/wp-json\/wp\/v2\/comments?post=35380"}],"version-history":[{"count":0,"href":"https:\/\/gastronova.eu\/cs\/wp-json\/wp\/v2\/product\/35380\/revisions"}],"wp:featuredmedia":[{"embeddable":true,"href":"https:\/\/gastronova.eu\/cs\/wp-json\/wp\/v2\/media\/29351"}],"wp:attachment":[{"href":"https:\/\/gastronova.eu\/cs\/wp-json\/wp\/v2\/media?parent=35380"}],"wp:term":[{"taxonomy":"product_brand","embeddable":true,"href":"https:\/\/gastronova.eu\/cs\/wp-json\/wp\/v2\/product_brand?post=35380"},{"taxonomy":"product_cat","embeddable":true,"href":"https:\/\/gastronova.eu\/cs\/wp-json\/wp\/v2\/product_cat?post=35380"},{"taxonomy":"product_tag","embeddable":true,"href":"https:\/\/gastronova.eu\/cs\/wp-json\/wp\/v2\/product_tag?post=35380"}],"curies":[{"name":"wp","href":"https:\/\/api.w.org\/{rel}","templated":true}]}}