{"id":35391,"date":"2025-05-21T12:29:51","date_gmt":"2025-05-21T10:29:51","guid":{"rendered":"https:\/\/gastronova.eu\/produkt\/pult-z-nerezove-oceli\/"},"modified":"2025-05-21T12:29:51","modified_gmt":"2025-05-21T10:29:51","slug":"pult-z-nerezove-oceli","status":"publish","type":"product","link":"https:\/\/gastronova.eu\/cs\/produkt\/pult-z-nerezove-oceli\/","title":{"rendered":"Pult z nerezov\u00e9 oceli"},"content":{"rendered":"<p>\u00dalo\u017en\u00fd prostor<\/p>\n<p>Cena je za 1 metr.<\/p>\n","protected":false},"excerpt":{"rendered":"<p>\u00dalo\u017en\u00fd prostor Cena je za 1 metr.<\/p>\n","protected":false},"featured_media":28883,"comment_status":"open","ping_status":"closed","template":"","meta":[],"product_brand":[],"product_cat":[257,462],"product_tag":[],"class_list":{"0":"post-35391","1":"product","2":"type-product","3":"status-publish","4":"has-post-thumbnail","6":"product_cat-prislusenstvi-pro-privesy","7":"product_cat-skrinky-a-pulty-cs","9":"first","10":"instock","11":"sold-individually","12":"shipping-taxable","13":"purchasable","14":"product-type-simple"},"_links":{"self":[{"href":"https:\/\/gastronova.eu\/cs\/wp-json\/wp\/v2\/product\/35391","targetHints":{"allow":["GET"]}}],"collection":[{"href":"https:\/\/gastronova.eu\/cs\/wp-json\/wp\/v2\/product"}],"about":[{"href":"https:\/\/gastronova.eu\/cs\/wp-json\/wp\/v2\/types\/product"}],"replies":[{"embeddable":true,"href":"https:\/\/gastronova.eu\/cs\/wp-json\/wp\/v2\/comments?post=35391"}],"version-history":[{"count":0,"href":"https:\/\/gastronova.eu\/cs\/wp-json\/wp\/v2\/product\/35391\/revisions"}],"wp:featuredmedia":[{"embeddable":true,"href":"https:\/\/gastronova.eu\/cs\/wp-json\/wp\/v2\/media\/28883"}],"wp:attachment":[{"href":"https:\/\/gastronova.eu\/cs\/wp-json\/wp\/v2\/media?parent=35391"}],"wp:term":[{"taxonomy":"product_brand","embeddable":true,"href":"https:\/\/gastronova.eu\/cs\/wp-json\/wp\/v2\/product_brand?post=35391"},{"taxonomy":"product_cat","embeddable":true,"href":"https:\/\/gastronova.eu\/cs\/wp-json\/wp\/v2\/product_cat?post=35391"},{"taxonomy":"product_tag","embeddable":true,"href":"https:\/\/gastronova.eu\/cs\/wp-json\/wp\/v2\/product_tag?post=35391"}],"curies":[{"name":"wp","href":"https:\/\/api.w.org\/{rel}","templated":true}]}}