{"id":35399,"date":"2025-05-21T12:33:47","date_gmt":"2025-05-21T10:33:47","guid":{"rendered":"https:\/\/gastronova.eu\/produkt\/posuvne-dvere-k-pultu\/"},"modified":"2025-05-21T12:33:47","modified_gmt":"2025-05-21T10:33:47","slug":"posuvne-dvere-k-pultu","status":"publish","type":"product","link":"https:\/\/gastronova.eu\/cs\/produkt\/posuvne-dvere-k-pultu\/","title":{"rendered":"Posuvn\u00e9 dve\u0159e k pultu"},"content":{"rendered":"<p>Materi\u00e1l:<\/p>\n<p>Cena je za 1 metr.<\/p>\n","protected":false},"excerpt":{"rendered":"<p>Materi\u00e1l: Cena je za 1 metr.<\/p>\n","protected":false},"featured_media":28886,"comment_status":"open","ping_status":"closed","template":"","meta":[],"product_brand":[],"product_cat":[257,462],"product_tag":[],"class_list":{"0":"post-35399","1":"product","2":"type-product","3":"status-publish","4":"has-post-thumbnail","6":"product_cat-prislusenstvi-pro-privesy","7":"product_cat-skrinky-a-pulty-cs","9":"first","10":"instock","11":"sold-individually","12":"shipping-taxable","13":"purchasable","14":"product-type-simple"},"_links":{"self":[{"href":"https:\/\/gastronova.eu\/cs\/wp-json\/wp\/v2\/product\/35399","targetHints":{"allow":["GET"]}}],"collection":[{"href":"https:\/\/gastronova.eu\/cs\/wp-json\/wp\/v2\/product"}],"about":[{"href":"https:\/\/gastronova.eu\/cs\/wp-json\/wp\/v2\/types\/product"}],"replies":[{"embeddable":true,"href":"https:\/\/gastronova.eu\/cs\/wp-json\/wp\/v2\/comments?post=35399"}],"version-history":[{"count":0,"href":"https:\/\/gastronova.eu\/cs\/wp-json\/wp\/v2\/product\/35399\/revisions"}],"wp:featuredmedia":[{"embeddable":true,"href":"https:\/\/gastronova.eu\/cs\/wp-json\/wp\/v2\/media\/28886"}],"wp:attachment":[{"href":"https:\/\/gastronova.eu\/cs\/wp-json\/wp\/v2\/media?parent=35399"}],"wp:term":[{"taxonomy":"product_brand","embeddable":true,"href":"https:\/\/gastronova.eu\/cs\/wp-json\/wp\/v2\/product_brand?post=35399"},{"taxonomy":"product_cat","embeddable":true,"href":"https:\/\/gastronova.eu\/cs\/wp-json\/wp\/v2\/product_cat?post=35399"},{"taxonomy":"product_tag","embeddable":true,"href":"https:\/\/gastronova.eu\/cs\/wp-json\/wp\/v2\/product_tag?post=35399"}],"curies":[{"name":"wp","href":"https:\/\/api.w.org\/{rel}","templated":true}]}}