{"id":35451,"date":"2025-05-21T14:22:05","date_gmt":"2025-05-21T12:22:05","guid":{"rendered":"https:\/\/gastronova.eu\/produkt\/chladnicka-mraznicka-600\/"},"modified":"2025-05-21T14:22:05","modified_gmt":"2025-05-21T12:22:05","slug":"chladnicka-mraznicka-600","status":"publish","type":"product","link":"https:\/\/gastronova.eu\/cs\/produkt\/chladnicka-mraznicka-600\/","title":{"rendered":"Chladni\u010dka\/mrazni\u010dka 600"},"content":{"rendered":"<p>Rozm\u011bry: 600 x 715 x 1 895 mm<\/p>\n<p>Rozsah: -10 a\u017e + 5 \u00b0C<\/p>\n<p>Objem: 385 l<\/p>\n<p>V\u00fdkon: 0,28 kW<\/p>\n<p>Po\u010det dve\u0159\u00ed: 2<\/p>\n","protected":false},"excerpt":{"rendered":"<p>Rozm\u011bry: 600 x 715 x 1 895 mm Rozsah: -10 a\u017e + 5 \u00b0C Objem: 385 l V\u00fdkon: 0,28 kW<\/p>\n","protected":false},"featured_media":28962,"comment_status":"open","ping_status":"closed","template":"","meta":[],"product_brand":[],"product_cat":[470],"product_tag":[],"class_list":{"0":"post-35451","1":"product","2":"type-product","3":"status-publish","4":"has-post-thumbnail","6":"product_cat-chladnicky-mraznicky-cs","8":"first","9":"instock","10":"sold-individually","11":"shipping-taxable","12":"purchasable","13":"product-type-simple"},"_links":{"self":[{"href":"https:\/\/gastronova.eu\/cs\/wp-json\/wp\/v2\/product\/35451","targetHints":{"allow":["GET"]}}],"collection":[{"href":"https:\/\/gastronova.eu\/cs\/wp-json\/wp\/v2\/product"}],"about":[{"href":"https:\/\/gastronova.eu\/cs\/wp-json\/wp\/v2\/types\/product"}],"replies":[{"embeddable":true,"href":"https:\/\/gastronova.eu\/cs\/wp-json\/wp\/v2\/comments?post=35451"}],"version-history":[{"count":0,"href":"https:\/\/gastronova.eu\/cs\/wp-json\/wp\/v2\/product\/35451\/revisions"}],"wp:featuredmedia":[{"embeddable":true,"href":"https:\/\/gastronova.eu\/cs\/wp-json\/wp\/v2\/media\/28962"}],"wp:attachment":[{"href":"https:\/\/gastronova.eu\/cs\/wp-json\/wp\/v2\/media?parent=35451"}],"wp:term":[{"taxonomy":"product_brand","embeddable":true,"href":"https:\/\/gastronova.eu\/cs\/wp-json\/wp\/v2\/product_brand?post=35451"},{"taxonomy":"product_cat","embeddable":true,"href":"https:\/\/gastronova.eu\/cs\/wp-json\/wp\/v2\/product_cat?post=35451"},{"taxonomy":"product_tag","embeddable":true,"href":"https:\/\/gastronova.eu\/cs\/wp-json\/wp\/v2\/product_tag?post=35451"}],"curies":[{"name":"wp","href":"https:\/\/api.w.org\/{rel}","templated":true}]}}