{"id":35484,"date":"2025-05-22T09:39:53","date_gmt":"2025-05-22T07:39:53","guid":{"rendered":"https:\/\/gastronova.eu\/produkt\/4dverova-mraznicka-pro-st\/"},"modified":"2025-05-22T09:39:53","modified_gmt":"2025-05-22T07:39:53","slug":"4dverova-mraznicka-pro-st","status":"publish","type":"product","link":"https:\/\/gastronova.eu\/cs\/produkt\/4dverova-mraznicka-pro-st\/","title":{"rendered":"4dve\u0159ov\u00e1 mrazni\u010dka pro st."},"content":{"rendered":"<p>Rozm\u011bry: 1200 x 750 x 1950 mm<\/p>\n<p>V\u00fdkon: 0,9 kW<\/p>\n<p>Rozsah: -21 a\u017e -18 \u00b0C<\/p>\n<p>Objem: 952 l<\/p>\n<p>Udr\u017eov\u00e1n\u00ed konstantn\u00ed teploty.<\/p>\n","protected":false},"excerpt":{"rendered":"<p>Rozm\u011bry: 1200 x 750 x 1950 mm V\u00fdkon: 0,9 kW Rozsah: -21 a\u017e -18 \u00b0C Objem: 952 l Udr\u017eov\u00e1n\u00ed konstantn\u00ed<\/p>\n","protected":false},"featured_media":29118,"comment_status":"open","ping_status":"closed","template":"","meta":[],"product_brand":[],"product_cat":[473],"product_tag":[],"class_list":{"0":"post-35484","1":"product","2":"type-product","3":"status-publish","4":"has-post-thumbnail","6":"product_cat-chladnicky-s-ventilaci","8":"first","9":"instock","10":"sold-individually","11":"shipping-taxable","12":"purchasable","13":"product-type-simple"},"_links":{"self":[{"href":"https:\/\/gastronova.eu\/cs\/wp-json\/wp\/v2\/product\/35484","targetHints":{"allow":["GET"]}}],"collection":[{"href":"https:\/\/gastronova.eu\/cs\/wp-json\/wp\/v2\/product"}],"about":[{"href":"https:\/\/gastronova.eu\/cs\/wp-json\/wp\/v2\/types\/product"}],"replies":[{"embeddable":true,"href":"https:\/\/gastronova.eu\/cs\/wp-json\/wp\/v2\/comments?post=35484"}],"version-history":[{"count":0,"href":"https:\/\/gastronova.eu\/cs\/wp-json\/wp\/v2\/product\/35484\/revisions"}],"wp:featuredmedia":[{"embeddable":true,"href":"https:\/\/gastronova.eu\/cs\/wp-json\/wp\/v2\/media\/29118"}],"wp:attachment":[{"href":"https:\/\/gastronova.eu\/cs\/wp-json\/wp\/v2\/media?parent=35484"}],"wp:term":[{"taxonomy":"product_brand","embeddable":true,"href":"https:\/\/gastronova.eu\/cs\/wp-json\/wp\/v2\/product_brand?post=35484"},{"taxonomy":"product_cat","embeddable":true,"href":"https:\/\/gastronova.eu\/cs\/wp-json\/wp\/v2\/product_cat?post=35484"},{"taxonomy":"product_tag","embeddable":true,"href":"https:\/\/gastronova.eu\/cs\/wp-json\/wp\/v2\/product_tag?post=35484"}],"curies":[{"name":"wp","href":"https:\/\/api.w.org\/{rel}","templated":true}]}}