{"id":35492,"date":"2025-05-22T09:41:11","date_gmt":"2025-05-22T07:41:11","guid":{"rendered":"https:\/\/gastronova.eu\/produkt\/chladnicka-mraznicka-4-dvere-na-st\/"},"modified":"2025-05-22T09:41:11","modified_gmt":"2025-05-22T07:41:11","slug":"chladnicka-mraznicka-4-dvere-na-st","status":"publish","type":"product","link":"https:\/\/gastronova.eu\/cs\/produkt\/chladnicka-mraznicka-4-dvere-na-st\/","title":{"rendered":"Chladni\u010dka + mrazni\u010dka 4 dve\u0159e na st."},"content":{"rendered":"<p>Rozm\u011bry: 1200 x 750 x 1950 mm<\/p>\n<p>V\u00fdkon: 0,9 kW<\/p>\n<p>Rozsah: -21 a\u017e +5 \u00b0C<\/p>\n<p>Objem: 952 l<\/p>\n<p>Udr\u017eov\u00e1n\u00ed konstantn\u00ed teploty.<\/p>\n","protected":false},"excerpt":{"rendered":"<p>Rozm\u011bry: 1200 x 750 x 1950 mm V\u00fdkon: 0,9 kW Rozsah: -21 a\u017e +5 \u00b0C Objem: 952 l Udr\u017eov\u00e1n\u00ed konstantn\u00ed<\/p>\n","protected":false},"featured_media":29118,"comment_status":"open","ping_status":"closed","template":"","meta":[],"product_brand":[],"product_cat":[473],"product_tag":[],"class_list":{"0":"post-35492","1":"product","2":"type-product","3":"status-publish","4":"has-post-thumbnail","6":"product_cat-chladnicky-s-ventilaci","8":"first","9":"instock","10":"sold-individually","11":"shipping-taxable","12":"purchasable","13":"product-type-simple"},"_links":{"self":[{"href":"https:\/\/gastronova.eu\/cs\/wp-json\/wp\/v2\/product\/35492","targetHints":{"allow":["GET"]}}],"collection":[{"href":"https:\/\/gastronova.eu\/cs\/wp-json\/wp\/v2\/product"}],"about":[{"href":"https:\/\/gastronova.eu\/cs\/wp-json\/wp\/v2\/types\/product"}],"replies":[{"embeddable":true,"href":"https:\/\/gastronova.eu\/cs\/wp-json\/wp\/v2\/comments?post=35492"}],"version-history":[{"count":0,"href":"https:\/\/gastronova.eu\/cs\/wp-json\/wp\/v2\/product\/35492\/revisions"}],"wp:featuredmedia":[{"embeddable":true,"href":"https:\/\/gastronova.eu\/cs\/wp-json\/wp\/v2\/media\/29118"}],"wp:attachment":[{"href":"https:\/\/gastronova.eu\/cs\/wp-json\/wp\/v2\/media?parent=35492"}],"wp:term":[{"taxonomy":"product_brand","embeddable":true,"href":"https:\/\/gastronova.eu\/cs\/wp-json\/wp\/v2\/product_brand?post=35492"},{"taxonomy":"product_cat","embeddable":true,"href":"https:\/\/gastronova.eu\/cs\/wp-json\/wp\/v2\/product_cat?post=35492"},{"taxonomy":"product_tag","embeddable":true,"href":"https:\/\/gastronova.eu\/cs\/wp-json\/wp\/v2\/product_tag?post=35492"}],"curies":[{"name":"wp","href":"https:\/\/api.w.org\/{rel}","templated":true}]}}