{"id":35543,"date":"2025-05-22T10:54:46","date_gmt":"2025-05-22T08:54:46","guid":{"rendered":"https:\/\/gastronova.eu\/produkt\/vyrobnik-ledu-100\/"},"modified":"2025-05-22T10:54:46","modified_gmt":"2025-05-22T08:54:46","slug":"vyrobnik-ledu-100","status":"publish","type":"product","link":"https:\/\/gastronova.eu\/cs\/produkt\/vyrobnik-ledu-100\/","title":{"rendered":"V\u00fdrobn\u00edk ledu 100"},"content":{"rendered":"<p>Rozm\u011bry:500 x 430 x 798 mm<\/p>\n<p>Kapacita:100 kg \/ 24 h<\/p>\n<p>V\u00fdkon:0,45 kW<\/p>\n<p>Cyklus:70 ks ledu<\/p>\n","protected":false},"excerpt":{"rendered":"<p>Rozm\u011bry:500 x 430 x 798 mm Kapacita:100 kg \/ 24 h V\u00fdkon:0,45 kW Cyklus:70 ks ledu<\/p>\n","protected":false},"featured_media":29187,"comment_status":"open","ping_status":"closed","template":"","meta":[],"product_brand":[],"product_cat":[478],"product_tag":[],"class_list":{"0":"post-35543","1":"product","2":"type-product","3":"status-publish","4":"has-post-thumbnail","6":"product_cat-vyrobniky-zmrzliny-zmrzlinovace","8":"first","9":"instock","10":"sold-individually","11":"shipping-taxable","12":"purchasable","13":"product-type-simple"},"_links":{"self":[{"href":"https:\/\/gastronova.eu\/cs\/wp-json\/wp\/v2\/product\/35543","targetHints":{"allow":["GET"]}}],"collection":[{"href":"https:\/\/gastronova.eu\/cs\/wp-json\/wp\/v2\/product"}],"about":[{"href":"https:\/\/gastronova.eu\/cs\/wp-json\/wp\/v2\/types\/product"}],"replies":[{"embeddable":true,"href":"https:\/\/gastronova.eu\/cs\/wp-json\/wp\/v2\/comments?post=35543"}],"version-history":[{"count":0,"href":"https:\/\/gastronova.eu\/cs\/wp-json\/wp\/v2\/product\/35543\/revisions"}],"wp:featuredmedia":[{"embeddable":true,"href":"https:\/\/gastronova.eu\/cs\/wp-json\/wp\/v2\/media\/29187"}],"wp:attachment":[{"href":"https:\/\/gastronova.eu\/cs\/wp-json\/wp\/v2\/media?parent=35543"}],"wp:term":[{"taxonomy":"product_brand","embeddable":true,"href":"https:\/\/gastronova.eu\/cs\/wp-json\/wp\/v2\/product_brand?post=35543"},{"taxonomy":"product_cat","embeddable":true,"href":"https:\/\/gastronova.eu\/cs\/wp-json\/wp\/v2\/product_cat?post=35543"},{"taxonomy":"product_tag","embeddable":true,"href":"https:\/\/gastronova.eu\/cs\/wp-json\/wp\/v2\/product_tag?post=35543"}],"curies":[{"name":"wp","href":"https:\/\/api.w.org\/{rel}","templated":true}]}}