{"id":35548,"date":"2025-05-22T11:12:11","date_gmt":"2025-05-22T09:12:11","guid":{"rendered":"https:\/\/gastronova.eu\/produkt\/automat-na-stavu-2-davkovace\/"},"modified":"2025-05-22T11:12:11","modified_gmt":"2025-05-22T09:12:11","slug":"automat-na-stavu-2-davkovace","status":"publish","type":"product","link":"https:\/\/gastronova.eu\/cs\/produkt\/automat-na-stavu-2-davkovace\/","title":{"rendered":"Automat na \u0161\u0165\u00e1vu &#8211; 2 d\u00e1vkova\u010de"},"content":{"rendered":"<p>Rozm\u011bry: 420 x 450 x 680 mm<\/p>\n<p>Kapacita: 2 x 16 l<\/p>\n<p>V\u00fdkon:0,235 kW<\/p>\n<p>Rozsah: 0 a\u017e <em>6 \u00b0C<\/em><\/p>\n<p>&nbsp;<\/p>\n","protected":false},"excerpt":{"rendered":"<p>Rozm\u011bry: 420 x 450 x 680 mm Kapacita: 2 x 16 l V\u00fdkon:0,235 kW Rozsah: 0 a\u017e 6 \u00b0C &nbsp;<\/p>\n","protected":false},"featured_media":29196,"comment_status":"open","ping_status":"closed","template":"","meta":[],"product_brand":[],"product_cat":[482],"product_tag":[],"class_list":{"0":"post-35548","1":"product","2":"type-product","3":"status-publish","4":"has-post-thumbnail","6":"product_cat-stroje-na-dzusy-drte","8":"first","9":"instock","10":"sold-individually","11":"shipping-taxable","12":"purchasable","13":"product-type-simple"},"_links":{"self":[{"href":"https:\/\/gastronova.eu\/cs\/wp-json\/wp\/v2\/product\/35548","targetHints":{"allow":["GET"]}}],"collection":[{"href":"https:\/\/gastronova.eu\/cs\/wp-json\/wp\/v2\/product"}],"about":[{"href":"https:\/\/gastronova.eu\/cs\/wp-json\/wp\/v2\/types\/product"}],"replies":[{"embeddable":true,"href":"https:\/\/gastronova.eu\/cs\/wp-json\/wp\/v2\/comments?post=35548"}],"version-history":[{"count":0,"href":"https:\/\/gastronova.eu\/cs\/wp-json\/wp\/v2\/product\/35548\/revisions"}],"wp:featuredmedia":[{"embeddable":true,"href":"https:\/\/gastronova.eu\/cs\/wp-json\/wp\/v2\/media\/29196"}],"wp:attachment":[{"href":"https:\/\/gastronova.eu\/cs\/wp-json\/wp\/v2\/media?parent=35548"}],"wp:term":[{"taxonomy":"product_brand","embeddable":true,"href":"https:\/\/gastronova.eu\/cs\/wp-json\/wp\/v2\/product_brand?post=35548"},{"taxonomy":"product_cat","embeddable":true,"href":"https:\/\/gastronova.eu\/cs\/wp-json\/wp\/v2\/product_cat?post=35548"},{"taxonomy":"product_tag","embeddable":true,"href":"https:\/\/gastronova.eu\/cs\/wp-json\/wp\/v2\/product_tag?post=35548"}],"curies":[{"name":"wp","href":"https:\/\/api.w.org\/{rel}","templated":true}]}}