{"id":35551,"date":"2025-05-22T11:10:15","date_gmt":"2025-05-22T09:10:15","guid":{"rendered":"https:\/\/gastronova.eu\/produkt\/automat-na-stavu-1-davkovac\/"},"modified":"2025-05-22T11:10:15","modified_gmt":"2025-05-22T09:10:15","slug":"automat-na-stavu-1-davkovac","status":"publish","type":"product","link":"https:\/\/gastronova.eu\/cs\/produkt\/automat-na-stavu-1-davkovac\/","title":{"rendered":"Automat na \u0161\u0165\u00e1vu &#8211; 1 d\u00e1vkova\u010d"},"content":{"rendered":"<p>Rozm\u011bry: 265 x 375 x 700 mm<\/p>\n<p>Objem: 16 l<\/p>\n<p>V\u00fdkon:0,145 kW<\/p>\n<p>Rozsah: 0 a\u017e <em>6 \u00b0C<\/em><\/p>\n<p>&nbsp;<\/p>\n","protected":false},"excerpt":{"rendered":"<p>Rozm\u011bry: 265 x 375 x 700 mm Objem: 16 l V\u00fdkon:0,145 kW Rozsah: 0 a\u017e 6 \u00b0C &nbsp;<\/p>\n","protected":false},"featured_media":29198,"comment_status":"open","ping_status":"closed","template":"","meta":[],"product_brand":[],"product_cat":[482],"product_tag":[],"class_list":{"0":"post-35551","1":"product","2":"type-product","3":"status-publish","4":"has-post-thumbnail","6":"product_cat-stroje-na-dzusy-drte","8":"first","9":"instock","10":"sold-individually","11":"shipping-taxable","12":"purchasable","13":"product-type-simple"},"_links":{"self":[{"href":"https:\/\/gastronova.eu\/cs\/wp-json\/wp\/v2\/product\/35551","targetHints":{"allow":["GET"]}}],"collection":[{"href":"https:\/\/gastronova.eu\/cs\/wp-json\/wp\/v2\/product"}],"about":[{"href":"https:\/\/gastronova.eu\/cs\/wp-json\/wp\/v2\/types\/product"}],"replies":[{"embeddable":true,"href":"https:\/\/gastronova.eu\/cs\/wp-json\/wp\/v2\/comments?post=35551"}],"version-history":[{"count":0,"href":"https:\/\/gastronova.eu\/cs\/wp-json\/wp\/v2\/product\/35551\/revisions"}],"wp:featuredmedia":[{"embeddable":true,"href":"https:\/\/gastronova.eu\/cs\/wp-json\/wp\/v2\/media\/29198"}],"wp:attachment":[{"href":"https:\/\/gastronova.eu\/cs\/wp-json\/wp\/v2\/media?parent=35551"}],"wp:term":[{"taxonomy":"product_brand","embeddable":true,"href":"https:\/\/gastronova.eu\/cs\/wp-json\/wp\/v2\/product_brand?post=35551"},{"taxonomy":"product_cat","embeddable":true,"href":"https:\/\/gastronova.eu\/cs\/wp-json\/wp\/v2\/product_cat?post=35551"},{"taxonomy":"product_tag","embeddable":true,"href":"https:\/\/gastronova.eu\/cs\/wp-json\/wp\/v2\/product_tag?post=35551"}],"curies":[{"name":"wp","href":"https:\/\/api.w.org\/{rel}","templated":true}]}}