{"id":35577,"date":"2025-05-22T12:26:57","date_gmt":"2025-05-22T10:26:57","guid":{"rendered":"https:\/\/gastronova.eu\/produkt\/stolni-chladnicka-na-dorty-1200\/"},"modified":"2025-05-22T12:26:57","modified_gmt":"2025-05-22T10:26:57","slug":"stolni-chladnicka-na-dorty-1200","status":"publish","type":"product","link":"https:\/\/gastronova.eu\/cs\/produkt\/stolni-chladnicka-na-dorty-1200\/","title":{"rendered":"Stoln\u00ed chladni\u010dka na dorty 1200"},"content":{"rendered":"<p>Rozm\u011bry: 1200 x 500 x 750 mm<\/p>\n<p>V\u00fdkon: 0,280 kW<\/p>\n<p>Rozsah: 2 a\u017e <em>8 \u00b0C<\/em><\/p>\n<p>Chlazen\u00ed vzduchem bez orosen\u00ed<\/p>\n<p>&nbsp;<\/p>\n","protected":false},"excerpt":{"rendered":"<p>Rozm\u011bry: 1200 x 500 x 750 mm V\u00fdkon: 0,280 kW Rozsah: 2 a\u017e 8 \u00b0C Chlazen\u00ed vzduchem bez orosen\u00ed &nbsp;<\/p>\n","protected":false},"featured_media":29211,"comment_status":"open","ping_status":"closed","template":"","meta":[],"product_brand":[],"product_cat":[450],"product_tag":[],"class_list":{"0":"post-35577","1":"product","2":"type-product","3":"status-publish","4":"has-post-thumbnail","6":"product_cat-chladnicky-na-dorty","8":"first","9":"instock","10":"sold-individually","11":"shipping-taxable","12":"purchasable","13":"product-type-simple"},"_links":{"self":[{"href":"https:\/\/gastronova.eu\/cs\/wp-json\/wp\/v2\/product\/35577","targetHints":{"allow":["GET"]}}],"collection":[{"href":"https:\/\/gastronova.eu\/cs\/wp-json\/wp\/v2\/product"}],"about":[{"href":"https:\/\/gastronova.eu\/cs\/wp-json\/wp\/v2\/types\/product"}],"replies":[{"embeddable":true,"href":"https:\/\/gastronova.eu\/cs\/wp-json\/wp\/v2\/comments?post=35577"}],"version-history":[{"count":0,"href":"https:\/\/gastronova.eu\/cs\/wp-json\/wp\/v2\/product\/35577\/revisions"}],"wp:featuredmedia":[{"embeddable":true,"href":"https:\/\/gastronova.eu\/cs\/wp-json\/wp\/v2\/media\/29211"}],"wp:attachment":[{"href":"https:\/\/gastronova.eu\/cs\/wp-json\/wp\/v2\/media?parent=35577"}],"wp:term":[{"taxonomy":"product_brand","embeddable":true,"href":"https:\/\/gastronova.eu\/cs\/wp-json\/wp\/v2\/product_brand?post=35577"},{"taxonomy":"product_cat","embeddable":true,"href":"https:\/\/gastronova.eu\/cs\/wp-json\/wp\/v2\/product_cat?post=35577"},{"taxonomy":"product_tag","embeddable":true,"href":"https:\/\/gastronova.eu\/cs\/wp-json\/wp\/v2\/product_tag?post=35577"}],"curies":[{"name":"wp","href":"https:\/\/api.w.org\/{rel}","templated":true}]}}