{"id":35630,"date":"2025-05-15T09:19:36","date_gmt":"2025-05-15T07:19:36","guid":{"rendered":"https:\/\/gastronova.eu\/produkt\/kompaktni-3\/"},"modified":"2026-02-10T14:59:02","modified_gmt":"2026-02-10T13:59:02","slug":"kompaktni-3","status":"publish","type":"product","link":"https:\/\/gastronova.eu\/cs\/produkt\/kompaktni-3\/","title":{"rendered":"Kompaktn\u00ed"},"content":{"rendered":"","protected":false},"excerpt":{"rendered":"<p><span style=\"font-weight: 400;\">Airstream Compact je dokonalou kombinac\u00ed ikonick\u00e9ho designu a praktick\u00e9 kompaktnosti. Tento p\u0159\u00edv\u011bs z nerezov\u00e9 oceli typu 304 je vizu\u00e1ln\u011b nep\u0159ehl\u00e9dnuteln\u00fd &#8211; zaoblen\u00fd retro tvar evokuje americk\u00fd styl, kter\u00fd si z\u00e1kazn\u00edci okam\u017eit\u011b zapamatuj\u00ed. Pr\u00e9miov\u00e9 materi\u00e1ly, 5cm izolace a kvalitn\u00ed zpracov\u00e1n\u00ed \u010din\u00ed z tohoto modelu vynikaj\u00edc\u00ed volbu pro podnikatele, kte\u0159\u00ed cht\u011bj\u00ed zaujmout na prvn\u00ed pohled.  <\/span><\/p>\n<p><span style=\"font-weight: 400;\">Kompaktn\u00ed velikost za\u0159\u00edzen\u00ed Compact je ide\u00e1ln\u00ed pro men\u0161\u00ed gastro koncepty, jako jsou nap\u0159. <\/span><b>kav\u00e1rna, bar, zmrzlin\u00e1rna, prosecco truck.<\/b><span style=\"font-weight: 400;\">  nebo propaga\u010dn\u00ed st\u00e1nky. Snadn\u011bji se p\u0159epravuje, zab\u00edr\u00e1 m\u00e9n\u011b m\u00edsta a je vhodn\u00fd i tam, kde je omezen\u00fd prostor. <\/span><\/p>\n<p><span style=\"font-weight: 400;\">Pokud hled\u00e1te vizu\u00e1ln\u011b vynikaj\u00edc\u00ed \u0159e\u0161en\u00ed v mal\u00e9m balen\u00ed, je Airstream Compact p\u0159esn\u011b to, co pot\u0159ebujete.<\/span><\/p>\n","protected":false},"featured_media":33807,"comment_status":"open","ping_status":"closed","template":"","meta":[],"product_brand":[],"product_cat":[502,20],"product_tag":[],"class_list":{"0":"post-35630","1":"product","2":"type-product","3":"status-publish","4":"has-post-thumbnail","6":"product_cat-airstream-cs","7":"product_cat-trucks","9":"first","10":"instock","11":"sold-individually","12":"shipping-taxable","13":"purchasable","14":"product-type-variable","15":"has-default-attributes"},"_links":{"self":[{"href":"https:\/\/gastronova.eu\/cs\/wp-json\/wp\/v2\/product\/35630","targetHints":{"allow":["GET"]}}],"collection":[{"href":"https:\/\/gastronova.eu\/cs\/wp-json\/wp\/v2\/product"}],"about":[{"href":"https:\/\/gastronova.eu\/cs\/wp-json\/wp\/v2\/types\/product"}],"replies":[{"embeddable":true,"href":"https:\/\/gastronova.eu\/cs\/wp-json\/wp\/v2\/comments?post=35630"}],"version-history":[{"count":1,"href":"https:\/\/gastronova.eu\/cs\/wp-json\/wp\/v2\/product\/35630\/revisions"}],"predecessor-version":[{"id":40468,"href":"https:\/\/gastronova.eu\/cs\/wp-json\/wp\/v2\/product\/35630\/revisions\/40468"}],"wp:featuredmedia":[{"embeddable":true,"href":"https:\/\/gastronova.eu\/cs\/wp-json\/wp\/v2\/media\/33807"}],"wp:attachment":[{"href":"https:\/\/gastronova.eu\/cs\/wp-json\/wp\/v2\/media?parent=35630"}],"wp:term":[{"taxonomy":"product_brand","embeddable":true,"href":"https:\/\/gastronova.eu\/cs\/wp-json\/wp\/v2\/product_brand?post=35630"},{"taxonomy":"product_cat","embeddable":true,"href":"https:\/\/gastronova.eu\/cs\/wp-json\/wp\/v2\/product_cat?post=35630"},{"taxonomy":"product_tag","embeddable":true,"href":"https:\/\/gastronova.eu\/cs\/wp-json\/wp\/v2\/product_tag?post=35630"}],"curies":[{"name":"wp","href":"https:\/\/api.w.org\/{rel}","templated":true}]}}