{"id":35672,"date":"2025-05-16T17:05:56","date_gmt":"2025-05-16T15:05:56","guid":{"rendered":"https:\/\/gastronova.eu\/produkt\/ultra-2\/"},"modified":"2025-05-16T17:05:56","modified_gmt":"2025-05-16T15:05:56","slug":"ultra-2","status":"publish","type":"product","link":"https:\/\/gastronova.eu\/cs\/produkt\/ultra-2\/","title":{"rendered":"Ultra"},"content":{"rendered":"","protected":false},"excerpt":{"rendered":"<p><span style=\"font-weight: 400;\">Airstream Ultra je nejv\u011bt\u0161\u00ed a nejpresti\u017en\u011bj\u0161\u00ed model v na\u0161\u00ed nab\u00eddce. Je stvo\u0159en pro ty, kte\u0159\u00ed cht\u011bj\u00ed jet naplno &#8211; a\u0165 u\u017e je to   <\/span><b>plnohodnotn\u00e9 restaurace, rozs\u00e1hl\u00e9 pouli\u010dn\u00ed prodejny nebo pr\u00e9miov\u00e9 propaga\u010dn\u00ed projekty.<\/b><span style=\"font-weight: 400;\">.<\/span><\/p>\n<p><span style=\"font-weight: 400;\">D\u00edky robustn\u00ed ocelov\u00e9 konstrukci, 5 cm izolaci a designu, kter\u00fd nez\u016fstane bez pov\u0161imnut\u00ed, p\u0159edstavuje Airstream Ultra absolutn\u00ed vrchol mobiln\u00ed gastronomie. D\u00edky sv\u00e9mu obrovsk\u00e9mu prostoru je ide\u00e1ln\u00ed pro t\u00fdmy o v\u00edce lidech, r\u016fznorod\u00e9 gastronomick\u00e9 vybaven\u00ed a vysok\u00fd denn\u00ed obrat. <\/span><\/p>\n<p><span style=\"font-weight: 400;\">Tento model je ur\u010den pro ambici\u00f3zn\u00ed podnikatele, kte\u0159\u00ed cht\u011bj\u00ed dominovat na jak\u00e9koli akci, festivalu nebo v b\u011b\u017en\u00e9m provozu.<\/span><\/p>\n","protected":false},"featured_media":33815,"comment_status":"open","ping_status":"closed","template":"","meta":[],"product_brand":[],"product_cat":[502,20],"product_tag":[],"class_list":{"0":"post-35672","1":"product","2":"type-product","3":"status-publish","4":"has-post-thumbnail","6":"product_cat-airstream-cs","7":"product_cat-trucks","9":"first","10":"instock","11":"sold-individually","12":"shipping-taxable","13":"purchasable","14":"product-type-variable","15":"has-default-attributes"},"_links":{"self":[{"href":"https:\/\/gastronova.eu\/cs\/wp-json\/wp\/v2\/product\/35672","targetHints":{"allow":["GET"]}}],"collection":[{"href":"https:\/\/gastronova.eu\/cs\/wp-json\/wp\/v2\/product"}],"about":[{"href":"https:\/\/gastronova.eu\/cs\/wp-json\/wp\/v2\/types\/product"}],"replies":[{"embeddable":true,"href":"https:\/\/gastronova.eu\/cs\/wp-json\/wp\/v2\/comments?post=35672"}],"version-history":[{"count":0,"href":"https:\/\/gastronova.eu\/cs\/wp-json\/wp\/v2\/product\/35672\/revisions"}],"wp:featuredmedia":[{"embeddable":true,"href":"https:\/\/gastronova.eu\/cs\/wp-json\/wp\/v2\/media\/33815"}],"wp:attachment":[{"href":"https:\/\/gastronova.eu\/cs\/wp-json\/wp\/v2\/media?parent=35672"}],"wp:term":[{"taxonomy":"product_brand","embeddable":true,"href":"https:\/\/gastronova.eu\/cs\/wp-json\/wp\/v2\/product_brand?post=35672"},{"taxonomy":"product_cat","embeddable":true,"href":"https:\/\/gastronova.eu\/cs\/wp-json\/wp\/v2\/product_cat?post=35672"},{"taxonomy":"product_tag","embeddable":true,"href":"https:\/\/gastronova.eu\/cs\/wp-json\/wp\/v2\/product_tag?post=35672"}],"curies":[{"name":"wp","href":"https:\/\/api.w.org\/{rel}","templated":true}]}}