{"id":35703,"date":"2025-05-16T17:05:40","date_gmt":"2025-05-16T15:05:40","guid":{"rendered":"https:\/\/gastronova.eu\/produkt\/stredni-3\/"},"modified":"2025-05-16T17:05:40","modified_gmt":"2025-05-16T15:05:40","slug":"stredni-3","status":"publish","type":"product","link":"https:\/\/gastronova.eu\/cs\/produkt\/stredni-3\/","title":{"rendered":"St\u0159edn\u00ed"},"content":{"rendered":"","protected":false},"excerpt":{"rendered":"<p><span style=\"font-weight: 400;\">Airstream Medium nab\u00edz\u00ed ikonick\u00fd vzhled a osobit\u00fd prostorov\u00fd komfort v jednom. Je vyroben z nerezov\u00e9 oceli typu 304 a vyzna\u010duje se vynikaj\u00edc\u00ed izolac\u00ed i prvot\u0159\u00eddn\u00edm zpracov\u00e1n\u00edm. Tento model je st\u0159edn\u00ed verz\u00ed na\u0161eho typu Airstream &#8211; kombinuje elegantn\u00ed vzhled s funk\u010dn\u00edm prostorem pro efektivn\u00ed provoz.  <\/span><\/p>\n<p><span style=\"font-weight: 400;\">Model Medium je ide\u00e1ln\u00ed pro <\/span><b>pouli\u010dn\u00ed ob\u010derstven\u00ed, bistra, kav\u00e1rny nebo men\u0161\u00ed restaurace.<\/b><span style=\"font-weight: 400;\">kter\u00e9 pot\u0159ebuj\u00ed obslou\u017eit v\u00edce z\u00e1kazn\u00edk\u016f, ale p\u0159itom si cht\u011bj\u00ed zachovat mobilitu a snadnou p\u0159epravu. Nab\u00edz\u00ed v\u00edce prostoru pro zam\u011bstnance, z\u00e1soby a vybaven\u00ed, \u010d\u00edm\u017e zvy\u0161uje efektivitu a prodejn\u00ed kapacitu. <\/span><\/p>\n<p><span style=\"font-weight: 400;\">Airstream Medium je dokonal\u00fdm kompromisem mezi velikost\u00ed, v\u00fdkonem a stylem.<\/span><\/p>\n","protected":false},"featured_media":33811,"comment_status":"open","ping_status":"closed","template":"","meta":[],"product_brand":[],"product_cat":[502,20],"product_tag":[],"class_list":{"0":"post-35703","1":"product","2":"type-product","3":"status-publish","4":"has-post-thumbnail","6":"product_cat-airstream-cs","7":"product_cat-trucks","9":"first","10":"instock","11":"sold-individually","12":"shipping-taxable","13":"purchasable","14":"product-type-variable","15":"has-default-attributes"},"_links":{"self":[{"href":"https:\/\/gastronova.eu\/cs\/wp-json\/wp\/v2\/product\/35703","targetHints":{"allow":["GET"]}}],"collection":[{"href":"https:\/\/gastronova.eu\/cs\/wp-json\/wp\/v2\/product"}],"about":[{"href":"https:\/\/gastronova.eu\/cs\/wp-json\/wp\/v2\/types\/product"}],"replies":[{"embeddable":true,"href":"https:\/\/gastronova.eu\/cs\/wp-json\/wp\/v2\/comments?post=35703"}],"version-history":[{"count":0,"href":"https:\/\/gastronova.eu\/cs\/wp-json\/wp\/v2\/product\/35703\/revisions"}],"wp:featuredmedia":[{"embeddable":true,"href":"https:\/\/gastronova.eu\/cs\/wp-json\/wp\/v2\/media\/33811"}],"wp:attachment":[{"href":"https:\/\/gastronova.eu\/cs\/wp-json\/wp\/v2\/media?parent=35703"}],"wp:term":[{"taxonomy":"product_brand","embeddable":true,"href":"https:\/\/gastronova.eu\/cs\/wp-json\/wp\/v2\/product_brand?post=35703"},{"taxonomy":"product_cat","embeddable":true,"href":"https:\/\/gastronova.eu\/cs\/wp-json\/wp\/v2\/product_cat?post=35703"},{"taxonomy":"product_tag","embeddable":true,"href":"https:\/\/gastronova.eu\/cs\/wp-json\/wp\/v2\/product_tag?post=35703"}],"curies":[{"name":"wp","href":"https:\/\/api.w.org\/{rel}","templated":true}]}}