{"id":35779,"date":"2025-05-21T10:41:04","date_gmt":"2025-05-21T08:41:04","guid":{"rendered":"https:\/\/gastronova.eu\/produkt\/umyvadlo-velke\/"},"modified":"2025-05-21T10:41:04","modified_gmt":"2025-05-21T08:41:04","slug":"umyvadlo-velke","status":"publish","type":"product","link":"https:\/\/gastronova.eu\/cs\/produkt\/umyvadlo-velke\/","title":{"rendered":"Umyvadlo (velk\u00e9)"},"content":{"rendered":"<p>Velikost: 500 x 400 x 190 mm<\/p>\n<p>Materi\u00e1l: Materi\u00e1l: nerezov\u00e1 ocel 304<\/p>\n","protected":false},"excerpt":{"rendered":"<p>Velikost: 500 x 400 x 190 mm Materi\u00e1l: Materi\u00e1l: nerezov\u00e1 ocel 304<\/p>\n","protected":false},"featured_media":30357,"comment_status":"open","ping_status":"closed","template":"","meta":[],"product_brand":[],"product_cat":[257,554],"product_tag":[],"class_list":{"0":"post-35779","1":"product","2":"type-product","3":"status-publish","4":"has-post-thumbnail","6":"product_cat-prislusenstvi-pro-privesy","7":"product_cat-umyvadla-cs","9":"first","10":"instock","11":"sold-individually","12":"shipping-taxable","13":"purchasable","14":"product-type-simple"},"_links":{"self":[{"href":"https:\/\/gastronova.eu\/cs\/wp-json\/wp\/v2\/product\/35779","targetHints":{"allow":["GET"]}}],"collection":[{"href":"https:\/\/gastronova.eu\/cs\/wp-json\/wp\/v2\/product"}],"about":[{"href":"https:\/\/gastronova.eu\/cs\/wp-json\/wp\/v2\/types\/product"}],"replies":[{"embeddable":true,"href":"https:\/\/gastronova.eu\/cs\/wp-json\/wp\/v2\/comments?post=35779"}],"version-history":[{"count":0,"href":"https:\/\/gastronova.eu\/cs\/wp-json\/wp\/v2\/product\/35779\/revisions"}],"wp:featuredmedia":[{"embeddable":true,"href":"https:\/\/gastronova.eu\/cs\/wp-json\/wp\/v2\/media\/30357"}],"wp:attachment":[{"href":"https:\/\/gastronova.eu\/cs\/wp-json\/wp\/v2\/media?parent=35779"}],"wp:term":[{"taxonomy":"product_brand","embeddable":true,"href":"https:\/\/gastronova.eu\/cs\/wp-json\/wp\/v2\/product_brand?post=35779"},{"taxonomy":"product_cat","embeddable":true,"href":"https:\/\/gastronova.eu\/cs\/wp-json\/wp\/v2\/product_cat?post=35779"},{"taxonomy":"product_tag","embeddable":true,"href":"https:\/\/gastronova.eu\/cs\/wp-json\/wp\/v2\/product_tag?post=35779"}],"curies":[{"name":"wp","href":"https:\/\/api.w.org\/{rel}","templated":true}]}}