{"id":35792,"date":"2025-05-21T10:55:45","date_gmt":"2025-05-21T08:55:45","guid":{"rendered":"https:\/\/gastronova.eu\/produkt\/kulaty-dvojity-drez\/"},"modified":"2025-05-21T10:55:45","modified_gmt":"2025-05-21T08:55:45","slug":"kulaty-dvojity-drez","status":"publish","type":"product","link":"https:\/\/gastronova.eu\/cs\/produkt\/kulaty-dvojity-drez\/","title":{"rendered":"Kulat\u00fd dvojit\u00fd d\u0159ez"},"content":{"rendered":"<p>Velikost: 860 x 420 x 220 mm<\/p>\n<p>Materi\u00e1l: Materi\u00e1l: nerezov\u00e1 ocel 304<\/p>\n","protected":false},"excerpt":{"rendered":"<p>Velikost: 860 x 420 x 220 mm Materi\u00e1l: Materi\u00e1l: nerezov\u00e1 ocel 304<\/p>\n","protected":false},"featured_media":30377,"comment_status":"open","ping_status":"closed","template":"","meta":[],"product_brand":[],"product_cat":[257,554],"product_tag":[],"class_list":{"0":"post-35792","1":"product","2":"type-product","3":"status-publish","4":"has-post-thumbnail","6":"product_cat-prislusenstvi-pro-privesy","7":"product_cat-umyvadla-cs","9":"first","10":"instock","11":"sold-individually","12":"shipping-taxable","13":"purchasable","14":"product-type-simple"},"_links":{"self":[{"href":"https:\/\/gastronova.eu\/cs\/wp-json\/wp\/v2\/product\/35792","targetHints":{"allow":["GET"]}}],"collection":[{"href":"https:\/\/gastronova.eu\/cs\/wp-json\/wp\/v2\/product"}],"about":[{"href":"https:\/\/gastronova.eu\/cs\/wp-json\/wp\/v2\/types\/product"}],"replies":[{"embeddable":true,"href":"https:\/\/gastronova.eu\/cs\/wp-json\/wp\/v2\/comments?post=35792"}],"version-history":[{"count":0,"href":"https:\/\/gastronova.eu\/cs\/wp-json\/wp\/v2\/product\/35792\/revisions"}],"wp:featuredmedia":[{"embeddable":true,"href":"https:\/\/gastronova.eu\/cs\/wp-json\/wp\/v2\/media\/30377"}],"wp:attachment":[{"href":"https:\/\/gastronova.eu\/cs\/wp-json\/wp\/v2\/media?parent=35792"}],"wp:term":[{"taxonomy":"product_brand","embeddable":true,"href":"https:\/\/gastronova.eu\/cs\/wp-json\/wp\/v2\/product_brand?post=35792"},{"taxonomy":"product_cat","embeddable":true,"href":"https:\/\/gastronova.eu\/cs\/wp-json\/wp\/v2\/product_cat?post=35792"},{"taxonomy":"product_tag","embeddable":true,"href":"https:\/\/gastronova.eu\/cs\/wp-json\/wp\/v2\/product_tag?post=35792"}],"curies":[{"name":"wp","href":"https:\/\/api.w.org\/{rel}","templated":true}]}}