{"id":35797,"date":"2025-05-21T11:01:17","date_gmt":"2025-05-21T09:01:17","guid":{"rendered":"https:\/\/gastronova.eu\/produkt\/ohrivac-vody\/"},"modified":"2025-05-21T11:01:17","modified_gmt":"2025-05-21T09:01:17","slug":"ohrivac-vody","status":"publish","type":"product","link":"https:\/\/gastronova.eu\/cs\/produkt\/ohrivac-vody\/","title":{"rendered":"Oh\u0159\u00edva\u010d vody"},"content":{"rendered":"<p>Rozm\u011bry: 247 x 250 x 330 mm<\/p>\n<p>V\u00fdkon: 2,2 kW<\/p>\n<p>Objem: 6 l<\/p>\n","protected":false},"excerpt":{"rendered":"<p>Rozm\u011bry: 247 x 250 x 330 mm V\u00fdkon: 2,2 kW Objem: 6 l<\/p>\n","protected":false},"featured_media":28790,"comment_status":"open","ping_status":"closed","template":"","meta":[],"product_brand":[],"product_cat":[257,258],"product_tag":[],"class_list":{"0":"post-35797","1":"product","2":"type-product","3":"status-publish","4":"has-post-thumbnail","6":"product_cat-prislusenstvi-pro-privesy","7":"product_cat-dodatecne-vybaveni","9":"first","10":"instock","11":"sold-individually","12":"shipping-taxable","13":"purchasable","14":"product-type-simple"},"_links":{"self":[{"href":"https:\/\/gastronova.eu\/cs\/wp-json\/wp\/v2\/product\/35797","targetHints":{"allow":["GET"]}}],"collection":[{"href":"https:\/\/gastronova.eu\/cs\/wp-json\/wp\/v2\/product"}],"about":[{"href":"https:\/\/gastronova.eu\/cs\/wp-json\/wp\/v2\/types\/product"}],"replies":[{"embeddable":true,"href":"https:\/\/gastronova.eu\/cs\/wp-json\/wp\/v2\/comments?post=35797"}],"version-history":[{"count":0,"href":"https:\/\/gastronova.eu\/cs\/wp-json\/wp\/v2\/product\/35797\/revisions"}],"wp:featuredmedia":[{"embeddable":true,"href":"https:\/\/gastronova.eu\/cs\/wp-json\/wp\/v2\/media\/28790"}],"wp:attachment":[{"href":"https:\/\/gastronova.eu\/cs\/wp-json\/wp\/v2\/media?parent=35797"}],"wp:term":[{"taxonomy":"product_brand","embeddable":true,"href":"https:\/\/gastronova.eu\/cs\/wp-json\/wp\/v2\/product_brand?post=35797"},{"taxonomy":"product_cat","embeddable":true,"href":"https:\/\/gastronova.eu\/cs\/wp-json\/wp\/v2\/product_cat?post=35797"},{"taxonomy":"product_tag","embeddable":true,"href":"https:\/\/gastronova.eu\/cs\/wp-json\/wp\/v2\/product_tag?post=35797"}],"curies":[{"name":"wp","href":"https:\/\/api.w.org\/{rel}","templated":true}]}}