{"id":35805,"date":"2025-05-21T11:04:38","date_gmt":"2025-05-21T09:04:38","guid":{"rendered":"https:\/\/gastronova.eu\/produkt\/pridavna-zasuvka\/"},"modified":"2025-05-21T11:04:38","modified_gmt":"2025-05-21T09:04:38","slug":"pridavna-zasuvka","status":"publish","type":"product","link":"https:\/\/gastronova.eu\/cs\/produkt\/pridavna-zasuvka\/","title":{"rendered":"P\u0159\u00eddavn\u00e1 z\u00e1suvka"},"content":{"rendered":"<p>D\u00e9lka: 340 &#8211; 400 mm<\/p>\n<p>Materi\u00e1l: Materi\u00e1l: nerezov\u00e1 ocel 304<\/p>\n","protected":false},"excerpt":{"rendered":"<p>D\u00e9lka: 340 &#8211; 400 mm Materi\u00e1l: Materi\u00e1l: nerezov\u00e1 ocel 304<\/p>\n","protected":false},"featured_media":30378,"comment_status":"open","ping_status":"closed","template":"","meta":[],"product_brand":[],"product_cat":[257,462],"product_tag":[],"class_list":{"0":"post-35805","1":"product","2":"type-product","3":"status-publish","4":"has-post-thumbnail","6":"product_cat-prislusenstvi-pro-privesy","7":"product_cat-skrinky-a-pulty-cs","9":"first","10":"instock","11":"sold-individually","12":"shipping-taxable","13":"purchasable","14":"product-type-simple"},"_links":{"self":[{"href":"https:\/\/gastronova.eu\/cs\/wp-json\/wp\/v2\/product\/35805","targetHints":{"allow":["GET"]}}],"collection":[{"href":"https:\/\/gastronova.eu\/cs\/wp-json\/wp\/v2\/product"}],"about":[{"href":"https:\/\/gastronova.eu\/cs\/wp-json\/wp\/v2\/types\/product"}],"replies":[{"embeddable":true,"href":"https:\/\/gastronova.eu\/cs\/wp-json\/wp\/v2\/comments?post=35805"}],"version-history":[{"count":0,"href":"https:\/\/gastronova.eu\/cs\/wp-json\/wp\/v2\/product\/35805\/revisions"}],"wp:featuredmedia":[{"embeddable":true,"href":"https:\/\/gastronova.eu\/cs\/wp-json\/wp\/v2\/media\/30378"}],"wp:attachment":[{"href":"https:\/\/gastronova.eu\/cs\/wp-json\/wp\/v2\/media?parent=35805"}],"wp:term":[{"taxonomy":"product_brand","embeddable":true,"href":"https:\/\/gastronova.eu\/cs\/wp-json\/wp\/v2\/product_brand?post=35805"},{"taxonomy":"product_cat","embeddable":true,"href":"https:\/\/gastronova.eu\/cs\/wp-json\/wp\/v2\/product_cat?post=35805"},{"taxonomy":"product_tag","embeddable":true,"href":"https:\/\/gastronova.eu\/cs\/wp-json\/wp\/v2\/product_tag?post=35805"}],"curies":[{"name":"wp","href":"https:\/\/api.w.org\/{rel}","templated":true}]}}