{"id":35818,"date":"2025-05-21T11:19:33","date_gmt":"2025-05-21T09:19:33","guid":{"rendered":"https:\/\/gastronova.eu\/produkt\/venkovni-osvetleni-led\/"},"modified":"2025-05-21T11:19:33","modified_gmt":"2025-05-21T09:19:33","slug":"venkovni-osvetleni-led","status":"publish","type":"product","link":"https:\/\/gastronova.eu\/cs\/produkt\/venkovni-osvetleni-led\/","title":{"rendered":"Venkovn\u00ed osv\u011btlen\u00ed LED"},"content":{"rendered":"<p>Rozm\u011bry: 230 a\u017e 1 180 cm<\/p>\n<p>Barva sv\u011btla: Tepl\u00e1 b\u00edl\u00e1, studen\u00e1 b\u00edl\u00e1, RGB<\/p>\n","protected":false},"excerpt":{"rendered":"<p>Rozm\u011bry: 230 a\u017e 1 180 cm Barva sv\u011btla: Tepl\u00e1 b\u00edl\u00e1, studen\u00e1 b\u00edl\u00e1, RGB<\/p>\n","protected":false},"featured_media":28839,"comment_status":"open","ping_status":"closed","template":"","meta":[],"product_brand":[],"product_cat":[257,557],"product_tag":[],"class_list":{"0":"post-35818","1":"product","2":"type-product","3":"status-publish","4":"has-post-thumbnail","6":"product_cat-prislusenstvi-pro-privesy","7":"product_cat-svitidla-a-osvetleni","9":"first","10":"instock","11":"sold-individually","12":"shipping-taxable","13":"purchasable","14":"product-type-simple"},"_links":{"self":[{"href":"https:\/\/gastronova.eu\/cs\/wp-json\/wp\/v2\/product\/35818","targetHints":{"allow":["GET"]}}],"collection":[{"href":"https:\/\/gastronova.eu\/cs\/wp-json\/wp\/v2\/product"}],"about":[{"href":"https:\/\/gastronova.eu\/cs\/wp-json\/wp\/v2\/types\/product"}],"replies":[{"embeddable":true,"href":"https:\/\/gastronova.eu\/cs\/wp-json\/wp\/v2\/comments?post=35818"}],"version-history":[{"count":0,"href":"https:\/\/gastronova.eu\/cs\/wp-json\/wp\/v2\/product\/35818\/revisions"}],"wp:featuredmedia":[{"embeddable":true,"href":"https:\/\/gastronova.eu\/cs\/wp-json\/wp\/v2\/media\/28839"}],"wp:attachment":[{"href":"https:\/\/gastronova.eu\/cs\/wp-json\/wp\/v2\/media?parent=35818"}],"wp:term":[{"taxonomy":"product_brand","embeddable":true,"href":"https:\/\/gastronova.eu\/cs\/wp-json\/wp\/v2\/product_brand?post=35818"},{"taxonomy":"product_cat","embeddable":true,"href":"https:\/\/gastronova.eu\/cs\/wp-json\/wp\/v2\/product_cat?post=35818"},{"taxonomy":"product_tag","embeddable":true,"href":"https:\/\/gastronova.eu\/cs\/wp-json\/wp\/v2\/product_tag?post=35818"}],"curies":[{"name":"wp","href":"https:\/\/api.w.org\/{rel}","templated":true}]}}