{"id":35824,"date":"2025-05-21T11:24:53","date_gmt":"2025-05-21T09:24:53","guid":{"rendered":"https:\/\/gastronova.eu\/produkt\/osvetleni-vydejniho-okenka\/"},"modified":"2025-05-21T11:24:53","modified_gmt":"2025-05-21T09:24:53","slug":"osvetleni-vydejniho-okenka","status":"publish","type":"product","link":"https:\/\/gastronova.eu\/cs\/produkt\/osvetleni-vydejniho-okenka\/","title":{"rendered":"Osv\u011btlen\u00ed v\u00fddejn\u00edho ok\u00e9nka"},"content":{"rendered":"<p>Barva sv\u011btla: Tepl\u00e1 b\u00edl\u00e1, studen\u00e1 b\u00edl\u00e1, RGB<\/p>\n","protected":false},"excerpt":{"rendered":"<p>Barva sv\u011btla: Tepl\u00e1 b\u00edl\u00e1, studen\u00e1 b\u00edl\u00e1, RGB<\/p>\n","protected":false},"featured_media":28843,"comment_status":"open","ping_status":"closed","template":"","meta":[],"product_brand":[],"product_cat":[257,557],"product_tag":[],"class_list":{"0":"post-35824","1":"product","2":"type-product","3":"status-publish","4":"has-post-thumbnail","6":"product_cat-prislusenstvi-pro-privesy","7":"product_cat-svitidla-a-osvetleni","9":"first","10":"instock","11":"sold-individually","12":"shipping-taxable","13":"purchasable","14":"product-type-simple"},"_links":{"self":[{"href":"https:\/\/gastronova.eu\/cs\/wp-json\/wp\/v2\/product\/35824","targetHints":{"allow":["GET"]}}],"collection":[{"href":"https:\/\/gastronova.eu\/cs\/wp-json\/wp\/v2\/product"}],"about":[{"href":"https:\/\/gastronova.eu\/cs\/wp-json\/wp\/v2\/types\/product"}],"replies":[{"embeddable":true,"href":"https:\/\/gastronova.eu\/cs\/wp-json\/wp\/v2\/comments?post=35824"}],"version-history":[{"count":0,"href":"https:\/\/gastronova.eu\/cs\/wp-json\/wp\/v2\/product\/35824\/revisions"}],"wp:featuredmedia":[{"embeddable":true,"href":"https:\/\/gastronova.eu\/cs\/wp-json\/wp\/v2\/media\/28843"}],"wp:attachment":[{"href":"https:\/\/gastronova.eu\/cs\/wp-json\/wp\/v2\/media?parent=35824"}],"wp:term":[{"taxonomy":"product_brand","embeddable":true,"href":"https:\/\/gastronova.eu\/cs\/wp-json\/wp\/v2\/product_brand?post=35824"},{"taxonomy":"product_cat","embeddable":true,"href":"https:\/\/gastronova.eu\/cs\/wp-json\/wp\/v2\/product_cat?post=35824"},{"taxonomy":"product_tag","embeddable":true,"href":"https:\/\/gastronova.eu\/cs\/wp-json\/wp\/v2\/product_tag?post=35824"}],"curies":[{"name":"wp","href":"https:\/\/api.w.org\/{rel}","templated":true}]}}